
{"id":3516,"date":"2022-02-08T18:50:55","date_gmt":"2022-02-08T18:50:55","guid":{"rendered":"http:\/\/localhost\/planasa.com\/privacy-policy\/"},"modified":"2024-03-01T11:54:13","modified_gmt":"2024-03-01T11:54:13","slug":"privacy-policy","status":"publish","type":"page","link":"https:\/\/planasa.com\/de\/privacy-policy\/","title":{"rendered":"PRIVACY POLICY"},"content":{"rendered":"[vc_row type=&#8220;in_container&#8220; full_screen_row_position=&#8220;middle&#8220; column_margin=&#8220;default&#8220; column_direction=&#8220;default&#8220; column_direction_tablet=&#8220;default&#8220; column_direction_phone=&#8220;default&#8220; scene_position=&#8220;center&#8220; text_color=&#8220;dark&#8220; text_align=&#8220;left&#8220; row_border_radius=&#8220;none&#8220; row_border_radius_applies=&#8220;bg&#8220; overflow=&#8220;visible&#8220; class=&#8220;legal-pages&#8220; id=&#8220;legal&#8220; advanced_gradient_angle=&#8220;0&#8243; overlay_strength=&#8220;0.3&#8243; gradient_direction=&#8220;left_to_right&#8220; shape_divider_position=&#8220;bottom&#8220; bg_image_animation=&#8220;none&#8220; gradient_type=&#8220;default&#8220; shape_type=&#8220;&#8220;][vc_column column_padding=&#8220;no-extra-padding&#8220; column_padding_tablet=&#8220;inherit&#8220; column_padding_phone=&#8220;inherit&#8220; column_padding_position=&#8220;all&#8220; column_element_spacing=&#8220;default&#8220; background_color_opacity=&#8220;1&#8243; background_hover_color_opacity=&#8220;1&#8243; column_shadow=&#8220;none&#8220; column_border_radius=&#8220;none&#8220; column_link_target=&#8220;_self&#8220; column_position=&#8220;default&#8220; gradient_direction=&#8220;left_to_right&#8220; overlay_strength=&#8220;0.3&#8243; width=&#8220;1\/1&#8243; tablet_width_inherit=&#8220;default&#8220; tablet_text_alignment=&#8220;default&#8220; phone_text_alignment=&#8220;default&#8220; animation_type=&#8220;default&#8220; bg_image_animation=&#8220;none&#8220; border_type=&#8220;simple&#8220; column_border_width=&#8220;none&#8220; column_border_style=&#8220;solid&#8220;][vc_column_text]\n<h1>PRIVATSPH\u00c4RE<br \/>\nPOLITIK<\/h1>\n<p>Bestimmte Navigationsdaten bez\u00fcglich der IP-Adresse jedes Benutzers werden t\u00e4glich in den Protokolldateien unserer Server gespeichert. Insbesondere die IP-Adresse selbst, der verwendete Browser, die Bildschirmaufl\u00f6sung, die Sprache, das Betriebssystem und die verweisende Seite (einschlie\u00dflich etwaiger Kriterien, die in ein Suchtool eingegeben wurden), die es uns erm\u00f6glichen, Trends zu analysieren, Links und Inhalte zu verwalten auf der Website und sammeln statistische Informationen \u00fcber das Publikum. Der Nutzer bleibt bei diesem Vorgang anonym und es wird kein Versuch unternommen, die IP-Adresse mit personenbezogenen Daten des Nutzers in Verbindung zu bringen.<\/p>\n<p>In diesem Sinne ist das einfache Surfen im Internet (mit Ausnahme registrierter Benutzer) anonym, ohne dass Anstrengungen unternommen werden, um Besucher zu identifizieren, die auf die Website zugreifen. Wenn Sie \u00fcber diese Website, per Telefon oder E-Mail personenbezogene Daten angeben, informieren wir Sie in jedem Fall dar\u00fcber, dass wir diese Daten gem\u00e4\u00df den geltenden spanischen Rechtsvorschriften zum Schutz personenbezogener Daten und insbesondere gem\u00e4\u00df Verordnung (EU) 2016\/679 des Europ\u00e4ischen Parlaments und des Rates vom 27. April 2016 zum Schutz nat\u00fcrlicher Personen bei der Verarbeitung personenbezogener Daten, zum freien Datenverkehr und zur Aufhebung der Richtlinie 95\/46\/EG (Allgemeines). Datenschutzgrundverordnung).<\/p>\n<h2>Informationen zur Erhebung, Verarbeitung und Speicherung Ihrer Daten<\/h2>\n<p>Die Daten, die Sie Plantas de Navarra, S.A. (PLANASA) zur Verf\u00fcgung stellen, werden in unsere Datenbanken aufgenommen und es werden geeignete und ausreichende Sicherheitsma\u00dfnahmen auf sie angewendet, um ihre Vertraulichkeit und Geheimhaltung zu gew\u00e4hrleisten und ihre \u00c4nderung oder ihren Verlust sowie ihren Zugriff zu verhindern durch Unbefugte.<\/p>\n<p>Alle \u00fcber die Website bereitgestellten Daten werden zur Analyse von Besuchen, Verkehr und Navigation im Internet sowie zur Verwaltung von Kontakten, Anfragen und Informationen durch unser Vertriebsteam verwendet. Eine Weitergabe oder \u00dcbermittlung Ihrer Daten an Dritte erfolgt au\u00dfer in den gesetzlich vorgesehenen F\u00e4llen nicht.<\/p>\n<p>Wenn Sie au\u00dferdem an einer Zusammenarbeit mit uns interessiert sind und uns Ihren Lebenslauf zusenden oder sich \u00fcber unseren Karrierebereich in unserer Stellendatenbank registrieren, informieren wir Sie dar\u00fcber hinaus, dass Ihre Daten in unsere Dateien aufgenommen und f\u00fcr aktuelle oder zuk\u00fcnftige Auswahlverfahren verwendet werden. Diese Daten k\u00f6nnen an Konzernunternehmen (weitere Informationen finden Sie unter \u201e\u00dcber uns\u201c) weitergegeben werden, immer mit Ihrer vorherigen Zustimmung und f\u00fcr die gleichen Zwecke.<\/p>\n<p>Mit dem Absenden der oben genannten Informationen erm\u00e4chtigt der Nutzer PLANASA ausdr\u00fccklich zur Verarbeitung der Daten zu den angegebenen Zwecken, wobei dies die Rechtsgrundlage f\u00fcr die Verarbeitung darstellt.<\/p>\n<p>Die oben genannten Daten werden bis zum Abschluss der entsprechenden Verfahren oder in jedem Fall f\u00fcr einen Zeitraum von maximal drei Monaten aufbewahrt, mit Ausnahme der Daten, die sich auf Cookies beziehen, die wie in der Cookie-Richtlinie angegeben aufbewahrt werden. Im Falle von Daten, die Sie \u00fcber den Bereich \u201eKarriere\u201c erhalten, werden diese bis zum Abschluss des Auswahlverfahrens, auf das Sie sich konkret beworben haben, gespeichert, bzw. auf unbestimmte Zeit, wenn Sie kein Interesse an einer bestimmten Stelle bekundet haben. Die Aus\u00fcbung Ihrer Rechte in Bezug auf den Datenschutz, wie unten angegeben, bleibt hiervon unber\u00fchrt.<\/p>\n<h2>Rechte der betroffenen Personen<\/h2>\n<p>Benutzer k\u00f6nnen bei PLANASA unter den in diesem rechtlichen Hinweis angegebenen Adressen schriftlich den Zugang zu den personenbezogenen Daten des Interessenten sowie deren Berichtigung oder L\u00f6schung beantragen und ihr Recht auf Einschr\u00e4nkung der Verarbeitung, Widerspruch und \u00dcbertragbarkeit der Daten aus\u00fcben entsprechend den entsprechenden Vorschriften. Sollten Zweifel an Ihrer Identit\u00e4t bestehen, m\u00fcssen Sie uns ausreichende Unterlagen zum Nachweis vorlegen.<\/p>\n<p>Ebenso informieren wir Sie \u00fcber die M\u00f6glichkeit, eine Beschwerde bei der spanischen Datenschutzbeh\u00f6rde einzureichen, falls Sie der Meinung sind, dass Ihre Daten nicht ordnungsgem\u00e4\u00df verarbeitet werden.[\/vc_column_text][\/vc_column][\/vc_row][vc_row type=&#8220;full_width_background&#8220; full_screen_row_position=&#8220;middle&#8220; column_margin=&#8220;none&#8220; column_direction=&#8220;default&#8220; column_direction_tablet=&#8220;default&#8220; column_direction_phone=&#8220;default&#8220; bg_image=&#8220;848&#8243; bg_image_tablet=&#8220;980&#8243; bg_image_phone=&#8220;980&#8243; bg_position=&#8220;center center&#8220; background_image_loading=&#8220;default&#8220; bg_repeat=&#8220;no-repeat&#8220; scene_position=&#8220;center&#8220; top_padding=&#8220;250&#8243; bottom_padding=&#8220;40&#8243; top_margin=&#8220;-50&#8243; text_color=&#8220;dark&#8220; text_align=&#8220;left&#8220; row_border_radius=&#8220;none&#8220; row_border_radius_applies=&#8220;bg&#8220; overflow=&#8220;visible&#8220; id=&#8220;Row_form&#8220; advanced_gradient_angle=&#8220;0&#8243; overlay_strength=&#8220;0.3&#8243; gradient_direction=&#8220;left_to_right&#8220; shape_divider_position=&#8220;bottom&#8220; bg_image_animation=&#8220;none&#8220; gradient_type=&#8220;default&#8220; shape_type=&#8220;&#8220;][vc_column column_padding=&#8220;no-extra-padding&#8220; column_padding_tablet=&#8220;inherit&#8220; column_padding_phone=&#8220;inherit&#8220; column_padding_position=&#8220;all&#8220; column_element_spacing=&#8220;default&#8220; background_color_opacity=&#8220;1&#8243; background_hover_color_opacity=&#8220;1&#8243; column_shadow=&#8220;none&#8220; column_border_radius=&#8220;none&#8220; column_link_target=&#8220;_self&#8220; column_position=&#8220;default&#8220; gradient_direction=&#8220;left_to_right&#8220; overlay_strength=&#8220;0.3&#8243; width=&#8220;1\/1&#8243; tablet_width_inherit=&#8220;default&#8220; tablet_text_alignment=&#8220;default&#8220; phone_text_alignment=&#8220;default&#8220; animation_type=&#8220;default&#8220; bg_image_animation=&#8220;none&#8220; border_type=&#8220;simple&#8220; column_border_width=&#8220;none&#8220; column_border_style=&#8220;solid&#8220;][vc_column_text]\n<p style=\"text-align: center;\"><link rel='stylesheet' id='formidable-css' href='https:\/\/planasa.com\/wp-content\/plugins\/formidable\/css\/formidableforms.css?ver=4201321' type='text\/css' media='all' \/>\n<div class=\"frm_forms  with_frm_style frm_style_estilos-formidable\" id=\"frm_form_29_container\" data-token=\"98427fc8d7cd568946bcc0e3f7b3f75b\">\n<form enctype=\"multipart\/form-data\" method=\"post\" class=\"frm-show-form  frm_ajax_submit  frm_pro_form \" id=\"form_contactuslegal0dd5adb72a\" data-token=\"98427fc8d7cd568946bcc0e3f7b3f75b\">\n<div class=\"frm_form_fields \">\n<fieldset>\n<legend class=\"frm_screen_reader\">Contact Us Legal DE<\/legend>\r\n\r\n<div class=\"frm_fields_container\">\n<input type=\"hidden\" name=\"frm_action\" value=\"create\" \/>\n<input type=\"hidden\" name=\"form_id\" value=\"29\" \/>\n<input type=\"hidden\" name=\"frm_hide_fields_29\" id=\"frm_hide_fields_29\" value=\"\" \/>\n<input type=\"hidden\" name=\"form_key\" value=\"contactuslegal0dd5adb72a\" \/>\n<input type=\"hidden\" name=\"item_meta[0]\" value=\"\" \/>\n<input type=\"hidden\" id=\"frm_submit_entry_29\" name=\"frm_submit_entry_29\" value=\"db4b8d477a\" \/><input type=\"hidden\" name=\"_wp_http_referer\" value=\"\/de\/wp-json\/wp\/v2\/pages\/3516\" \/><div id=\"frm_field_208_container\" class=\"frm_form_field  frm_html_container form-field\">\n<p id=\"H3_Size_rp\">CONTACT US<\/p>\n<\/div>\n<div id=\"frm_field_209_container\" class=\"frm_form_field form-field  frm_required_field frm_none_container frm4 frm_first\">\r\n    <label for=\"field_22give55c6a516c\" id=\"field_22give55c6a516c_label\" class=\"frm_primary_label\">Name\r\n        <span class=\"frm_required\">*<\/span>\r\n    <\/label>\r\n    <input  type=\"text\" id=\"field_22give55c6a516c\" name=\"item_meta[209]\" value=\"\"  maxlength=\"90\" placeholder=\"Name*\" data-reqmsg=\"Bitte geben Sie einen Namen an\" aria-required=\"true\" data-invmsg=\"Text is invalid\" aria-invalid=\"false\"   \/>\r\n    \r\n    \r\n<\/div>\n<div id=\"frm_field_210_container\" class=\"frm_form_field form-field  frm_required_field frm_none_container frm4\">\r\n    <label for=\"field_29yf4d2d45090f61\" id=\"field_29yf4d2d45090f61_label\" class=\"frm_primary_label\">Email\r\n        <span class=\"frm_required\">*<\/span>\r\n    <\/label>\r\n    <input type=\"email\" id=\"field_29yf4d2d45090f61\" name=\"item_meta[210]\" value=\"\"  maxlength=\"90\" placeholder=\"Email*\" data-reqmsg=\"Bitte f\u00fcllen Sie dieses Feld aus\" aria-required=\"true\" data-invmsg=\"Bitte geben Sie eine korrekt formatierte E-Mail-Adresse an\" aria-invalid=\"false\"  \/>\r\n    \r\n    \r\n<\/div>\n<div id=\"frm_field_211_container\" class=\"frm_form_field form-field  frm_none_container frm4\">\r\n    <label for=\"field_zks67e7a04007e6\" id=\"field_zks67e7a04007e6_label\" class=\"frm_primary_label\">Nachricht\r\n        <span class=\"frm_required\"><\/span>\r\n    <\/label>\r\n    <input type=\"tel\" id=\"field_zks67e7a04007e6\" name=\"item_meta[211]\" value=\"\"  maxlength=\"90\" placeholder=\"Nachricht*\" data-invmsg=\"Bitte f\u00fcllen Sie dieses Feld aus\" aria-invalid=\"false\" pattern=\"((\\+\\d{1,3}(-|.| )?\\(?\\d\\)?(-| |.)?\\d{1,5})|(\\(?\\d{2,6}\\)?))(-|.| )?(\\d{3,4})(-|.| )?(\\d{4})(( x| ext)\\d{1,5}){0,1}$\"  \/>\r\n    \r\n    \r\n<\/div>\n<div id=\"frm_field_212_container\" class=\"frm_form_field form-field  frm_required_field frm_none_container frm12 frm_first vertical_radio\">\r\n    <div  id=\"field_ucyn77ed689b81_label\" class=\"frm_primary_label\">Kontrollk\u00e4stchen\r\n        <span class=\"frm_required\">*<\/span>\r\n    <\/div>\r\n    <div class=\"frm_opt_container\" aria-labelledby=\"field_ucyn77ed689b81_label\" role=\"group\">\t\t<div class=\"frm_checkbox\" id=\"frm_checkbox_212-0\">\t\t\t<label  for=\"field_ucyn77ed689b81-0\">\n\t\t\t<input type=\"checkbox\" name=\"item_meta[212][]\" id=\"field_ucyn77ed689b81-0\" value=\"Ich habe die &lt;a href=&quot;\/de\/legal-notice\/&quot;&gt;Nutzungsbedingungen&lt;\/a&gt; und &lt;a href=&quot;\/de\/privacy-policy\/&quot;&gt;Datenschutzbestimmungen&lt;\/a&gt; gelesen und stimme ihnen zu.\"  data-reqmsg=\"Bitte lesen und stimmen Sie den Nutzungsbedingungen und der Datenschutzrichtlinie zu\" data-invmsg=\"Kontrollk\u00e4stchen ist ung\u00fcltig\"   aria-required=\"true\"  \/> Ich habe die <a href=\"\/de\/legal-notice\/\">Nutzungsbedingungen<\/a> und <a href=\"\/de\/privacy-policy\/\">Datenschutzbestimmungen<\/a> gelesen und stimme ihnen zu.<\/label><\/div>\n<\/div>\r\n    \r\n    \r\n<\/div>\n<div id=\"frm_field_213_container\" class=\"frm_form_field form-field  frm_required_field frm_none_container frm12 frm_first vertical_radio\">\r\n    <div  id=\"field_gm5f90ee44cbd2f_label\" class=\"frm_primary_label\">Kontrollk\u00e4stchen\r\n        <span class=\"frm_required\">*<\/span>\r\n    <\/div>\r\n    <div class=\"frm_opt_container\" aria-labelledby=\"field_gm5f90ee44cbd2f_label\" role=\"group\">\t\t<div class=\"frm_checkbox\" id=\"frm_checkbox_213-0\">\t\t\t<label  for=\"field_gm5f90ee44cbd2f-0\">\n\t\t\t<input type=\"checkbox\" name=\"item_meta[213][]\" id=\"field_gm5f90ee44cbd2f-0\" value=\"Ich habe die folgenden Informationen zum Datenschutz gelesen und akzeptiere sie: Plantas de Navarra SA (Planasa) als Datenverantwortlicher informiert Sie dar\u00fcber, dass Ihre Daten zum Zwecke der Verwaltung der internen oder externen Kommunikation des Unternehmens sowie zur Beantwortung von Anfragen erhoben werden oder Anfragen, die \u00fcber die Formulare auf der Website erhalten wurden. Die Rechtsgrundlage f\u00fcr die Behandlung Ihrer Daten ist die Zustimmung des Interessenten bei der Kontaktaufnahme mit unserer Organisation. Ihre Daten werden nicht an Dritte weitergegeben, au\u00dfer gesetzlich vorgeschrieben. Jede Person hat das Recht, Zugang, Berichtigung, L\u00f6schung, Behandlungsbeschr\u00e4nkung, Widerspruch oder das Recht auf \u00dcbertragbarkeit ihrer personenbezogenen Daten zu verlangen, indem sie an unsere auf der Website angegebene physische Adresse schreibt oder eine E-Mail an planasa@planasa.com sendet. Angabe des Rechts, das Sie aus\u00fcben m\u00f6chten. Weitere Informationen erhalten Sie in unserem Impressum.\"  data-reqmsg=\"Bitte lesen und stimmen Sie den Nutzungsbedingungen und der Datenschutzrichtlinie zu\" data-invmsg=\"Kontrollk\u00e4stchen ist ung\u00fcltig\"   aria-required=\"true\"  \/> Ich habe die folgenden Informationen zum Datenschutz gelesen und akzeptiere sie: Plantas de Navarra SA (Planasa) als Datenverantwortlicher informiert Sie dar\u00fcber, dass Ihre Daten zum Zwecke der Verwaltung der internen oder externen Kommunikation des Unternehmens sowie zur Beantwortung von Anfragen erhoben werden oder Anfragen, die \u00fcber die Formulare auf der Website erhalten wurden. Die Rechtsgrundlage f\u00fcr die Behandlung Ihrer Daten ist die Zustimmung des Interessenten bei der Kontaktaufnahme mit unserer Organisation. Ihre Daten werden nicht an Dritte weitergegeben, au\u00dfer gesetzlich vorgeschrieben. Jede Person hat das Recht, Zugang, Berichtigung, L\u00f6schung, Behandlungsbeschr\u00e4nkung, Widerspruch oder das Recht auf \u00dcbertragbarkeit ihrer personenbezogenen Daten zu verlangen, indem sie an unsere auf der Website angegebene physische Adresse schreibt oder eine E-Mail an planasa@planasa.com sendet. Angabe des Rechts, das Sie aus\u00fcben m\u00f6chten. Weitere Informationen erhalten Sie in unserem Impressum.<\/label><\/div>\n<\/div>\r\n    \r\n    \r\n<\/div>\n<div id=\"frm_field_284_container\" class=\"frm_form_field form-field  frm_none_container\">\r\n    <label for=\"g-recaptcha-response\" id=\"field_8ooid_label\" class=\"frm_primary_label\">\r\n        <span class=\"frm_required\" aria-hidden=\"true\"><\/span>\r\n    <\/label>\r\n    <div  id=\"field_8ooid\" class=\"frm-g-recaptcha\" data-sitekey=\"6LcmE6wfAAAAABxULXLHqoQVCRdvZtwnOuYGZkS0\" data-size=\"invisible\" data-theme=\"light\"><\/div>\r\n    \r\n    \r\n<\/div>\n\t<input type=\"hidden\" name=\"item_key\" value=\"\" \/>\n\t\t\t<div id=\"frm_field_390_container\">\n\t\t\t<label for=\"field_f0ocg\" >\n\t\t\t\tFalls Du menschlich bist, lasse dieses Feld leer.\t\t\t<\/label>\n\t\t\t<input  id=\"field_f0ocg\" type=\"text\" class=\"frm_form_field form-field frm_verify\" name=\"item_meta[390]\" value=\"\"  \/>\n\t\t<\/div>\n\t\t<input name=\"frm_state\" type=\"hidden\" value=\"dQWw6f3rmiszXAgKyUWpYsXJZZkqmBg3uoO8Hbq6ceCxFK8xFhkffmZA0jWwq8dw\" \/><div id=\"form_contactuslegal\" class=\"frm_submit\">\r\n\r\n<button class=\"frm_button_submit frm_final_submit\" type=\"submit\"   formnovalidate=\"formnovalidate\">Senden<\/button>\r\n\r\n<\/div><\/div>\n<\/fieldset>\n<\/div>\n<script type=\"text\/javascript\">var input = document.createElement('input');\n    input.setAttribute('type', 'hidden');\n    input.setAttribute('name', 'ct_checkjs_frm');\n    input.setAttribute('value', 'b5ee4f95aa1e8f3693b9fb925cade2adb24602add1808fb6d8798f0fa2ffbbbd');\n    for (i = 0; i < document.forms.length; i++) {\n        if (typeof document.forms[i].id == 'string'){\n\t\t\tif(document.forms[i].id.search('form_contactuslegal0dd5adb72a') != -1) {\n            document.forms[i].appendChild(input);\n\t\t\t}\n        }\n    }<\/script>\n\n<\/form>\n<\/div>\n\n[\/vc_column_text][\/vc_column][\/vc_row]\n","protected":false},"excerpt":{"rendered":"<p>[vc_row type=&#8220;in_container&#8220; full_screen_row_position=&#8220;middle&#8220; column_margin=&#8220;default&#8220; column_direction=&#8220;default&#8220; column_direction_tablet=&#8220;default&#8220; column_direction_phone=&#8220;default&#8220; scene_position=&#8220;center&#8220; text_color=&#8220;dark&#8220; text_align=&#8220;left&#8220; row_border_radius=&#8220;none&#8220; row_border_radius_applies=&#8220;bg&#8220; overflow=&#8220;visible&#8220; class=&#8220;legal-pages&#8220; id=&#8220;legal&#8220; advanced_gradient_angle=&#8220;0&#8243; overlay_strength=&#8220;0.3&#8243; gradient_direction=&#8220;left_to_right&#8220; shape_divider_position=&#8220;bottom&#8220; bg_image_animation=&#8220;none&#8220; gradient_type=&#8220;default&#8220; shape_type=&#8220;&#8220;][vc_column column_padding=&#8220;no-extra-padding&#8220; column_padding_tablet=&#8220;inherit&#8220; column_padding_phone=&#8220;inherit&#8220; column_padding_position=&#8220;all&#8220; column_element_spacing=&#8220;default&#8220; background_color_opacity=&#8220;1&#8243; background_hover_color_opacity=&#8220;1&#8243; column_shadow=&#8220;none&#8220;&#8230;<\/p>\n","protected":false},"author":1,"featured_media":0,"parent":0,"menu_order":0,"comment_status":"closed","ping_status":"closed","template":"","meta":{"footnotes":""},"class_list":["post-3516","page","type-page","status-publish"],"yoast_head":"<!-- This site is optimized with the Yoast SEO plugin v27.4 - https:\/\/yoast.com\/product\/yoast-seo-wordpress\/ -->\n<title>PRIVACY POLICY - Planasa<\/title>\n<meta name=\"robots\" content=\"noindex, nofollow\" \/>\n<meta property=\"og:locale\" content=\"de_DE\" \/>\n<meta property=\"og:type\" content=\"article\" \/>\n<meta property=\"og:title\" content=\"PRIVACY POLICY - Planasa\" \/>\n<meta property=\"og:description\" content=\"[vc_row type=&#8220;in_container&#8220; full_screen_row_position=&#8220;middle&#8220; column_margin=&#8220;default&#8220; column_direction=&#8220;default&#8220; column_direction_tablet=&#8220;default&#8220; column_direction_phone=&#8220;default&#8220; scene_position=&#8220;center&#8220; text_color=&#8220;dark&#8220; text_align=&#8220;left&#8220; row_border_radius=&#8220;none&#8220; row_border_radius_applies=&#8220;bg&#8220; overflow=&#8220;visible&#8220; class=&#8220;legal-pages&#8220; id=&#8220;legal&#8220; advanced_gradient_angle=&#8220;0&#8243; overlay_strength=&#8220;0.3&#8243; gradient_direction=&#8220;left_to_right&#8220; shape_divider_position=&#8220;bottom&#8220; bg_image_animation=&#8220;none&#8220; gradient_type=&#8220;default&#8220; shape_type=&#8220;&#8220;][vc_column column_padding=&#8220;no-extra-padding&#8220; column_padding_tablet=&#8220;inherit&#8220; column_padding_phone=&#8220;inherit&#8220; column_padding_position=&#8220;all&#8220; column_element_spacing=&#8220;default&#8220; background_color_opacity=&#8220;1&#8243; background_hover_color_opacity=&#8220;1&#8243; column_shadow=&#8220;none&#8220;...\" \/>\n<meta property=\"og:url\" content=\"https:\/\/planasa.com\/de\/privacy-policy\/\" \/>\n<meta property=\"og:site_name\" content=\"Planasa\" \/>\n<meta property=\"article:modified_time\" content=\"2024-03-01T11:54:13+00:00\" \/>\n<meta name=\"twitter:card\" content=\"summary_large_image\" \/>\n<meta name=\"twitter:label1\" content=\"Gesch\u00e4tzte Lesezeit\" \/>\n\t<meta name=\"twitter:data1\" content=\"4\u00a0Minuten\" \/>\n<script type=\"application\/ld+json\" class=\"yoast-schema-graph\">{\"@context\":\"https:\\\/\\\/schema.org\",\"@graph\":[{\"@type\":\"WebPage\",\"@id\":\"https:\\\/\\\/planasa.com\\\/de\\\/privacy-policy\\\/\",\"url\":\"https:\\\/\\\/planasa.com\\\/de\\\/privacy-policy\\\/\",\"name\":\"PRIVACY POLICY - Planasa\",\"isPartOf\":{\"@id\":\"https:\\\/\\\/planasa.com\\\/de\\\/#website\"},\"datePublished\":\"2022-02-08T18:50:55+00:00\",\"dateModified\":\"2024-03-01T11:54:13+00:00\",\"breadcrumb\":{\"@id\":\"https:\\\/\\\/planasa.com\\\/de\\\/privacy-policy\\\/#breadcrumb\"},\"inLanguage\":\"de\",\"potentialAction\":[{\"@type\":\"ReadAction\",\"target\":[\"https:\\\/\\\/planasa.com\\\/de\\\/privacy-policy\\\/\"]}]},{\"@type\":\"BreadcrumbList\",\"@id\":\"https:\\\/\\\/planasa.com\\\/de\\\/privacy-policy\\\/#breadcrumb\",\"itemListElement\":[{\"@type\":\"ListItem\",\"position\":1,\"name\":\"Portada\",\"item\":\"https:\\\/\\\/planasa.com\\\/de\\\/\"},{\"@type\":\"ListItem\",\"position\":2,\"name\":\"PRIVACY POLICY\"}]},{\"@type\":\"WebSite\",\"@id\":\"https:\\\/\\\/planasa.com\\\/de\\\/#website\",\"url\":\"https:\\\/\\\/planasa.com\\\/de\\\/\",\"name\":\"Planasa\",\"description\":\"Innovation in plant varieties\",\"potentialAction\":[{\"@type\":\"SearchAction\",\"target\":{\"@type\":\"EntryPoint\",\"urlTemplate\":\"https:\\\/\\\/planasa.com\\\/de\\\/?s={search_term_string}\"},\"query-input\":{\"@type\":\"PropertyValueSpecification\",\"valueRequired\":true,\"valueName\":\"search_term_string\"}}],\"inLanguage\":\"de\"}]}<\/script>\n<!-- \/ Yoast SEO plugin. -->","yoast_head_json":{"title":"PRIVACY POLICY - Planasa","robots":{"index":"noindex","follow":"nofollow"},"og_locale":"de_DE","og_type":"article","og_title":"PRIVACY POLICY - Planasa","og_description":"[vc_row type=&#8220;in_container&#8220; full_screen_row_position=&#8220;middle&#8220; column_margin=&#8220;default&#8220; column_direction=&#8220;default&#8220; column_direction_tablet=&#8220;default&#8220; column_direction_phone=&#8220;default&#8220; scene_position=&#8220;center&#8220; text_color=&#8220;dark&#8220; text_align=&#8220;left&#8220; row_border_radius=&#8220;none&#8220; row_border_radius_applies=&#8220;bg&#8220; overflow=&#8220;visible&#8220; class=&#8220;legal-pages&#8220; id=&#8220;legal&#8220; advanced_gradient_angle=&#8220;0&#8243; overlay_strength=&#8220;0.3&#8243; gradient_direction=&#8220;left_to_right&#8220; shape_divider_position=&#8220;bottom&#8220; bg_image_animation=&#8220;none&#8220; gradient_type=&#8220;default&#8220; shape_type=&#8220;&#8220;][vc_column column_padding=&#8220;no-extra-padding&#8220; column_padding_tablet=&#8220;inherit&#8220; column_padding_phone=&#8220;inherit&#8220; column_padding_position=&#8220;all&#8220; column_element_spacing=&#8220;default&#8220; background_color_opacity=&#8220;1&#8243; background_hover_color_opacity=&#8220;1&#8243; column_shadow=&#8220;none&#8220;...","og_url":"https:\/\/planasa.com\/de\/privacy-policy\/","og_site_name":"Planasa","article_modified_time":"2024-03-01T11:54:13+00:00","twitter_card":"summary_large_image","twitter_misc":{"Gesch\u00e4tzte Lesezeit":"4\u00a0Minuten"},"schema":{"@context":"https:\/\/schema.org","@graph":[{"@type":"WebPage","@id":"https:\/\/planasa.com\/de\/privacy-policy\/","url":"https:\/\/planasa.com\/de\/privacy-policy\/","name":"PRIVACY POLICY - Planasa","isPartOf":{"@id":"https:\/\/planasa.com\/de\/#website"},"datePublished":"2022-02-08T18:50:55+00:00","dateModified":"2024-03-01T11:54:13+00:00","breadcrumb":{"@id":"https:\/\/planasa.com\/de\/privacy-policy\/#breadcrumb"},"inLanguage":"de","potentialAction":[{"@type":"ReadAction","target":["https:\/\/planasa.com\/de\/privacy-policy\/"]}]},{"@type":"BreadcrumbList","@id":"https:\/\/planasa.com\/de\/privacy-policy\/#breadcrumb","itemListElement":[{"@type":"ListItem","position":1,"name":"Portada","item":"https:\/\/planasa.com\/de\/"},{"@type":"ListItem","position":2,"name":"PRIVACY POLICY"}]},{"@type":"WebSite","@id":"https:\/\/planasa.com\/de\/#website","url":"https:\/\/planasa.com\/de\/","name":"Planasa","description":"Innovation in plant varieties","potentialAction":[{"@type":"SearchAction","target":{"@type":"EntryPoint","urlTemplate":"https:\/\/planasa.com\/de\/?s={search_term_string}"},"query-input":{"@type":"PropertyValueSpecification","valueRequired":true,"valueName":"search_term_string"}}],"inLanguage":"de"}]}},"_links":{"self":[{"href":"https:\/\/planasa.com\/de\/wp-json\/wp\/v2\/pages\/3516","targetHints":{"allow":["GET"]}}],"collection":[{"href":"https:\/\/planasa.com\/de\/wp-json\/wp\/v2\/pages"}],"about":[{"href":"https:\/\/planasa.com\/de\/wp-json\/wp\/v2\/types\/page"}],"author":[{"embeddable":true,"href":"https:\/\/planasa.com\/de\/wp-json\/wp\/v2\/users\/1"}],"replies":[{"embeddable":true,"href":"https:\/\/planasa.com\/de\/wp-json\/wp\/v2\/comments?post=3516"}],"version-history":[{"count":0,"href":"https:\/\/planasa.com\/de\/wp-json\/wp\/v2\/pages\/3516\/revisions"}],"wp:attachment":[{"href":"https:\/\/planasa.com\/de\/wp-json\/wp\/v2\/media?parent=3516"}],"curies":[{"name":"wp","href":"https:\/\/api.w.org\/{rel}","templated":true}]}}