
{"id":6720,"date":"2022-03-07T21:42:04","date_gmt":"2022-03-07T21:42:04","guid":{"rendered":"http:\/\/localhost\/planasa.com\/producto\/duchesse\/"},"modified":"2024-11-28T09:26:12","modified_gmt":"2022-05-10T12:30:40","slug":"strawberry-duchesse","status":"publish","type":"product","link":"https:\/\/planasa.com\/de\/vielfalt\/strawberry-duchesse\/","title":{"rendered":"Duchesse"},"content":{"rendered":"","protected":false},"excerpt":{"rendered":"","protected":false},"featured_media":21501,"comment_status":"closed","ping_status":"closed","template":"","meta":[],"product_brand":[],"product_cat":[],"product_tag":[],"class_list":{"0":"post-6720","1":"product","2":"type-product","3":"status-publish","4":"has-post-thumbnail","6":"first","7":"instock","8":"shipping-taxable","9":"product-type-simple"},"yoast_head":"<!-- This site is optimized with the Yoast SEO plugin v27.4 - https:\/\/yoast.com\/product\/yoast-seo-wordpress\/ -->\n<title>Planasa - Erdebeere - Duchesse<\/title>\n<meta name=\"description\" content=\"Duchesse ist eine fr\u00fche, robuste und zum Ende der Saison besonders ertragreiche Erdbeersorte. Die Frucht ist fest und homogen, und ein hoher Anteil hat Premiumqualit\u00e4t. Der s\u00fc\u00dfe Geschmack ist bereits bei den ersten Ernten ausgepr\u00e4gt.\" \/>\n<meta name=\"robots\" content=\"index, follow, max-snippet:-1, max-image-preview:large, max-video-preview:-1\" \/>\n<link rel=\"canonical\" href=\"https:\/\/planasa.com\/de\/vielfalt\/strawberry-duchesse\/\" \/>\n<meta property=\"og:locale\" content=\"de_DE\" \/>\n<meta property=\"og:type\" content=\"article\" \/>\n<meta property=\"og:title\" content=\"Planasa - Erdebeere - Duchesse\" \/>\n<meta property=\"og:description\" content=\"Duchesse ist eine fr\u00fche, robuste und zum Ende der Saison besonders ertragreiche Erdbeersorte. Die Frucht ist fest und homogen, und ein hoher Anteil hat Premiumqualit\u00e4t. Der s\u00fc\u00dfe Geschmack ist bereits bei den ersten Ernten ausgepr\u00e4gt.\" \/>\n<meta property=\"og:url\" content=\"https:\/\/planasa.com\/de\/vielfalt\/strawberry-duchesse\/\" \/>\n<meta property=\"og:site_name\" content=\"Planasa\" \/>\n<meta property=\"article:modified_time\" content=\"2022-05-10T12:30:40+00:00\" \/>\n<meta property=\"og:image\" content=\"https:\/\/planasa.com\/wp-content\/uploads\/2024\/02\/imagen-adaptada_portada-1-1-1024x384.png\" \/>\n\t<meta property=\"og:image:width\" content=\"1024\" \/>\n\t<meta property=\"og:image:height\" content=\"384\" \/>\n\t<meta property=\"og:image:type\" content=\"image\/png\" \/>\n<meta name=\"twitter:card\" content=\"summary_large_image\" \/>\n<script type=\"application\/ld+json\" class=\"yoast-schema-graph\">{\"@context\":\"https:\\\/\\\/schema.org\",\"@graph\":[{\"@type\":\"WebPage\",\"@id\":\"https:\\\/\\\/planasa.com\\\/de\\\/vielfalt\\\/strawberry-duchesse\\\/\",\"url\":\"https:\\\/\\\/planasa.com\\\/de\\\/vielfalt\\\/strawberry-duchesse\\\/\",\"name\":\"Planasa - Erdebeere - Duchesse\",\"isPartOf\":{\"@id\":\"https:\\\/\\\/planasa.com\\\/de\\\/#website\"},\"primaryImageOfPage\":{\"@id\":\"https:\\\/\\\/planasa.com\\\/de\\\/vielfalt\\\/strawberry-duchesse\\\/#primaryimage\"},\"image\":{\"@id\":\"https:\\\/\\\/planasa.com\\\/de\\\/vielfalt\\\/strawberry-duchesse\\\/#primaryimage\"},\"thumbnailUrl\":\"https:\\\/\\\/planasa.com\\\/wp-content\\\/uploads\\\/2024\\\/02\\\/imagen-adaptada_portada-1-1.png\",\"datePublished\":\"2022-03-07T21:42:04+00:00\",\"dateModified\":\"2022-05-10T12:30:40+00:00\",\"description\":\"Duchesse ist eine fr\u00fche, robuste und zum Ende der Saison besonders ertragreiche Erdbeersorte. Die Frucht ist fest und homogen, und ein hoher Anteil hat Premiumqualit\u00e4t. Der s\u00fc\u00dfe Geschmack ist bereits bei den ersten Ernten ausgepr\u00e4gt.\",\"breadcrumb\":{\"@id\":\"https:\\\/\\\/planasa.com\\\/de\\\/vielfalt\\\/strawberry-duchesse\\\/#breadcrumb\"},\"inLanguage\":\"de\",\"potentialAction\":[{\"@type\":\"ReadAction\",\"target\":[\"https:\\\/\\\/planasa.com\\\/de\\\/vielfalt\\\/strawberry-duchesse\\\/\"]}]},{\"@type\":\"ImageObject\",\"inLanguage\":\"de\",\"@id\":\"https:\\\/\\\/planasa.com\\\/de\\\/vielfalt\\\/strawberry-duchesse\\\/#primaryimage\",\"url\":\"https:\\\/\\\/planasa.com\\\/wp-content\\\/uploads\\\/2024\\\/02\\\/imagen-adaptada_portada-1-1.png\",\"contentUrl\":\"https:\\\/\\\/planasa.com\\\/wp-content\\\/uploads\\\/2024\\\/02\\\/imagen-adaptada_portada-1-1.png\",\"width\":1920,\"height\":720},{\"@type\":\"BreadcrumbList\",\"@id\":\"https:\\\/\\\/planasa.com\\\/de\\\/vielfalt\\\/strawberry-duchesse\\\/#breadcrumb\",\"itemListElement\":[{\"@type\":\"ListItem\",\"position\":1,\"name\":\"Portada\",\"item\":\"https:\\\/\\\/planasa.com\\\/de\\\/\"},{\"@type\":\"ListItem\",\"position\":2,\"name\":\"Shop\",\"item\":\"https:\\\/\\\/planasa.com\\\/de\\\/shop\\\/\"},{\"@type\":\"ListItem\",\"position\":3,\"name\":\"Duchesse\"}]},{\"@type\":\"WebSite\",\"@id\":\"https:\\\/\\\/planasa.com\\\/de\\\/#website\",\"url\":\"https:\\\/\\\/planasa.com\\\/de\\\/\",\"name\":\"Planasa\",\"description\":\"Innovation in plant varieties\",\"potentialAction\":[{\"@type\":\"SearchAction\",\"target\":{\"@type\":\"EntryPoint\",\"urlTemplate\":\"https:\\\/\\\/planasa.com\\\/de\\\/?s={search_term_string}\"},\"query-input\":{\"@type\":\"PropertyValueSpecification\",\"valueRequired\":true,\"valueName\":\"search_term_string\"}}],\"inLanguage\":\"de\"}]}<\/script>\n<!-- \/ Yoast SEO plugin. -->","yoast_head_json":{"title":"Planasa - Erdebeere - Duchesse","description":"Duchesse ist eine fr\u00fche, robuste und zum Ende der Saison besonders ertragreiche Erdbeersorte. Die Frucht ist fest und homogen, und ein hoher Anteil hat Premiumqualit\u00e4t. Der s\u00fc\u00dfe Geschmack ist bereits bei den ersten Ernten ausgepr\u00e4gt.","robots":{"index":"index","follow":"follow","max-snippet":"max-snippet:-1","max-image-preview":"max-image-preview:large","max-video-preview":"max-video-preview:-1"},"canonical":"https:\/\/planasa.com\/de\/vielfalt\/strawberry-duchesse\/","og_locale":"de_DE","og_type":"article","og_title":"Planasa - Erdebeere - Duchesse","og_description":"Duchesse ist eine fr\u00fche, robuste und zum Ende der Saison besonders ertragreiche Erdbeersorte. Die Frucht ist fest und homogen, und ein hoher Anteil hat Premiumqualit\u00e4t. Der s\u00fc\u00dfe Geschmack ist bereits bei den ersten Ernten ausgepr\u00e4gt.","og_url":"https:\/\/planasa.com\/de\/vielfalt\/strawberry-duchesse\/","og_site_name":"Planasa","article_modified_time":"2022-05-10T12:30:40+00:00","og_image":[{"width":1024,"height":384,"url":"https:\/\/planasa.com\/wp-content\/uploads\/2024\/02\/imagen-adaptada_portada-1-1-1024x384.png","type":"image\/png"}],"twitter_card":"summary_large_image","schema":{"@context":"https:\/\/schema.org","@graph":[{"@type":"WebPage","@id":"https:\/\/planasa.com\/de\/vielfalt\/strawberry-duchesse\/","url":"https:\/\/planasa.com\/de\/vielfalt\/strawberry-duchesse\/","name":"Planasa - Erdebeere - Duchesse","isPartOf":{"@id":"https:\/\/planasa.com\/de\/#website"},"primaryImageOfPage":{"@id":"https:\/\/planasa.com\/de\/vielfalt\/strawberry-duchesse\/#primaryimage"},"image":{"@id":"https:\/\/planasa.com\/de\/vielfalt\/strawberry-duchesse\/#primaryimage"},"thumbnailUrl":"https:\/\/planasa.com\/wp-content\/uploads\/2024\/02\/imagen-adaptada_portada-1-1.png","datePublished":"2022-03-07T21:42:04+00:00","dateModified":"2022-05-10T12:30:40+00:00","description":"Duchesse ist eine fr\u00fche, robuste und zum Ende der Saison besonders ertragreiche Erdbeersorte. Die Frucht ist fest und homogen, und ein hoher Anteil hat Premiumqualit\u00e4t. Der s\u00fc\u00dfe Geschmack ist bereits bei den ersten Ernten ausgepr\u00e4gt.","breadcrumb":{"@id":"https:\/\/planasa.com\/de\/vielfalt\/strawberry-duchesse\/#breadcrumb"},"inLanguage":"de","potentialAction":[{"@type":"ReadAction","target":["https:\/\/planasa.com\/de\/vielfalt\/strawberry-duchesse\/"]}]},{"@type":"ImageObject","inLanguage":"de","@id":"https:\/\/planasa.com\/de\/vielfalt\/strawberry-duchesse\/#primaryimage","url":"https:\/\/planasa.com\/wp-content\/uploads\/2024\/02\/imagen-adaptada_portada-1-1.png","contentUrl":"https:\/\/planasa.com\/wp-content\/uploads\/2024\/02\/imagen-adaptada_portada-1-1.png","width":1920,"height":720},{"@type":"BreadcrumbList","@id":"https:\/\/planasa.com\/de\/vielfalt\/strawberry-duchesse\/#breadcrumb","itemListElement":[{"@type":"ListItem","position":1,"name":"Portada","item":"https:\/\/planasa.com\/de\/"},{"@type":"ListItem","position":2,"name":"Shop","item":"https:\/\/planasa.com\/de\/shop\/"},{"@type":"ListItem","position":3,"name":"Duchesse"}]},{"@type":"WebSite","@id":"https:\/\/planasa.com\/de\/#website","url":"https:\/\/planasa.com\/de\/","name":"Planasa","description":"Innovation in plant varieties","potentialAction":[{"@type":"SearchAction","target":{"@type":"EntryPoint","urlTemplate":"https:\/\/planasa.com\/de\/?s={search_term_string}"},"query-input":{"@type":"PropertyValueSpecification","valueRequired":true,"valueName":"search_term_string"}}],"inLanguage":"de"}]}},"_links":{"self":[{"href":"https:\/\/planasa.com\/de\/wp-json\/wp\/v2\/product\/6720","targetHints":{"allow":["GET"]}}],"collection":[{"href":"https:\/\/planasa.com\/de\/wp-json\/wp\/v2\/product"}],"about":[{"href":"https:\/\/planasa.com\/de\/wp-json\/wp\/v2\/types\/product"}],"replies":[{"embeddable":true,"href":"https:\/\/planasa.com\/de\/wp-json\/wp\/v2\/comments?post=6720"}],"wp:featuredmedia":[{"embeddable":true,"href":"https:\/\/planasa.com\/de\/wp-json\/wp\/v2\/media\/21501"}],"wp:attachment":[{"href":"https:\/\/planasa.com\/de\/wp-json\/wp\/v2\/media?parent=6720"}],"wp:term":[{"taxonomy":"product_brand","embeddable":true,"href":"https:\/\/planasa.com\/de\/wp-json\/wp\/v2\/product_brand?post=6720"},{"taxonomy":"product_cat","embeddable":true,"href":"https:\/\/planasa.com\/de\/wp-json\/wp\/v2\/product_cat?post=6720"},{"taxonomy":"product_tag","embeddable":true,"href":"https:\/\/planasa.com\/de\/wp-json\/wp\/v2\/product_tag?post=6720"}],"curies":[{"name":"wp","href":"https:\/\/api.w.org\/{rel}","templated":true}]}}