
{"id":6846,"date":"2022-03-07T21:43:51","date_gmt":"2022-03-07T21:43:51","guid":{"rendered":"http:\/\/localhost\/planasa.com\/producto\/red-endive\/"},"modified":"2022-03-24T15:37:21","modified_gmt":"2022-03-24T15:37:21","slug":"endive-roter-chicoree","status":"publish","type":"product","link":"https:\/\/planasa.com\/de\/vielfalt\/endive-roter-chicoree\/","title":{"rendered":"Roter Chicor\u00e9e"},"content":{"rendered":"<p>Roter Chicor\u00e9e (Marke Rojas Tacio): Premium- Chicor\u00e9e mit wei\u00dfen und r\u00f6tlichen Bl\u00e4ttern, um Salate optisch und geschmacklich zu bereichern.<\/p>\n","protected":false},"excerpt":{"rendered":"<p>Roter Chicor\u00e9e (Marke Rojas Tacio): Premium- Chicor\u00e9e mit wei\u00dfen und r\u00f6tlichen Bl\u00e4ttern, um Salate optisch und geschmacklich zu bereichern.<\/p>\n","protected":false},"featured_media":10701,"comment_status":"closed","ping_status":"closed","template":"","meta":[],"product_brand":[],"product_cat":[172],"product_tag":[],"class_list":{"0":"post-6846","1":"product","2":"type-product","3":"status-publish","4":"has-post-thumbnail","6":"product_cat-endibia-5","8":"first","9":"instock","10":"shipping-taxable","11":"product-type-simple"},"yoast_head":"<!-- This site is optimized with the Yoast SEO plugin v27.4 - https:\/\/yoast.com\/product\/yoast-seo-wordpress\/ -->\n<title>Planasa - Endiviensalat - Roter Chicor\u00e9e<\/title>\n<meta name=\"description\" content=\"Roter Chicor\u00e9e (Marke Rojas Tacio): Premium- Chicor\u00e9e mit wei\u00dfen und r\u00f6tlichen Bl\u00e4ttern, um Salate optisch und geschmacklich zu bereichern.\" \/>\n<meta name=\"robots\" content=\"index, follow, max-snippet:-1, max-image-preview:large, max-video-preview:-1\" \/>\n<link rel=\"canonical\" href=\"https:\/\/planasa.com\/de\/vielfalt\/endive-roter-chicoree\/\" \/>\n<meta property=\"og:locale\" content=\"de_DE\" \/>\n<meta property=\"og:type\" content=\"article\" \/>\n<meta property=\"og:title\" content=\"Planasa - Endiviensalat - Roter Chicor\u00e9e\" \/>\n<meta property=\"og:description\" content=\"Roter Chicor\u00e9e (Marke Rojas Tacio): Premium- Chicor\u00e9e mit wei\u00dfen und r\u00f6tlichen Bl\u00e4ttern, um Salate optisch und geschmacklich zu bereichern.\" \/>\n<meta property=\"og:url\" content=\"https:\/\/planasa.com\/de\/vielfalt\/endive-roter-chicoree\/\" \/>\n<meta property=\"og:site_name\" content=\"Planasa\" \/>\n<meta property=\"article:modified_time\" content=\"2022-03-24T15:37:21+00:00\" \/>\n<meta property=\"og:image\" content=\"https:\/\/planasa.com\/wp-content\/uploads\/2022\/03\/endibia-roja-scaled-1.jpeg\" \/>\n\t<meta property=\"og:image:width\" content=\"2560\" \/>\n\t<meta property=\"og:image:height\" content=\"1707\" \/>\n\t<meta property=\"og:image:type\" content=\"image\/jpeg\" \/>\n<meta name=\"twitter:card\" content=\"summary_large_image\" \/>\n<script type=\"application\/ld+json\" class=\"yoast-schema-graph\">{\"@context\":\"https:\\\/\\\/schema.org\",\"@graph\":[{\"@type\":\"WebPage\",\"@id\":\"https:\\\/\\\/planasa.com\\\/de\\\/vielfalt\\\/endive-roter-chicoree\\\/\",\"url\":\"https:\\\/\\\/planasa.com\\\/de\\\/vielfalt\\\/endive-roter-chicoree\\\/\",\"name\":\"Planasa - Endiviensalat - Roter Chicor\u00e9e\",\"isPartOf\":{\"@id\":\"https:\\\/\\\/planasa.com\\\/de\\\/#website\"},\"primaryImageOfPage\":{\"@id\":\"https:\\\/\\\/planasa.com\\\/de\\\/vielfalt\\\/endive-roter-chicoree\\\/#primaryimage\"},\"image\":{\"@id\":\"https:\\\/\\\/planasa.com\\\/de\\\/vielfalt\\\/endive-roter-chicoree\\\/#primaryimage\"},\"thumbnailUrl\":\"https:\\\/\\\/planasa.com\\\/wp-content\\\/uploads\\\/2022\\\/03\\\/endibia-roja-scaled-1.jpeg\",\"datePublished\":\"2022-03-07T21:43:51+00:00\",\"dateModified\":\"2022-03-24T15:37:21+00:00\",\"description\":\"Roter Chicor\u00e9e (Marke Rojas Tacio): Premium- Chicor\u00e9e mit wei\u00dfen und r\u00f6tlichen Bl\u00e4ttern, um Salate optisch und geschmacklich zu bereichern.\",\"breadcrumb\":{\"@id\":\"https:\\\/\\\/planasa.com\\\/de\\\/vielfalt\\\/endive-roter-chicoree\\\/#breadcrumb\"},\"inLanguage\":\"de\",\"potentialAction\":[{\"@type\":\"ReadAction\",\"target\":[\"https:\\\/\\\/planasa.com\\\/de\\\/vielfalt\\\/endive-roter-chicoree\\\/\"]}]},{\"@type\":\"ImageObject\",\"inLanguage\":\"de\",\"@id\":\"https:\\\/\\\/planasa.com\\\/de\\\/vielfalt\\\/endive-roter-chicoree\\\/#primaryimage\",\"url\":\"https:\\\/\\\/planasa.com\\\/wp-content\\\/uploads\\\/2022\\\/03\\\/endibia-roja-scaled-1.jpeg\",\"contentUrl\":\"https:\\\/\\\/planasa.com\\\/wp-content\\\/uploads\\\/2022\\\/03\\\/endibia-roja-scaled-1.jpeg\",\"width\":2560,\"height\":1707},{\"@type\":\"BreadcrumbList\",\"@id\":\"https:\\\/\\\/planasa.com\\\/de\\\/vielfalt\\\/endive-roter-chicoree\\\/#breadcrumb\",\"itemListElement\":[{\"@type\":\"ListItem\",\"position\":1,\"name\":\"Portada\",\"item\":\"https:\\\/\\\/planasa.com\\\/de\\\/\"},{\"@type\":\"ListItem\",\"position\":2,\"name\":\"Shop\",\"item\":\"https:\\\/\\\/planasa.com\\\/de\\\/shop\\\/\"},{\"@type\":\"ListItem\",\"position\":3,\"name\":\"Roter Chicor\u00e9e\"}]},{\"@type\":\"WebSite\",\"@id\":\"https:\\\/\\\/planasa.com\\\/de\\\/#website\",\"url\":\"https:\\\/\\\/planasa.com\\\/de\\\/\",\"name\":\"Planasa\",\"description\":\"Innovation in plant varieties\",\"potentialAction\":[{\"@type\":\"SearchAction\",\"target\":{\"@type\":\"EntryPoint\",\"urlTemplate\":\"https:\\\/\\\/planasa.com\\\/de\\\/?s={search_term_string}\"},\"query-input\":{\"@type\":\"PropertyValueSpecification\",\"valueRequired\":true,\"valueName\":\"search_term_string\"}}],\"inLanguage\":\"de\"}]}<\/script>\n<!-- \/ Yoast SEO plugin. -->","yoast_head_json":{"title":"Planasa - Endiviensalat - Roter Chicor\u00e9e","description":"Roter Chicor\u00e9e (Marke Rojas Tacio): Premium- Chicor\u00e9e mit wei\u00dfen und r\u00f6tlichen Bl\u00e4ttern, um Salate optisch und geschmacklich zu bereichern.","robots":{"index":"index","follow":"follow","max-snippet":"max-snippet:-1","max-image-preview":"max-image-preview:large","max-video-preview":"max-video-preview:-1"},"canonical":"https:\/\/planasa.com\/de\/vielfalt\/endive-roter-chicoree\/","og_locale":"de_DE","og_type":"article","og_title":"Planasa - Endiviensalat - Roter Chicor\u00e9e","og_description":"Roter Chicor\u00e9e (Marke Rojas Tacio): Premium- Chicor\u00e9e mit wei\u00dfen und r\u00f6tlichen Bl\u00e4ttern, um Salate optisch und geschmacklich zu bereichern.","og_url":"https:\/\/planasa.com\/de\/vielfalt\/endive-roter-chicoree\/","og_site_name":"Planasa","article_modified_time":"2022-03-24T15:37:21+00:00","og_image":[{"width":2560,"height":1707,"url":"https:\/\/planasa.com\/wp-content\/uploads\/2022\/03\/endibia-roja-scaled-1.jpeg","type":"image\/jpeg"}],"twitter_card":"summary_large_image","schema":{"@context":"https:\/\/schema.org","@graph":[{"@type":"WebPage","@id":"https:\/\/planasa.com\/de\/vielfalt\/endive-roter-chicoree\/","url":"https:\/\/planasa.com\/de\/vielfalt\/endive-roter-chicoree\/","name":"Planasa - Endiviensalat - Roter Chicor\u00e9e","isPartOf":{"@id":"https:\/\/planasa.com\/de\/#website"},"primaryImageOfPage":{"@id":"https:\/\/planasa.com\/de\/vielfalt\/endive-roter-chicoree\/#primaryimage"},"image":{"@id":"https:\/\/planasa.com\/de\/vielfalt\/endive-roter-chicoree\/#primaryimage"},"thumbnailUrl":"https:\/\/planasa.com\/wp-content\/uploads\/2022\/03\/endibia-roja-scaled-1.jpeg","datePublished":"2022-03-07T21:43:51+00:00","dateModified":"2022-03-24T15:37:21+00:00","description":"Roter Chicor\u00e9e (Marke Rojas Tacio): Premium- Chicor\u00e9e mit wei\u00dfen und r\u00f6tlichen Bl\u00e4ttern, um Salate optisch und geschmacklich zu bereichern.","breadcrumb":{"@id":"https:\/\/planasa.com\/de\/vielfalt\/endive-roter-chicoree\/#breadcrumb"},"inLanguage":"de","potentialAction":[{"@type":"ReadAction","target":["https:\/\/planasa.com\/de\/vielfalt\/endive-roter-chicoree\/"]}]},{"@type":"ImageObject","inLanguage":"de","@id":"https:\/\/planasa.com\/de\/vielfalt\/endive-roter-chicoree\/#primaryimage","url":"https:\/\/planasa.com\/wp-content\/uploads\/2022\/03\/endibia-roja-scaled-1.jpeg","contentUrl":"https:\/\/planasa.com\/wp-content\/uploads\/2022\/03\/endibia-roja-scaled-1.jpeg","width":2560,"height":1707},{"@type":"BreadcrumbList","@id":"https:\/\/planasa.com\/de\/vielfalt\/endive-roter-chicoree\/#breadcrumb","itemListElement":[{"@type":"ListItem","position":1,"name":"Portada","item":"https:\/\/planasa.com\/de\/"},{"@type":"ListItem","position":2,"name":"Shop","item":"https:\/\/planasa.com\/de\/shop\/"},{"@type":"ListItem","position":3,"name":"Roter Chicor\u00e9e"}]},{"@type":"WebSite","@id":"https:\/\/planasa.com\/de\/#website","url":"https:\/\/planasa.com\/de\/","name":"Planasa","description":"Innovation in plant varieties","potentialAction":[{"@type":"SearchAction","target":{"@type":"EntryPoint","urlTemplate":"https:\/\/planasa.com\/de\/?s={search_term_string}"},"query-input":{"@type":"PropertyValueSpecification","valueRequired":true,"valueName":"search_term_string"}}],"inLanguage":"de"}]}},"_links":{"self":[{"href":"https:\/\/planasa.com\/de\/wp-json\/wp\/v2\/product\/6846","targetHints":{"allow":["GET"]}}],"collection":[{"href":"https:\/\/planasa.com\/de\/wp-json\/wp\/v2\/product"}],"about":[{"href":"https:\/\/planasa.com\/de\/wp-json\/wp\/v2\/types\/product"}],"replies":[{"embeddable":true,"href":"https:\/\/planasa.com\/de\/wp-json\/wp\/v2\/comments?post=6846"}],"wp:featuredmedia":[{"embeddable":true,"href":"https:\/\/planasa.com\/de\/wp-json\/wp\/v2\/media\/10701"}],"wp:attachment":[{"href":"https:\/\/planasa.com\/de\/wp-json\/wp\/v2\/media?parent=6846"}],"wp:term":[{"taxonomy":"product_brand","embeddable":true,"href":"https:\/\/planasa.com\/de\/wp-json\/wp\/v2\/product_brand?post=6846"},{"taxonomy":"product_cat","embeddable":true,"href":"https:\/\/planasa.com\/de\/wp-json\/wp\/v2\/product_cat?post=6846"},{"taxonomy":"product_tag","embeddable":true,"href":"https:\/\/planasa.com\/de\/wp-json\/wp\/v2\/product_tag?post=6846"}],"curies":[{"name":"wp","href":"https:\/\/api.w.org\/{rel}","templated":true}]}}