
{"id":38863,"date":"2026-04-15T08:56:57","date_gmt":"2026-04-15T08:56:57","guid":{"rendered":"https:\/\/planasa.com\/?post_type=product&#038;p=38863"},"modified":"2026-04-29T08:40:58","modified_gmt":"2026-04-29T08:40:58","slug":"black-rainier","status":"publish","type":"product","link":"https:\/\/planasa.com\/es\/variedad\/black-rainier\/","title":{"rendered":"Black Rainier"},"content":{"rendered":"","protected":false},"excerpt":{"rendered":"","protected":false},"featured_media":38859,"comment_status":"closed","ping_status":"closed","template":"","meta":[],"product_brand":[],"product_cat":[176],"product_tag":[],"class_list":{"0":"post-38863","1":"product","2":"type-product","3":"status-publish","4":"has-post-thumbnail","6":"product_cat-blackberry-6","8":"first","9":"instock","10":"shipping-taxable","11":"product-type-simple"},"yoast_head":"<!-- This site is optimized with the Yoast SEO plugin v27.4 - https:\/\/yoast.com\/product\/yoast-seo-wordpress\/ -->\n<title>Planasa - Mora - Black Rainier<\/title>\n<meta name=\"description\" content=\"Black Rainier\u00ae es tipo primoca\u00f1a, sin espinas, vigorosa y de producci\u00f3n muy precoz. Su fruta es de buen calibre, sabor y baja regresi\u00f3n.\" \/>\n<meta name=\"robots\" content=\"index, follow, max-snippet:-1, max-image-preview:large, max-video-preview:-1\" \/>\n<link rel=\"canonical\" href=\"https:\/\/planasa.com\/es\/variedad\/black-rainier\/\" \/>\n<meta property=\"og:locale\" content=\"es_ES\" \/>\n<meta property=\"og:type\" content=\"article\" \/>\n<meta property=\"og:title\" content=\"Planasa - Mora - Black Rainier\" \/>\n<meta property=\"og:description\" content=\"Black Rainier\u00ae es tipo primoca\u00f1a, sin espinas, vigorosa y de producci\u00f3n muy precoz. Su fruta es de buen calibre, sabor y baja regresi\u00f3n.\" \/>\n<meta property=\"og:url\" content=\"https:\/\/planasa.com\/es\/variedad\/black-rainier\/\" \/>\n<meta property=\"og:site_name\" content=\"Planasa\" \/>\n<meta property=\"article:modified_time\" content=\"2026-04-29T08:40:58+00:00\" \/>\n<meta property=\"og:image\" content=\"https:\/\/planasa.com\/wp-content\/uploads\/2026\/04\/cabecera-blackrainier.webp\" \/>\n\t<meta property=\"og:image:width\" content=\"1920\" \/>\n\t<meta property=\"og:image:height\" content=\"770\" \/>\n\t<meta property=\"og:image:type\" content=\"image\/webp\" \/>\n<meta name=\"twitter:card\" content=\"summary_large_image\" \/>\n<script type=\"application\/ld+json\" class=\"yoast-schema-graph\">{\"@context\":\"https:\\\/\\\/schema.org\",\"@graph\":[{\"@type\":\"WebPage\",\"@id\":\"https:\\\/\\\/planasa.com\\\/es\\\/variedad\\\/black-rainier\\\/\",\"url\":\"https:\\\/\\\/planasa.com\\\/es\\\/variedad\\\/black-rainier\\\/\",\"name\":\"Planasa - Mora - Black Rainier\",\"isPartOf\":{\"@id\":\"https:\\\/\\\/planasa.com\\\/es\\\/#website\"},\"primaryImageOfPage\":{\"@id\":\"https:\\\/\\\/planasa.com\\\/es\\\/variedad\\\/black-rainier\\\/#primaryimage\"},\"image\":{\"@id\":\"https:\\\/\\\/planasa.com\\\/es\\\/variedad\\\/black-rainier\\\/#primaryimage\"},\"thumbnailUrl\":\"https:\\\/\\\/planasa.com\\\/wp-content\\\/uploads\\\/2026\\\/04\\\/cabecera-blackrainier.webp\",\"datePublished\":\"2026-04-15T08:56:57+00:00\",\"dateModified\":\"2026-04-29T08:40:58+00:00\",\"description\":\"Black Rainier\u00ae es tipo primoca\u00f1a, sin espinas, vigorosa y de producci\u00f3n muy precoz. Su fruta es de buen calibre, sabor y baja regresi\u00f3n.\",\"breadcrumb\":{\"@id\":\"https:\\\/\\\/planasa.com\\\/es\\\/variedad\\\/black-rainier\\\/#breadcrumb\"},\"inLanguage\":\"es\",\"potentialAction\":[{\"@type\":\"ReadAction\",\"target\":[\"https:\\\/\\\/planasa.com\\\/es\\\/variedad\\\/black-rainier\\\/\"]}]},{\"@type\":\"ImageObject\",\"inLanguage\":\"es\",\"@id\":\"https:\\\/\\\/planasa.com\\\/es\\\/variedad\\\/black-rainier\\\/#primaryimage\",\"url\":\"https:\\\/\\\/planasa.com\\\/wp-content\\\/uploads\\\/2026\\\/04\\\/cabecera-blackrainier.webp\",\"contentUrl\":\"https:\\\/\\\/planasa.com\\\/wp-content\\\/uploads\\\/2026\\\/04\\\/cabecera-blackrainier.webp\",\"width\":1920,\"height\":770,\"caption\":\"Mora Black Rainier\"},{\"@type\":\"BreadcrumbList\",\"@id\":\"https:\\\/\\\/planasa.com\\\/es\\\/variedad\\\/black-rainier\\\/#breadcrumb\",\"itemListElement\":[{\"@type\":\"ListItem\",\"position\":1,\"name\":\"Portada\",\"item\":\"https:\\\/\\\/planasa.com\\\/es\\\/\"},{\"@type\":\"ListItem\",\"position\":2,\"name\":\"Tienda\",\"item\":\"https:\\\/\\\/planasa.com\\\/tienda\\\/\"},{\"@type\":\"ListItem\",\"position\":3,\"name\":\"Black Rainier\"}]},{\"@type\":\"WebSite\",\"@id\":\"https:\\\/\\\/planasa.com\\\/es\\\/#website\",\"url\":\"https:\\\/\\\/planasa.com\\\/es\\\/\",\"name\":\"Planasa\",\"description\":\"Innovation in plant varieties\",\"potentialAction\":[{\"@type\":\"SearchAction\",\"target\":{\"@type\":\"EntryPoint\",\"urlTemplate\":\"https:\\\/\\\/planasa.com\\\/es\\\/?s={search_term_string}\"},\"query-input\":{\"@type\":\"PropertyValueSpecification\",\"valueRequired\":true,\"valueName\":\"search_term_string\"}}],\"inLanguage\":\"es\"}]}<\/script>\n<!-- \/ Yoast SEO plugin. -->","yoast_head_json":{"title":"Planasa - Mora - Black Rainier","description":"Black Rainier\u00ae es tipo primoca\u00f1a, sin espinas, vigorosa y de producci\u00f3n muy precoz. Su fruta es de buen calibre, sabor y baja regresi\u00f3n.","robots":{"index":"index","follow":"follow","max-snippet":"max-snippet:-1","max-image-preview":"max-image-preview:large","max-video-preview":"max-video-preview:-1"},"canonical":"https:\/\/planasa.com\/es\/variedad\/black-rainier\/","og_locale":"es_ES","og_type":"article","og_title":"Planasa - Mora - Black Rainier","og_description":"Black Rainier\u00ae es tipo primoca\u00f1a, sin espinas, vigorosa y de producci\u00f3n muy precoz. Su fruta es de buen calibre, sabor y baja regresi\u00f3n.","og_url":"https:\/\/planasa.com\/es\/variedad\/black-rainier\/","og_site_name":"Planasa","article_modified_time":"2026-04-29T08:40:58+00:00","og_image":[{"width":1920,"height":770,"url":"https:\/\/planasa.com\/wp-content\/uploads\/2026\/04\/cabecera-blackrainier.webp","type":"image\/webp"}],"twitter_card":"summary_large_image","schema":{"@context":"https:\/\/schema.org","@graph":[{"@type":"WebPage","@id":"https:\/\/planasa.com\/es\/variedad\/black-rainier\/","url":"https:\/\/planasa.com\/es\/variedad\/black-rainier\/","name":"Planasa - Mora - Black Rainier","isPartOf":{"@id":"https:\/\/planasa.com\/es\/#website"},"primaryImageOfPage":{"@id":"https:\/\/planasa.com\/es\/variedad\/black-rainier\/#primaryimage"},"image":{"@id":"https:\/\/planasa.com\/es\/variedad\/black-rainier\/#primaryimage"},"thumbnailUrl":"https:\/\/planasa.com\/wp-content\/uploads\/2026\/04\/cabecera-blackrainier.webp","datePublished":"2026-04-15T08:56:57+00:00","dateModified":"2026-04-29T08:40:58+00:00","description":"Black Rainier\u00ae es tipo primoca\u00f1a, sin espinas, vigorosa y de producci\u00f3n muy precoz. Su fruta es de buen calibre, sabor y baja regresi\u00f3n.","breadcrumb":{"@id":"https:\/\/planasa.com\/es\/variedad\/black-rainier\/#breadcrumb"},"inLanguage":"es","potentialAction":[{"@type":"ReadAction","target":["https:\/\/planasa.com\/es\/variedad\/black-rainier\/"]}]},{"@type":"ImageObject","inLanguage":"es","@id":"https:\/\/planasa.com\/es\/variedad\/black-rainier\/#primaryimage","url":"https:\/\/planasa.com\/wp-content\/uploads\/2026\/04\/cabecera-blackrainier.webp","contentUrl":"https:\/\/planasa.com\/wp-content\/uploads\/2026\/04\/cabecera-blackrainier.webp","width":1920,"height":770,"caption":"Mora Black Rainier"},{"@type":"BreadcrumbList","@id":"https:\/\/planasa.com\/es\/variedad\/black-rainier\/#breadcrumb","itemListElement":[{"@type":"ListItem","position":1,"name":"Portada","item":"https:\/\/planasa.com\/es\/"},{"@type":"ListItem","position":2,"name":"Tienda","item":"https:\/\/planasa.com\/tienda\/"},{"@type":"ListItem","position":3,"name":"Black Rainier"}]},{"@type":"WebSite","@id":"https:\/\/planasa.com\/es\/#website","url":"https:\/\/planasa.com\/es\/","name":"Planasa","description":"Innovation in plant varieties","potentialAction":[{"@type":"SearchAction","target":{"@type":"EntryPoint","urlTemplate":"https:\/\/planasa.com\/es\/?s={search_term_string}"},"query-input":{"@type":"PropertyValueSpecification","valueRequired":true,"valueName":"search_term_string"}}],"inLanguage":"es"}]}},"_links":{"self":[{"href":"https:\/\/planasa.com\/es\/wp-json\/wp\/v2\/product\/38863","targetHints":{"allow":["GET"]}}],"collection":[{"href":"https:\/\/planasa.com\/es\/wp-json\/wp\/v2\/product"}],"about":[{"href":"https:\/\/planasa.com\/es\/wp-json\/wp\/v2\/types\/product"}],"replies":[{"embeddable":true,"href":"https:\/\/planasa.com\/es\/wp-json\/wp\/v2\/comments?post=38863"}],"wp:featuredmedia":[{"embeddable":true,"href":"https:\/\/planasa.com\/es\/wp-json\/wp\/v2\/media\/38859"}],"wp:attachment":[{"href":"https:\/\/planasa.com\/es\/wp-json\/wp\/v2\/media?parent=38863"}],"wp:term":[{"taxonomy":"product_brand","embeddable":true,"href":"https:\/\/planasa.com\/es\/wp-json\/wp\/v2\/product_brand?post=38863"},{"taxonomy":"product_cat","embeddable":true,"href":"https:\/\/planasa.com\/es\/wp-json\/wp\/v2\/product_cat?post=38863"},{"taxonomy":"product_tag","embeddable":true,"href":"https:\/\/planasa.com\/es\/wp-json\/wp\/v2\/product_tag?post=38863"}],"curies":[{"name":"wp","href":"https:\/\/api.w.org\/{rel}","templated":true}]}}