
{"id":4032,"date":"2022-03-07T21:40:53","date_gmt":"2022-03-07T21:40:53","guid":{"rendered":"http:\/\/localhost\/planasa.com\/producto\/blue-masirah\/"},"modified":"2024-10-31T07:40:49","modified_gmt":"2022-04-05T12:55:48","slug":"blue-masirah","status":"publish","type":"product","link":"https:\/\/planasa.com\/es\/variedad\/blue-masirah\/","title":{"rendered":"Blue Masirah"},"content":{"rendered":"","protected":false},"excerpt":{"rendered":"","protected":false},"featured_media":8206,"comment_status":"closed","ping_status":"closed","template":"","meta":[],"product_brand":[],"product_cat":[174],"product_tag":[],"class_list":{"0":"post-4032","1":"product","2":"type-product","3":"status-publish","4":"has-post-thumbnail","6":"product_cat-blueberry-6","8":"first","9":"instock","10":"shipping-taxable","11":"product-type-simple"},"yoast_head":"<!-- This site is optimized with the Yoast SEO plugin v27.4 - https:\/\/yoast.com\/product\/yoast-seo-wordpress\/ -->\n<title>Planasa - arandano - Blue Masirah<\/title>\n<meta name=\"description\" content=\"Blue Masirah\u00ae Es una variedad de ar\u00e1nano r\u00fastica y muy productiva en estaci\u00f3n.\" \/>\n<meta name=\"robots\" content=\"index, follow, max-snippet:-1, max-image-preview:large, max-video-preview:-1\" \/>\n<link rel=\"canonical\" href=\"https:\/\/planasa.com\/es\/variedad\/blue-masirah\/\" \/>\n<meta property=\"og:locale\" content=\"es_ES\" \/>\n<meta property=\"og:type\" content=\"article\" \/>\n<meta property=\"og:title\" content=\"Planasa - arandano - Blue Masirah\" \/>\n<meta property=\"og:description\" content=\"Blue Masirah\u00ae Es una variedad de ar\u00e1nano r\u00fastica y muy productiva en estaci\u00f3n.\" \/>\n<meta property=\"og:url\" content=\"https:\/\/planasa.com\/es\/variedad\/blue-masirah\/\" \/>\n<meta property=\"og:site_name\" content=\"Planasa\" \/>\n<meta property=\"article:modified_time\" content=\"2022-04-05T12:55:48+00:00\" \/>\n<meta property=\"og:image\" content=\"https:\/\/planasa.com\/wp-content\/uploads\/2022\/03\/planasa-bluemasirah-14.jpeg\" \/>\n\t<meta property=\"og:image:width\" content=\"1920\" \/>\n\t<meta property=\"og:image:height\" content=\"770\" \/>\n\t<meta property=\"og:image:type\" content=\"image\/jpeg\" \/>\n<meta name=\"twitter:card\" content=\"summary_large_image\" \/>\n<script type=\"application\/ld+json\" class=\"yoast-schema-graph\">{\"@context\":\"https:\\\/\\\/schema.org\",\"@graph\":[{\"@type\":\"WebPage\",\"@id\":\"https:\\\/\\\/planasa.com\\\/es\\\/variedad\\\/blue-masirah\\\/\",\"url\":\"https:\\\/\\\/planasa.com\\\/es\\\/variedad\\\/blue-masirah\\\/\",\"name\":\"Planasa - arandano - Blue Masirah\",\"isPartOf\":{\"@id\":\"https:\\\/\\\/planasa.com\\\/es\\\/#website\"},\"primaryImageOfPage\":{\"@id\":\"https:\\\/\\\/planasa.com\\\/es\\\/variedad\\\/blue-masirah\\\/#primaryimage\"},\"image\":{\"@id\":\"https:\\\/\\\/planasa.com\\\/es\\\/variedad\\\/blue-masirah\\\/#primaryimage\"},\"thumbnailUrl\":\"https:\\\/\\\/planasa.com\\\/wp-content\\\/uploads\\\/2022\\\/03\\\/planasa-bluemasirah-14.jpeg\",\"datePublished\":\"2022-03-07T21:40:53+00:00\",\"dateModified\":\"2022-04-05T12:55:48+00:00\",\"description\":\"Blue Masirah\u00ae Es una variedad de ar\u00e1nano r\u00fastica y muy productiva en estaci\u00f3n.\",\"breadcrumb\":{\"@id\":\"https:\\\/\\\/planasa.com\\\/es\\\/variedad\\\/blue-masirah\\\/#breadcrumb\"},\"inLanguage\":\"es\",\"potentialAction\":[{\"@type\":\"ReadAction\",\"target\":[\"https:\\\/\\\/planasa.com\\\/es\\\/variedad\\\/blue-masirah\\\/\"]}]},{\"@type\":\"ImageObject\",\"inLanguage\":\"es\",\"@id\":\"https:\\\/\\\/planasa.com\\\/es\\\/variedad\\\/blue-masirah\\\/#primaryimage\",\"url\":\"https:\\\/\\\/planasa.com\\\/wp-content\\\/uploads\\\/2022\\\/03\\\/planasa-bluemasirah-14.jpeg\",\"contentUrl\":\"https:\\\/\\\/planasa.com\\\/wp-content\\\/uploads\\\/2022\\\/03\\\/planasa-bluemasirah-14.jpeg\",\"width\":1920,\"height\":770},{\"@type\":\"BreadcrumbList\",\"@id\":\"https:\\\/\\\/planasa.com\\\/es\\\/variedad\\\/blue-masirah\\\/#breadcrumb\",\"itemListElement\":[{\"@type\":\"ListItem\",\"position\":1,\"name\":\"Portada\",\"item\":\"https:\\\/\\\/planasa.com\\\/es\\\/\"},{\"@type\":\"ListItem\",\"position\":2,\"name\":\"Tienda\",\"item\":\"https:\\\/\\\/planasa.com\\\/tienda\\\/\"},{\"@type\":\"ListItem\",\"position\":3,\"name\":\"Blue Masirah\"}]},{\"@type\":\"WebSite\",\"@id\":\"https:\\\/\\\/planasa.com\\\/es\\\/#website\",\"url\":\"https:\\\/\\\/planasa.com\\\/es\\\/\",\"name\":\"Planasa\",\"description\":\"Innovation in plant varieties\",\"potentialAction\":[{\"@type\":\"SearchAction\",\"target\":{\"@type\":\"EntryPoint\",\"urlTemplate\":\"https:\\\/\\\/planasa.com\\\/es\\\/?s={search_term_string}\"},\"query-input\":{\"@type\":\"PropertyValueSpecification\",\"valueRequired\":true,\"valueName\":\"search_term_string\"}}],\"inLanguage\":\"es\"}]}<\/script>\n<!-- \/ Yoast SEO plugin. -->","yoast_head_json":{"title":"Planasa - arandano - Blue Masirah","description":"Blue Masirah\u00ae Es una variedad de ar\u00e1nano r\u00fastica y muy productiva en estaci\u00f3n.","robots":{"index":"index","follow":"follow","max-snippet":"max-snippet:-1","max-image-preview":"max-image-preview:large","max-video-preview":"max-video-preview:-1"},"canonical":"https:\/\/planasa.com\/es\/variedad\/blue-masirah\/","og_locale":"es_ES","og_type":"article","og_title":"Planasa - arandano - Blue Masirah","og_description":"Blue Masirah\u00ae Es una variedad de ar\u00e1nano r\u00fastica y muy productiva en estaci\u00f3n.","og_url":"https:\/\/planasa.com\/es\/variedad\/blue-masirah\/","og_site_name":"Planasa","article_modified_time":"2022-04-05T12:55:48+00:00","og_image":[{"width":1920,"height":770,"url":"https:\/\/planasa.com\/wp-content\/uploads\/2022\/03\/planasa-bluemasirah-14.jpeg","type":"image\/jpeg"}],"twitter_card":"summary_large_image","schema":{"@context":"https:\/\/schema.org","@graph":[{"@type":"WebPage","@id":"https:\/\/planasa.com\/es\/variedad\/blue-masirah\/","url":"https:\/\/planasa.com\/es\/variedad\/blue-masirah\/","name":"Planasa - arandano - Blue Masirah","isPartOf":{"@id":"https:\/\/planasa.com\/es\/#website"},"primaryImageOfPage":{"@id":"https:\/\/planasa.com\/es\/variedad\/blue-masirah\/#primaryimage"},"image":{"@id":"https:\/\/planasa.com\/es\/variedad\/blue-masirah\/#primaryimage"},"thumbnailUrl":"https:\/\/planasa.com\/wp-content\/uploads\/2022\/03\/planasa-bluemasirah-14.jpeg","datePublished":"2022-03-07T21:40:53+00:00","dateModified":"2022-04-05T12:55:48+00:00","description":"Blue Masirah\u00ae Es una variedad de ar\u00e1nano r\u00fastica y muy productiva en estaci\u00f3n.","breadcrumb":{"@id":"https:\/\/planasa.com\/es\/variedad\/blue-masirah\/#breadcrumb"},"inLanguage":"es","potentialAction":[{"@type":"ReadAction","target":["https:\/\/planasa.com\/es\/variedad\/blue-masirah\/"]}]},{"@type":"ImageObject","inLanguage":"es","@id":"https:\/\/planasa.com\/es\/variedad\/blue-masirah\/#primaryimage","url":"https:\/\/planasa.com\/wp-content\/uploads\/2022\/03\/planasa-bluemasirah-14.jpeg","contentUrl":"https:\/\/planasa.com\/wp-content\/uploads\/2022\/03\/planasa-bluemasirah-14.jpeg","width":1920,"height":770},{"@type":"BreadcrumbList","@id":"https:\/\/planasa.com\/es\/variedad\/blue-masirah\/#breadcrumb","itemListElement":[{"@type":"ListItem","position":1,"name":"Portada","item":"https:\/\/planasa.com\/es\/"},{"@type":"ListItem","position":2,"name":"Tienda","item":"https:\/\/planasa.com\/tienda\/"},{"@type":"ListItem","position":3,"name":"Blue Masirah"}]},{"@type":"WebSite","@id":"https:\/\/planasa.com\/es\/#website","url":"https:\/\/planasa.com\/es\/","name":"Planasa","description":"Innovation in plant varieties","potentialAction":[{"@type":"SearchAction","target":{"@type":"EntryPoint","urlTemplate":"https:\/\/planasa.com\/es\/?s={search_term_string}"},"query-input":{"@type":"PropertyValueSpecification","valueRequired":true,"valueName":"search_term_string"}}],"inLanguage":"es"}]}},"_links":{"self":[{"href":"https:\/\/planasa.com\/es\/wp-json\/wp\/v2\/product\/4032","targetHints":{"allow":["GET"]}}],"collection":[{"href":"https:\/\/planasa.com\/es\/wp-json\/wp\/v2\/product"}],"about":[{"href":"https:\/\/planasa.com\/es\/wp-json\/wp\/v2\/types\/product"}],"replies":[{"embeddable":true,"href":"https:\/\/planasa.com\/es\/wp-json\/wp\/v2\/comments?post=4032"}],"wp:featuredmedia":[{"embeddable":true,"href":"https:\/\/planasa.com\/es\/wp-json\/wp\/v2\/media\/8206"}],"wp:attachment":[{"href":"https:\/\/planasa.com\/es\/wp-json\/wp\/v2\/media?parent=4032"}],"wp:term":[{"taxonomy":"product_brand","embeddable":true,"href":"https:\/\/planasa.com\/es\/wp-json\/wp\/v2\/product_brand?post=4032"},{"taxonomy":"product_cat","embeddable":true,"href":"https:\/\/planasa.com\/es\/wp-json\/wp\/v2\/product_cat?post=4032"},{"taxonomy":"product_tag","embeddable":true,"href":"https:\/\/planasa.com\/es\/wp-json\/wp\/v2\/product_tag?post=4032"}],"curies":[{"name":"wp","href":"https:\/\/api.w.org\/{rel}","templated":true}]}}