
{"id":18717,"date":"2023-10-02T06:26:19","date_gmt":"2023-10-02T06:26:19","guid":{"rendered":"http:\/\/localhost\/planasa.com\/variety\/pink-hudson\/"},"modified":"2024-12-17T08:45:05","modified_gmt":"2024-11-27T08:57:01","slug":"pink-hudson","status":"publish","type":"product","link":"https:\/\/planasa.com\/fr\/variete\/pink-hudson\/","title":{"rendered":"Pink Hudson"},"content":{"rendered":"","protected":false},"excerpt":{"rendered":"","protected":false},"featured_media":29509,"comment_status":"closed","ping_status":"closed","template":"","meta":[],"product_brand":[],"product_cat":[],"product_tag":[],"class_list":{"0":"post-18717","1":"product","2":"type-product","3":"status-publish","4":"has-post-thumbnail","6":"first","7":"instock","8":"shipping-taxable","9":"product-type-simple"},"yoast_head":"<!-- This site is optimized with the Yoast SEO plugin v27.4 - https:\/\/yoast.com\/product\/yoast-seo-wordpress\/ -->\n<title>Planasa - framboise - pinkhudson<\/title>\n<meta name=\"description\" content=\"Pink Hudson\u00ae est une vari\u00e9t\u00e9 de framboise avec un bon rendement de fruits de tr\u00e8s haute qualit\u00e9. Elle permet une production en deux r\u00e9coltes.\" \/>\n<meta name=\"robots\" content=\"index, follow, max-snippet:-1, max-image-preview:large, max-video-preview:-1\" \/>\n<link rel=\"canonical\" href=\"https:\/\/planasa.com\/fr\/variete\/pink-hudson\/\" \/>\n<meta property=\"og:locale\" content=\"fr_FR\" \/>\n<meta property=\"og:type\" content=\"article\" \/>\n<meta property=\"og:title\" content=\"Planasa - framboise - pinkhudson\" \/>\n<meta property=\"og:description\" content=\"Pink Hudson\u00ae est une vari\u00e9t\u00e9 de framboise avec un bon rendement de fruits de tr\u00e8s haute qualit\u00e9. Elle permet une production en deux r\u00e9coltes.\" \/>\n<meta property=\"og:url\" content=\"https:\/\/planasa.com\/fr\/variete\/pink-hudson\/\" \/>\n<meta property=\"og:site_name\" content=\"Planasa\" \/>\n<meta property=\"article:modified_time\" content=\"2024-11-27T08:57:01+00:00\" \/>\n<meta property=\"og:image\" content=\"https:\/\/planasa.com\/wp-content\/uploads\/\/2024\/08\/FRAMBUESA_14103_002.jpg\" \/>\n\t<meta property=\"og:image:width\" content=\"1920\" \/>\n\t<meta property=\"og:image:height\" content=\"1280\" \/>\n\t<meta property=\"og:image:type\" content=\"image\/jpeg\" \/>\n<meta name=\"twitter:card\" content=\"summary_large_image\" \/>\n<script type=\"application\/ld+json\" class=\"yoast-schema-graph\">{\"@context\":\"https:\\\/\\\/schema.org\",\"@graph\":[{\"@type\":\"WebPage\",\"@id\":\"https:\\\/\\\/planasa.com\\\/fr\\\/variete\\\/pink-hudson\\\/\",\"url\":\"https:\\\/\\\/planasa.com\\\/fr\\\/variete\\\/pink-hudson\\\/\",\"name\":\"Planasa - framboise - pinkhudson\",\"isPartOf\":{\"@id\":\"https:\\\/\\\/planasa.com\\\/fr\\\/#website\"},\"primaryImageOfPage\":{\"@id\":\"https:\\\/\\\/planasa.com\\\/fr\\\/variete\\\/pink-hudson\\\/#primaryimage\"},\"image\":{\"@id\":\"https:\\\/\\\/planasa.com\\\/fr\\\/variete\\\/pink-hudson\\\/#primaryimage\"},\"thumbnailUrl\":\"https:\\\/\\\/planasa.com\\\/wp-content\\\/uploads\\\/\\\/2024\\\/08\\\/FRAMBUESA_14103_002.jpg\",\"datePublished\":\"2023-10-02T06:26:19+00:00\",\"dateModified\":\"2024-11-27T08:57:01+00:00\",\"description\":\"Pink Hudson\u00ae est une vari\u00e9t\u00e9 de framboise avec un bon rendement de fruits de tr\u00e8s haute qualit\u00e9. Elle permet une production en deux r\u00e9coltes.\",\"breadcrumb\":{\"@id\":\"https:\\\/\\\/planasa.com\\\/fr\\\/variete\\\/pink-hudson\\\/#breadcrumb\"},\"inLanguage\":\"fr-FR\",\"potentialAction\":[{\"@type\":\"ReadAction\",\"target\":[\"https:\\\/\\\/planasa.com\\\/fr\\\/variete\\\/pink-hudson\\\/\"]}]},{\"@type\":\"ImageObject\",\"inLanguage\":\"fr-FR\",\"@id\":\"https:\\\/\\\/planasa.com\\\/fr\\\/variete\\\/pink-hudson\\\/#primaryimage\",\"url\":\"https:\\\/\\\/planasa.com\\\/wp-content\\\/uploads\\\/\\\/2024\\\/08\\\/FRAMBUESA_14103_002.jpg\",\"contentUrl\":\"https:\\\/\\\/planasa.com\\\/wp-content\\\/uploads\\\/\\\/2024\\\/08\\\/FRAMBUESA_14103_002.jpg\",\"width\":1920,\"height\":1280},{\"@type\":\"BreadcrumbList\",\"@id\":\"https:\\\/\\\/planasa.com\\\/fr\\\/variete\\\/pink-hudson\\\/#breadcrumb\",\"itemListElement\":[{\"@type\":\"ListItem\",\"position\":1,\"name\":\"Portada\",\"item\":\"https:\\\/\\\/planasa.com\\\/fr\\\/\"},{\"@type\":\"ListItem\",\"position\":2,\"name\":\"Boutique\",\"item\":\"https:\\\/\\\/planasa.com\\\/tienda\\\/\"},{\"@type\":\"ListItem\",\"position\":3,\"name\":\"Pink Hudson\"}]},{\"@type\":\"WebSite\",\"@id\":\"https:\\\/\\\/planasa.com\\\/fr\\\/#website\",\"url\":\"https:\\\/\\\/planasa.com\\\/fr\\\/\",\"name\":\"Planasa\",\"description\":\"Good Plants, Good Fruits\",\"potentialAction\":[{\"@type\":\"SearchAction\",\"target\":{\"@type\":\"EntryPoint\",\"urlTemplate\":\"https:\\\/\\\/planasa.com\\\/fr\\\/?s={search_term_string}\"},\"query-input\":{\"@type\":\"PropertyValueSpecification\",\"valueRequired\":true,\"valueName\":\"search_term_string\"}}],\"inLanguage\":\"fr-FR\"}]}<\/script>\n<!-- \/ Yoast SEO plugin. -->","yoast_head_json":{"title":"Planasa - framboise - pinkhudson","description":"Pink Hudson\u00ae est une vari\u00e9t\u00e9 de framboise avec un bon rendement de fruits de tr\u00e8s haute qualit\u00e9. Elle permet une production en deux r\u00e9coltes.","robots":{"index":"index","follow":"follow","max-snippet":"max-snippet:-1","max-image-preview":"max-image-preview:large","max-video-preview":"max-video-preview:-1"},"canonical":"https:\/\/planasa.com\/fr\/variete\/pink-hudson\/","og_locale":"fr_FR","og_type":"article","og_title":"Planasa - framboise - pinkhudson","og_description":"Pink Hudson\u00ae est une vari\u00e9t\u00e9 de framboise avec un bon rendement de fruits de tr\u00e8s haute qualit\u00e9. Elle permet une production en deux r\u00e9coltes.","og_url":"https:\/\/planasa.com\/fr\/variete\/pink-hudson\/","og_site_name":"Planasa","article_modified_time":"2024-11-27T08:57:01+00:00","og_image":[{"width":1920,"height":1280,"url":"https:\/\/planasa.com\/wp-content\/uploads\/\/2024\/08\/FRAMBUESA_14103_002.jpg","type":"image\/jpeg"}],"twitter_card":"summary_large_image","schema":{"@context":"https:\/\/schema.org","@graph":[{"@type":"WebPage","@id":"https:\/\/planasa.com\/fr\/variete\/pink-hudson\/","url":"https:\/\/planasa.com\/fr\/variete\/pink-hudson\/","name":"Planasa - framboise - pinkhudson","isPartOf":{"@id":"https:\/\/planasa.com\/fr\/#website"},"primaryImageOfPage":{"@id":"https:\/\/planasa.com\/fr\/variete\/pink-hudson\/#primaryimage"},"image":{"@id":"https:\/\/planasa.com\/fr\/variete\/pink-hudson\/#primaryimage"},"thumbnailUrl":"https:\/\/planasa.com\/wp-content\/uploads\/\/2024\/08\/FRAMBUESA_14103_002.jpg","datePublished":"2023-10-02T06:26:19+00:00","dateModified":"2024-11-27T08:57:01+00:00","description":"Pink Hudson\u00ae est une vari\u00e9t\u00e9 de framboise avec un bon rendement de fruits de tr\u00e8s haute qualit\u00e9. Elle permet une production en deux r\u00e9coltes.","breadcrumb":{"@id":"https:\/\/planasa.com\/fr\/variete\/pink-hudson\/#breadcrumb"},"inLanguage":"fr-FR","potentialAction":[{"@type":"ReadAction","target":["https:\/\/planasa.com\/fr\/variete\/pink-hudson\/"]}]},{"@type":"ImageObject","inLanguage":"fr-FR","@id":"https:\/\/planasa.com\/fr\/variete\/pink-hudson\/#primaryimage","url":"https:\/\/planasa.com\/wp-content\/uploads\/\/2024\/08\/FRAMBUESA_14103_002.jpg","contentUrl":"https:\/\/planasa.com\/wp-content\/uploads\/\/2024\/08\/FRAMBUESA_14103_002.jpg","width":1920,"height":1280},{"@type":"BreadcrumbList","@id":"https:\/\/planasa.com\/fr\/variete\/pink-hudson\/#breadcrumb","itemListElement":[{"@type":"ListItem","position":1,"name":"Portada","item":"https:\/\/planasa.com\/fr\/"},{"@type":"ListItem","position":2,"name":"Boutique","item":"https:\/\/planasa.com\/tienda\/"},{"@type":"ListItem","position":3,"name":"Pink Hudson"}]},{"@type":"WebSite","@id":"https:\/\/planasa.com\/fr\/#website","url":"https:\/\/planasa.com\/fr\/","name":"Planasa","description":"Good Plants, Good Fruits","potentialAction":[{"@type":"SearchAction","target":{"@type":"EntryPoint","urlTemplate":"https:\/\/planasa.com\/fr\/?s={search_term_string}"},"query-input":{"@type":"PropertyValueSpecification","valueRequired":true,"valueName":"search_term_string"}}],"inLanguage":"fr-FR"}]}},"_links":{"self":[{"href":"https:\/\/planasa.com\/fr\/wp-json\/wp\/v2\/product\/18717","targetHints":{"allow":["GET"]}}],"collection":[{"href":"https:\/\/planasa.com\/fr\/wp-json\/wp\/v2\/product"}],"about":[{"href":"https:\/\/planasa.com\/fr\/wp-json\/wp\/v2\/types\/product"}],"replies":[{"embeddable":true,"href":"https:\/\/planasa.com\/fr\/wp-json\/wp\/v2\/comments?post=18717"}],"wp:featuredmedia":[{"embeddable":true,"href":"https:\/\/planasa.com\/fr\/wp-json\/wp\/v2\/media\/29509"}],"wp:attachment":[{"href":"https:\/\/planasa.com\/fr\/wp-json\/wp\/v2\/media?parent=18717"}],"wp:term":[{"taxonomy":"product_brand","embeddable":true,"href":"https:\/\/planasa.com\/fr\/wp-json\/wp\/v2\/product_brand?post=18717"},{"taxonomy":"product_cat","embeddable":true,"href":"https:\/\/planasa.com\/fr\/wp-json\/wp\/v2\/product_cat?post=18717"},{"taxonomy":"product_tag","embeddable":true,"href":"https:\/\/planasa.com\/fr\/wp-json\/wp\/v2\/product_tag?post=18717"}],"curies":[{"name":"wp","href":"https:\/\/api.w.org\/{rel}","templated":true}]}}