
{"id":5774,"date":"2022-03-07T21:42:04","date_gmt":"2022-03-07T21:42:04","guid":{"rendered":"http:\/\/localhost\/planasa.com\/producto\/duchesse\/"},"modified":"2024-11-28T09:26:12","modified_gmt":"2024-02-06T12:21:08","slug":"duchesse","status":"publish","type":"product","link":"https:\/\/planasa.com\/fr\/variete\/duchesse\/","title":{"rendered":"Duchesse"},"content":{"rendered":"","protected":false},"excerpt":{"rendered":"","protected":false},"featured_media":21500,"comment_status":"closed","ping_status":"closed","template":"","meta":[],"product_brand":[],"product_cat":[],"product_tag":[],"class_list":{"0":"post-5774","1":"product","2":"type-product","3":"status-publish","4":"has-post-thumbnail","6":"first","7":"instock","8":"shipping-taxable","9":"product-type-simple"},"yoast_head":"<!-- This site is optimized with the Yoast SEO plugin v27.4 - https:\/\/yoast.com\/product\/yoast-seo-wordpress\/ -->\n<title>Planasa - fraise - Duchesse<\/title>\n<meta name=\"description\" content=\"Duchesse est une vari\u00e9t\u00e9 de fraise pr\u00e9coce, rustique et \u00e0 haut rendement, surtout en fin de saison.\" \/>\n<meta name=\"robots\" content=\"index, follow, max-snippet:-1, max-image-preview:large, max-video-preview:-1\" \/>\n<link rel=\"canonical\" href=\"https:\/\/planasa.com\/fr\/variete\/duchesse\/\" \/>\n<meta property=\"og:locale\" content=\"fr_FR\" \/>\n<meta property=\"og:type\" content=\"article\" \/>\n<meta property=\"og:title\" content=\"Planasa - fraise - Duchesse\" \/>\n<meta property=\"og:description\" content=\"Duchesse est une vari\u00e9t\u00e9 de fraise pr\u00e9coce, rustique et \u00e0 haut rendement, surtout en fin de saison.\" \/>\n<meta property=\"og:url\" content=\"https:\/\/planasa.com\/fr\/variete\/duchesse\/\" \/>\n<meta property=\"og:site_name\" content=\"Planasa\" \/>\n<meta property=\"article:modified_time\" content=\"2024-02-06T12:21:08+00:00\" \/>\n<meta property=\"og:image\" content=\"https:\/\/planasa.com\/wp-content\/uploads\/2024\/02\/imagen-adaptada_portada-1-1-1024x384.png\" \/>\n\t<meta property=\"og:image:width\" content=\"1024\" \/>\n\t<meta property=\"og:image:height\" content=\"384\" \/>\n\t<meta property=\"og:image:type\" content=\"image\/png\" \/>\n<meta name=\"twitter:card\" content=\"summary_large_image\" \/>\n<script type=\"application\/ld+json\" class=\"yoast-schema-graph\">{\"@context\":\"https:\\\/\\\/schema.org\",\"@graph\":[{\"@type\":\"WebPage\",\"@id\":\"https:\\\/\\\/planasa.com\\\/fr\\\/variete\\\/duchesse\\\/\",\"url\":\"https:\\\/\\\/planasa.com\\\/fr\\\/variete\\\/duchesse\\\/\",\"name\":\"Planasa - fraise - Duchesse\",\"isPartOf\":{\"@id\":\"https:\\\/\\\/planasa.com\\\/fr\\\/#website\"},\"primaryImageOfPage\":{\"@id\":\"https:\\\/\\\/planasa.com\\\/fr\\\/variete\\\/duchesse\\\/#primaryimage\"},\"image\":{\"@id\":\"https:\\\/\\\/planasa.com\\\/fr\\\/variete\\\/duchesse\\\/#primaryimage\"},\"thumbnailUrl\":\"https:\\\/\\\/planasa.com\\\/wp-content\\\/uploads\\\/2024\\\/02\\\/imagen-adaptada_portada-1-1.png\",\"datePublished\":\"2022-03-07T21:42:04+00:00\",\"dateModified\":\"2024-02-06T12:21:08+00:00\",\"description\":\"Duchesse est une vari\u00e9t\u00e9 de fraise pr\u00e9coce, rustique et \u00e0 haut rendement, surtout en fin de saison.\",\"breadcrumb\":{\"@id\":\"https:\\\/\\\/planasa.com\\\/fr\\\/variete\\\/duchesse\\\/#breadcrumb\"},\"inLanguage\":\"fr-FR\",\"potentialAction\":[{\"@type\":\"ReadAction\",\"target\":[\"https:\\\/\\\/planasa.com\\\/fr\\\/variete\\\/duchesse\\\/\"]}]},{\"@type\":\"ImageObject\",\"inLanguage\":\"fr-FR\",\"@id\":\"https:\\\/\\\/planasa.com\\\/fr\\\/variete\\\/duchesse\\\/#primaryimage\",\"url\":\"https:\\\/\\\/planasa.com\\\/wp-content\\\/uploads\\\/2024\\\/02\\\/imagen-adaptada_portada-1-1.png\",\"contentUrl\":\"https:\\\/\\\/planasa.com\\\/wp-content\\\/uploads\\\/2024\\\/02\\\/imagen-adaptada_portada-1-1.png\",\"width\":1920,\"height\":720},{\"@type\":\"BreadcrumbList\",\"@id\":\"https:\\\/\\\/planasa.com\\\/fr\\\/variete\\\/duchesse\\\/#breadcrumb\",\"itemListElement\":[{\"@type\":\"ListItem\",\"position\":1,\"name\":\"Portada\",\"item\":\"https:\\\/\\\/planasa.com\\\/fr\\\/\"},{\"@type\":\"ListItem\",\"position\":2,\"name\":\"Boutique\",\"item\":\"https:\\\/\\\/planasa.com\\\/tienda\\\/\"},{\"@type\":\"ListItem\",\"position\":3,\"name\":\"Duchesse\"}]},{\"@type\":\"WebSite\",\"@id\":\"https:\\\/\\\/planasa.com\\\/fr\\\/#website\",\"url\":\"https:\\\/\\\/planasa.com\\\/fr\\\/\",\"name\":\"Planasa\",\"description\":\"Good Plants, Good Fruits\",\"potentialAction\":[{\"@type\":\"SearchAction\",\"target\":{\"@type\":\"EntryPoint\",\"urlTemplate\":\"https:\\\/\\\/planasa.com\\\/fr\\\/?s={search_term_string}\"},\"query-input\":{\"@type\":\"PropertyValueSpecification\",\"valueRequired\":true,\"valueName\":\"search_term_string\"}}],\"inLanguage\":\"fr-FR\"}]}<\/script>\n<!-- \/ Yoast SEO plugin. -->","yoast_head_json":{"title":"Planasa - fraise - Duchesse","description":"Duchesse est une vari\u00e9t\u00e9 de fraise pr\u00e9coce, rustique et \u00e0 haut rendement, surtout en fin de saison.","robots":{"index":"index","follow":"follow","max-snippet":"max-snippet:-1","max-image-preview":"max-image-preview:large","max-video-preview":"max-video-preview:-1"},"canonical":"https:\/\/planasa.com\/fr\/variete\/duchesse\/","og_locale":"fr_FR","og_type":"article","og_title":"Planasa - fraise - Duchesse","og_description":"Duchesse est une vari\u00e9t\u00e9 de fraise pr\u00e9coce, rustique et \u00e0 haut rendement, surtout en fin de saison.","og_url":"https:\/\/planasa.com\/fr\/variete\/duchesse\/","og_site_name":"Planasa","article_modified_time":"2024-02-06T12:21:08+00:00","og_image":[{"width":1024,"height":384,"url":"https:\/\/planasa.com\/wp-content\/uploads\/2024\/02\/imagen-adaptada_portada-1-1-1024x384.png","type":"image\/png"}],"twitter_card":"summary_large_image","schema":{"@context":"https:\/\/schema.org","@graph":[{"@type":"WebPage","@id":"https:\/\/planasa.com\/fr\/variete\/duchesse\/","url":"https:\/\/planasa.com\/fr\/variete\/duchesse\/","name":"Planasa - fraise - Duchesse","isPartOf":{"@id":"https:\/\/planasa.com\/fr\/#website"},"primaryImageOfPage":{"@id":"https:\/\/planasa.com\/fr\/variete\/duchesse\/#primaryimage"},"image":{"@id":"https:\/\/planasa.com\/fr\/variete\/duchesse\/#primaryimage"},"thumbnailUrl":"https:\/\/planasa.com\/wp-content\/uploads\/2024\/02\/imagen-adaptada_portada-1-1.png","datePublished":"2022-03-07T21:42:04+00:00","dateModified":"2024-02-06T12:21:08+00:00","description":"Duchesse est une vari\u00e9t\u00e9 de fraise pr\u00e9coce, rustique et \u00e0 haut rendement, surtout en fin de saison.","breadcrumb":{"@id":"https:\/\/planasa.com\/fr\/variete\/duchesse\/#breadcrumb"},"inLanguage":"fr-FR","potentialAction":[{"@type":"ReadAction","target":["https:\/\/planasa.com\/fr\/variete\/duchesse\/"]}]},{"@type":"ImageObject","inLanguage":"fr-FR","@id":"https:\/\/planasa.com\/fr\/variete\/duchesse\/#primaryimage","url":"https:\/\/planasa.com\/wp-content\/uploads\/2024\/02\/imagen-adaptada_portada-1-1.png","contentUrl":"https:\/\/planasa.com\/wp-content\/uploads\/2024\/02\/imagen-adaptada_portada-1-1.png","width":1920,"height":720},{"@type":"BreadcrumbList","@id":"https:\/\/planasa.com\/fr\/variete\/duchesse\/#breadcrumb","itemListElement":[{"@type":"ListItem","position":1,"name":"Portada","item":"https:\/\/planasa.com\/fr\/"},{"@type":"ListItem","position":2,"name":"Boutique","item":"https:\/\/planasa.com\/tienda\/"},{"@type":"ListItem","position":3,"name":"Duchesse"}]},{"@type":"WebSite","@id":"https:\/\/planasa.com\/fr\/#website","url":"https:\/\/planasa.com\/fr\/","name":"Planasa","description":"Good Plants, Good Fruits","potentialAction":[{"@type":"SearchAction","target":{"@type":"EntryPoint","urlTemplate":"https:\/\/planasa.com\/fr\/?s={search_term_string}"},"query-input":{"@type":"PropertyValueSpecification","valueRequired":true,"valueName":"search_term_string"}}],"inLanguage":"fr-FR"}]}},"_links":{"self":[{"href":"https:\/\/planasa.com\/fr\/wp-json\/wp\/v2\/product\/5774","targetHints":{"allow":["GET"]}}],"collection":[{"href":"https:\/\/planasa.com\/fr\/wp-json\/wp\/v2\/product"}],"about":[{"href":"https:\/\/planasa.com\/fr\/wp-json\/wp\/v2\/types\/product"}],"replies":[{"embeddable":true,"href":"https:\/\/planasa.com\/fr\/wp-json\/wp\/v2\/comments?post=5774"}],"wp:featuredmedia":[{"embeddable":true,"href":"https:\/\/planasa.com\/fr\/wp-json\/wp\/v2\/media\/21500"}],"wp:attachment":[{"href":"https:\/\/planasa.com\/fr\/wp-json\/wp\/v2\/media?parent=5774"}],"wp:term":[{"taxonomy":"product_brand","embeddable":true,"href":"https:\/\/planasa.com\/fr\/wp-json\/wp\/v2\/product_brand?post=5774"},{"taxonomy":"product_cat","embeddable":true,"href":"https:\/\/planasa.com\/fr\/wp-json\/wp\/v2\/product_cat?post=5774"},{"taxonomy":"product_tag","embeddable":true,"href":"https:\/\/planasa.com\/fr\/wp-json\/wp\/v2\/product_tag?post=5774"}],"curies":[{"name":"wp","href":"https:\/\/api.w.org\/{rel}","templated":true}]}}