
{"id":3501,"date":"2022-02-08T18:50:55","date_gmt":"2022-02-08T18:50:55","guid":{"rendered":"http:\/\/localhost\/planasa.com\/privacy-policy\/"},"modified":"2024-03-12T15:33:17","modified_gmt":"2024-03-12T15:33:17","slug":"privacy-policy","status":"publish","type":"page","link":"https:\/\/planasa.com\/it\/privacy-policy\/","title":{"rendered":"PRIVACY POLICY"},"content":{"rendered":"[vc_row type=&#8221;in_container&#8221; full_screen_row_position=&#8221;middle&#8221; column_margin=&#8221;default&#8221; column_direction=&#8221;default&#8221; column_direction_tablet=&#8221;default&#8221; column_direction_phone=&#8221;default&#8221; scene_position=&#8221;center&#8221; text_color=&#8221;dark&#8221; text_align=&#8221;left&#8221; row_border_radius=&#8221;none&#8221; row_border_radius_applies=&#8221;bg&#8221; overflow=&#8221;visible&#8221; class=&#8221;legal-pages&#8221; id=&#8221;legal&#8221; advanced_gradient_angle=&#8221;0&#8243; overlay_strength=&#8221;0.3&#8243; gradient_direction=&#8221;left_to_right&#8221; shape_divider_position=&#8221;bottom&#8221; bg_image_animation=&#8221;none&#8221; gradient_type=&#8221;default&#8221; shape_type=&#8221;&#8221;][vc_column column_padding=&#8221;no-extra-padding&#8221; column_padding_tablet=&#8221;inherit&#8221; column_padding_phone=&#8221;inherit&#8221; column_padding_position=&#8221;all&#8221; column_element_spacing=&#8221;default&#8221; background_color_opacity=&#8221;1&#8243; background_hover_color_opacity=&#8221;1&#8243; column_shadow=&#8221;none&#8221; column_border_radius=&#8221;none&#8221; column_link_target=&#8221;_self&#8221; column_position=&#8221;default&#8221; gradient_direction=&#8221;left_to_right&#8221; overlay_strength=&#8221;0.3&#8243; width=&#8221;1\/1&#8243; tablet_width_inherit=&#8221;default&#8221; tablet_text_alignment=&#8221;default&#8221; phone_text_alignment=&#8221;default&#8221; animation_type=&#8221;default&#8221; bg_image_animation=&#8221;none&#8221; border_type=&#8221;simple&#8221; column_border_width=&#8221;none&#8221; column_border_style=&#8221;solid&#8221;][vc_column_text]\n<h1>POLITICA SULLA RISERVATEZZA<\/h1>\n<p>Alcuni dati di navigazione relativi all&#8217;indirizzo IP di ciascun utente vengono memorizzati quotidianamente nei file di log dei nostri server. In particolare, l&#8217;indirizzo IP stesso, il browser utilizzato, la definizione dello schermo, la lingua, il sistema operativo e la pagina di riferimento (compresi eventuali criteri inseriti in uno strumento di ricerca), che ci consentono di analizzare tendenze, gestire collegamenti e contenuti sul sito e raccogliere informazioni statistiche sul pubblico. L&#8217;utente rimane anonimo durante il processo e non viene fatto alcuno sforzo per associare l&#8217;indirizzo IP ai dati personali dell&#8217;utente.<\/p>\n<p>In questo senso la semplice navigazione sul web (ad eccezione degli utenti registrati) avviene in forma anonima, senza alcuno sforzo di identificazione dei visitatori che accedono al sito. In ogni caso, se fornisci dati personali attraverso questo sito web, per telefono o per posta elettronica, ti informiamo che tratteremo questi dati in conformit\u00e0 con la legislazione spagnola vigente in materia di protezione dei dati personali, e in particolare in conformit\u00e0 con Regolamento (UE) 2016\/679 del Parlamento Europeo e del Consiglio del 27 aprile 2016 relativo alla protezione delle persone fisiche con riguardo al trattamento dei dati personali, nonch\u00e9 alla libera circolazione di tali dati e alla direttiva ritorsioni 95\/46\/CE (Regolamento generale regolamento sulla protezione dei dati).<\/p>\n<h2>Informazioni sulla raccolta, elaborazione e conservazione dei tuoi dati<\/h2>\n<p>I dati forniti a Plantas de Navarra, S.A. (PLANASA) saranno incorporati nei nostri database e ad essi saranno applicate misure di sicurezza adeguate e sufficienti per garantirne la riservatezza e la segretezza e per evitarne l&#8217;alterazione o la perdita, nonch\u00e9 l&#8217;accesso da parte di persone non autorizzate.<\/p>\n<p>Tutti i dati forniti attraverso il sito web verranno utilizzati per l&#8217;analisi delle visite, del traffico e della navigazione sul web e per gestire contatti, richieste e informazioni attraverso il nostro Team Commerciale. I tuoi dati non saranno comunicati o ceduti a terzi, salvo nei casi previsti dalla legge.<\/p>\n<p>Inoltre, nel caso in cui tu sia interessato a lavorare con noi e inviarci il tuo curriculum o registrarti nel nostro database di lavoro attraverso la nostra sezione Carriere, ti informiamo che i tuoi dati saranno incorporati nei nostri archivi e utilizzati per processi di selezione attuali o futuri. Tali dati potranno essere trasferiti alle societ\u00e0 del gruppo (vedi Chi siamo per maggiori informazioni) sempre previo tuo consenso, e per le medesime finalit\u00e0.<\/p>\n<p>Con l&#8217;invio delle informazioni di cui sopra l&#8217;utente autorizza espressamente PLANASA al trattamento dei dati per le finalit\u00e0 indicate, costituendo questa la base giuridica del trattamento.<\/p>\n<p>I dati di cui sopra saranno conservati fino all&#8217;espletamento delle relative procedure o, comunque, per un periodo massimo di tre mesi, fatta eccezione per i dati riferiti ai cookie che saranno conservati secondo quanto indicato nella Cookie Policy. Nel caso di dati ricevuti attraverso la sezione Carriere, essi saranno conservati fino al completamento del processo di selezione a cui ti sei specificamente candidato, o a tempo indeterminato se non hai manifestato interesse per una particolare posizione. Ci\u00f2 non pregiudica l&#8217;esercizio dei tuoi diritti in materia di protezione dei dati come di seguito indicato.<\/p>\n<h2>Diritti degli interessati<\/h2>\n<p>Gli utenti possono richiedere a PLANASA, agli indirizzi indicati nel presente Avviso Legale e per iscritto, l&#8217;accesso ai dati personali relativi all&#8217;interessato, la loro rettifica o soppressione, nonch\u00e9 esercitare i propri diritti di limitazione del trattamento, opposizione e portabilit\u00e0 dei dati in conformit\u00e0 con le normative corrispondenti. In caso di dubbi sulla tua identit\u00e0, devi fornirci la documentazione sufficiente per dimostrarlo.<\/p>\n<p>Allo stesso modo, ti informiamo della possibilit\u00e0 di presentare un reclamo all&#8217;Agenzia spagnola per la protezione dei dati nel caso in cui ritieni che i tuoi dati non siano trattati correttamente.[\/vc_column_text][\/vc_column][\/vc_row][vc_row type=&#8221;full_width_background&#8221; full_screen_row_position=&#8221;middle&#8221; column_margin=&#8221;none&#8221; column_direction=&#8221;default&#8221; column_direction_tablet=&#8221;default&#8221; column_direction_phone=&#8221;default&#8221; bg_image=&#8221;848&#8243; bg_image_tablet=&#8221;980&#8243; bg_image_phone=&#8221;980&#8243; bg_position=&#8221;center center&#8221; background_image_loading=&#8221;default&#8221; bg_repeat=&#8221;no-repeat&#8221; scene_position=&#8221;center&#8221; top_padding=&#8221;250&#8243; bottom_padding=&#8221;40&#8243; top_margin=&#8221;-50&#8243; text_color=&#8221;dark&#8221; text_align=&#8221;left&#8221; row_border_radius=&#8221;none&#8221; row_border_radius_applies=&#8221;bg&#8221; overflow=&#8221;visible&#8221; id=&#8221;Row_form&#8221; advanced_gradient_angle=&#8221;0&#8243; overlay_strength=&#8221;0.3&#8243; gradient_direction=&#8221;left_to_right&#8221; shape_divider_position=&#8221;bottom&#8221; bg_image_animation=&#8221;none&#8221; gradient_type=&#8221;default&#8221; shape_type=&#8221;&#8221;][vc_column column_padding=&#8221;no-extra-padding&#8221; column_padding_tablet=&#8221;inherit&#8221; column_padding_phone=&#8221;inherit&#8221; column_padding_position=&#8221;all&#8221; column_element_spacing=&#8221;default&#8221; background_color_opacity=&#8221;1&#8243; background_hover_color_opacity=&#8221;1&#8243; column_shadow=&#8221;none&#8221; column_border_radius=&#8221;none&#8221; column_link_target=&#8221;_self&#8221; column_position=&#8221;default&#8221; gradient_direction=&#8221;left_to_right&#8221; overlay_strength=&#8221;0.3&#8243; width=&#8221;1\/1&#8243; tablet_width_inherit=&#8221;default&#8221; tablet_text_alignment=&#8221;default&#8221; phone_text_alignment=&#8221;default&#8221; animation_type=&#8221;default&#8221; bg_image_animation=&#8221;none&#8221; border_type=&#8221;simple&#8221; column_border_width=&#8221;none&#8221; column_border_style=&#8221;solid&#8221;][vc_column_text]\n<p style=\"text-align: center;\"><link rel='stylesheet' id='formidable-css' href='https:\/\/planasa.com\/wp-content\/plugins\/formidable\/css\/formidableforms.css?ver=4201321' type='text\/css' media='all' \/>\n<div class=\"frm_forms  with_frm_style frm_style_estilos-formidable\" id=\"frm_form_28_container\" data-token=\"98427fc8d7cd568946bcc0e3f7b3f75b\">\n<form enctype=\"multipart\/form-data\" method=\"post\" class=\"frm-show-form  frm_ajax_submit  frm_pro_form \" id=\"form_contactuslegal875df9ab91\" data-token=\"98427fc8d7cd568946bcc0e3f7b3f75b\">\n<div class=\"frm_form_fields \">\n<fieldset>\n<legend class=\"frm_screen_reader\">Contact Us Legal IT<\/legend>\r\n\r\n<div class=\"frm_fields_container\">\n<input type=\"hidden\" name=\"frm_action\" value=\"create\" \/>\n<input type=\"hidden\" name=\"form_id\" value=\"28\" \/>\n<input type=\"hidden\" name=\"frm_hide_fields_28\" id=\"frm_hide_fields_28\" value=\"\" \/>\n<input type=\"hidden\" name=\"form_key\" value=\"contactuslegal875df9ab91\" \/>\n<input type=\"hidden\" name=\"item_meta[0]\" value=\"\" \/>\n<input type=\"hidden\" id=\"frm_submit_entry_28\" name=\"frm_submit_entry_28\" value=\"db4b8d477a\" \/><input type=\"hidden\" name=\"_wp_http_referer\" value=\"\/it\/wp-json\/wp\/v2\/pages\/3501\" \/><div id=\"frm_field_202_container\" class=\"frm_form_field  frm_html_container form-field\">\n<p id=\"H3_Size_rp\">CONTACT US<\/p>\n<\/div>\n<div id=\"frm_field_203_container\" class=\"frm_form_field form-field  frm_required_field frm_none_container frm4 frm_first\">\r\n    <label for=\"field_22givf018e358d3\" id=\"field_22givf018e358d3_label\" class=\"frm_primary_label\">Nome\r\n        <span class=\"frm_required\">*<\/span>\r\n    <\/label>\r\n    <input  type=\"text\" id=\"field_22givf018e358d3\" name=\"item_meta[203]\" value=\"\"  maxlength=\"90\" placeholder=\"Nome*\" data-reqmsg=\"Si prega di fornire un nome\" aria-required=\"true\" data-invmsg=\"Text is invalid\" aria-invalid=\"false\"   \/>\r\n    \r\n    \r\n<\/div>\n<div id=\"frm_field_204_container\" class=\"frm_form_field form-field  frm_required_field frm_none_container frm4\">\r\n    <label for=\"field_29yf4d68dec4f4f3\" id=\"field_29yf4d68dec4f4f3_label\" class=\"frm_primary_label\">Email\r\n        <span class=\"frm_required\">*<\/span>\r\n    <\/label>\r\n    <input type=\"email\" id=\"field_29yf4d68dec4f4f3\" name=\"item_meta[204]\" value=\"\"  maxlength=\"90\" placeholder=\"Email*\" data-reqmsg=\"Inserisci una email valida\" aria-required=\"true\" data-invmsg=\"Si prega di fornire un indirizzo e-mail corretto\" aria-invalid=\"false\"  \/>\r\n    \r\n    \r\n<\/div>\n<div id=\"frm_field_205_container\" class=\"frm_form_field form-field  frm_none_container frm4\">\r\n    <label for=\"field_zks6743a034dfdd\" id=\"field_zks6743a034dfdd_label\" class=\"frm_primary_label\">Messaggio \r\n        <span class=\"frm_required\"><\/span>\r\n    <\/label>\r\n    <input type=\"tel\" id=\"field_zks6743a034dfdd\" name=\"item_meta[205]\" value=\"\"  maxlength=\"90\" placeholder=\"Messaggio*\" data-invmsg=\"Questo campo non pu\u00f2 essere vuoto\" aria-invalid=\"false\" pattern=\"((\\+\\d{1,3}(-|.| )?\\(?\\d\\)?(-| |.)?\\d{1,5})|(\\(?\\d{2,6}\\)?))(-|.| )?(\\d{3,4})(-|.| )?(\\d{4})(( x| ext)\\d{1,5}){0,1}$\"  \/>\r\n    \r\n    \r\n<\/div>\n<div id=\"frm_field_206_container\" class=\"frm_form_field form-field  frm_required_field frm_none_container frm12 frm_first vertical_radio\">\r\n    <div  id=\"field_ucyn4a40c0aba7_label\" class=\"frm_primary_label\">Checkboxes\r\n        <span class=\"frm_required\">*<\/span>\r\n    <\/div>\r\n    <div class=\"frm_opt_container\" aria-labelledby=\"field_ucyn4a40c0aba7_label\" role=\"group\">\t\t<div class=\"frm_checkbox\" id=\"frm_checkbox_206-0\">\t\t\t<label  for=\"field_ucyn4a40c0aba7-0\">\n\t\t\t<input type=\"checkbox\" name=\"item_meta[206][]\" id=\"field_ucyn4a40c0aba7-0\" value=\"I have read and agree to the &lt;a href=&quot;\/it\/legal-notice\/&quot;&gt;Terms of Use&lt;\/a&gt; and &lt;a href=&quot;\/it\/privacy-policy\/&quot;&gt;Privacy Policy&lt;\/a&gt;.\"  data-reqmsg=\"Please read and agree to the Terms of Use and Privacy Policy\" data-invmsg=\"Checkboxes non \u00e8 valido\"   aria-required=\"true\"  \/> I have read and agree to the <a href=\"\/it\/legal-notice\/\">Terms of Use<\/a> and <a href=\"\/it\/privacy-policy\/\">Privacy Policy<\/a>.<\/label><\/div>\n<\/div>\r\n    \r\n    \r\n<\/div>\n<div id=\"frm_field_207_container\" class=\"frm_form_field form-field  frm_required_field frm_none_container frm12 frm_first vertical_radio\">\r\n    <div  id=\"field_gm5f9e864ff5e86_label\" class=\"frm_primary_label\">Checkboxes\r\n        <span class=\"frm_required\">*<\/span>\r\n    <\/div>\r\n    <div class=\"frm_opt_container\" aria-labelledby=\"field_gm5f9e864ff5e86_label\" role=\"group\">\t\t<div class=\"frm_checkbox\" id=\"frm_checkbox_207-0\">\t\t\t<label  for=\"field_gm5f9e864ff5e86-0\">\n\t\t\t<input type=\"checkbox\" name=\"item_meta[207][]\" id=\"field_gm5f9e864ff5e86-0\" value=\"I have read and accept the following information on data protection: Plantas de Navarra SA (Planasa), as data controller, informs you that your data is collected for the purpose of managing the company&#039;s internal or external communications, as well as for respond to queries or requests obtained through the forms on the website. The legal basis for the treatment of your data is the consent of the interested party when contacting our organization. Your data will not be transferred to third parties except legal obligation. Any person has the right to request access, rectification, deletion, treatment limitation, opposition or the right to portability of their personal data, by writing to our physical address indicated on the web, or by sending an email to planasa@planasa.com, indicating the right you wish to exercise. You can obtain additional information in our legal notice.\"  data-reqmsg=\"Please read and agree to the Terms of Use and Privacy Policy\" data-invmsg=\"Checkboxes non \u00e8 valido\"   aria-required=\"true\"  \/> I have read and accept the following information on data protection: Plantas de Navarra SA (Planasa), as data controller, informs you that your data is collected for the purpose of managing the company's internal or external communications, as well as for respond to queries or requests obtained through the forms on the website. The legal basis for the treatment of your data is the consent of the interested party when contacting our organization. Your data will not be transferred to third parties except legal obligation. Any person has the right to request access, rectification, deletion, treatment limitation, opposition or the right to portability of their personal data, by writing to our physical address indicated on the web, or by sending an email to planasa@planasa.com, indicating the right you wish to exercise. You can obtain additional information in our legal notice.<\/label><\/div>\n<\/div>\r\n    \r\n    \r\n<\/div>\n<div id=\"frm_field_288_container\" class=\"frm_form_field form-field  frm_none_container\">\r\n    <label for=\"g-recaptcha-response\" id=\"field_xwwxw_label\" class=\"frm_primary_label\">\r\n        <span class=\"frm_required\" aria-hidden=\"true\"><\/span>\r\n    <\/label>\r\n    <div  id=\"field_xwwxw\" class=\"frm-g-recaptcha\" data-sitekey=\"6LcmE6wfAAAAABxULXLHqoQVCRdvZtwnOuYGZkS0\" data-size=\"invisible\" data-theme=\"light\"><\/div>\r\n    \r\n    \r\n<\/div>\n\t<input type=\"hidden\" name=\"item_key\" value=\"\" \/>\n\t\t\t<div id=\"frm_field_390_container\">\n\t\t\t<label for=\"field_cqwjf\" >\n\t\t\t\tSe sei un essere umano, lascia questo campo vuoto.\t\t\t<\/label>\n\t\t\t<input  id=\"field_cqwjf\" type=\"text\" class=\"frm_form_field form-field frm_verify\" name=\"item_meta[390]\" value=\"\"  \/>\n\t\t<\/div>\n\t\t<input name=\"frm_state\" type=\"hidden\" value=\"dQWw6f3rmiszXAgKyUWpYqEBKypteyJfC\/rpgYhA2j2xFK8xFhkffmZA0jWwq8dw\" \/><div id=\"form_contactuslegal\" class=\"frm_submit\">\r\n\r\n<button class=\"frm_button_submit frm_final_submit\" type=\"submit\"   formnovalidate=\"formnovalidate\">Inviare<\/button>\r\n\r\n<\/div><\/div>\n<\/fieldset>\n<\/div>\n<script type=\"text\/javascript\">var input = document.createElement('input');\n    input.setAttribute('type', 'hidden');\n    input.setAttribute('name', 'ct_checkjs_frm');\n    input.setAttribute('value', 'b5ee4f95aa1e8f3693b9fb925cade2adb24602add1808fb6d8798f0fa2ffbbbd');\n    for (i = 0; i < document.forms.length; i++) {\n        if (typeof document.forms[i].id == 'string'){\n\t\t\tif(document.forms[i].id.search('form_contactuslegal875df9ab91') != -1) {\n            document.forms[i].appendChild(input);\n\t\t\t}\n        }\n    }<\/script>\n\n<\/form>\n<\/div>\n\n[\/vc_column_text][\/vc_column][\/vc_row]\n","protected":false},"excerpt":{"rendered":"<p>[vc_row type=&#8221;in_container&#8221; full_screen_row_position=&#8221;middle&#8221; column_margin=&#8221;default&#8221; column_direction=&#8221;default&#8221; column_direction_tablet=&#8221;default&#8221; column_direction_phone=&#8221;default&#8221; scene_position=&#8221;center&#8221; text_color=&#8221;dark&#8221; text_align=&#8221;left&#8221; row_border_radius=&#8221;none&#8221; row_border_radius_applies=&#8221;bg&#8221; overflow=&#8221;visible&#8221; class=&#8221;legal-pages&#8221; id=&#8221;legal&#8221; advanced_gradient_angle=&#8221;0&#8243; overlay_strength=&#8221;0.3&#8243; gradient_direction=&#8221;left_to_right&#8221; shape_divider_position=&#8221;bottom&#8221; bg_image_animation=&#8221;none&#8221; gradient_type=&#8221;default&#8221; shape_type=&#8221;&#8221;][vc_column column_padding=&#8221;no-extra-padding&#8221; column_padding_tablet=&#8221;inherit&#8221; column_padding_phone=&#8221;inherit&#8221; column_padding_position=&#8221;all&#8221; column_element_spacing=&#8221;default&#8221; background_color_opacity=&#8221;1&#8243; background_hover_color_opacity=&#8221;1&#8243; column_shadow=&#8221;none&#8221;&#8230;<\/p>\n","protected":false},"author":1,"featured_media":0,"parent":0,"menu_order":0,"comment_status":"closed","ping_status":"closed","template":"","meta":{"footnotes":""},"class_list":["post-3501","page","type-page","status-publish"],"yoast_head":"<!-- This site is optimized with the Yoast SEO plugin v27.4 - https:\/\/yoast.com\/product\/yoast-seo-wordpress\/ -->\n<title>PRIVACY POLICY - Planasa<\/title>\n<meta name=\"robots\" content=\"noindex, nofollow\" \/>\n<meta property=\"og:locale\" content=\"it_IT\" \/>\n<meta property=\"og:type\" content=\"article\" \/>\n<meta property=\"og:title\" content=\"PRIVACY POLICY - Planasa\" \/>\n<meta property=\"og:description\" content=\"[vc_row type=&#8221;in_container&#8221; full_screen_row_position=&#8221;middle&#8221; column_margin=&#8221;default&#8221; column_direction=&#8221;default&#8221; column_direction_tablet=&#8221;default&#8221; column_direction_phone=&#8221;default&#8221; scene_position=&#8221;center&#8221; text_color=&#8221;dark&#8221; text_align=&#8221;left&#8221; row_border_radius=&#8221;none&#8221; row_border_radius_applies=&#8221;bg&#8221; overflow=&#8221;visible&#8221; class=&#8221;legal-pages&#8221; id=&#8221;legal&#8221; advanced_gradient_angle=&#8221;0&#8243; overlay_strength=&#8221;0.3&#8243; gradient_direction=&#8221;left_to_right&#8221; shape_divider_position=&#8221;bottom&#8221; bg_image_animation=&#8221;none&#8221; gradient_type=&#8221;default&#8221; shape_type=&#8221;&#8221;][vc_column column_padding=&#8221;no-extra-padding&#8221; column_padding_tablet=&#8221;inherit&#8221; column_padding_phone=&#8221;inherit&#8221; column_padding_position=&#8221;all&#8221; column_element_spacing=&#8221;default&#8221; background_color_opacity=&#8221;1&#8243; background_hover_color_opacity=&#8221;1&#8243; column_shadow=&#8221;none&#8221;...\" \/>\n<meta property=\"og:url\" content=\"https:\/\/planasa.com\/it\/privacy-policy\/\" \/>\n<meta property=\"og:site_name\" content=\"Planasa\" \/>\n<meta property=\"article:modified_time\" content=\"2024-03-12T15:33:17+00:00\" \/>\n<meta name=\"twitter:card\" content=\"summary_large_image\" \/>\n<meta name=\"twitter:label1\" content=\"Tempo di lettura stimato\" \/>\n\t<meta name=\"twitter:data1\" content=\"5 minuti\" \/>\n<script type=\"application\/ld+json\" class=\"yoast-schema-graph\">{\"@context\":\"https:\\\/\\\/schema.org\",\"@graph\":[{\"@type\":\"WebPage\",\"@id\":\"https:\\\/\\\/planasa.com\\\/it\\\/privacy-policy\\\/\",\"url\":\"https:\\\/\\\/planasa.com\\\/it\\\/privacy-policy\\\/\",\"name\":\"PRIVACY POLICY - Planasa\",\"isPartOf\":{\"@id\":\"https:\\\/\\\/planasa.com\\\/it\\\/#website\"},\"datePublished\":\"2022-02-08T18:50:55+00:00\",\"dateModified\":\"2024-03-12T15:33:17+00:00\",\"breadcrumb\":{\"@id\":\"https:\\\/\\\/planasa.com\\\/it\\\/privacy-policy\\\/#breadcrumb\"},\"inLanguage\":\"it-IT\",\"potentialAction\":[{\"@type\":\"ReadAction\",\"target\":[\"https:\\\/\\\/planasa.com\\\/it\\\/privacy-policy\\\/\"]}]},{\"@type\":\"BreadcrumbList\",\"@id\":\"https:\\\/\\\/planasa.com\\\/it\\\/privacy-policy\\\/#breadcrumb\",\"itemListElement\":[{\"@type\":\"ListItem\",\"position\":1,\"name\":\"Portada\",\"item\":\"https:\\\/\\\/planasa.com\\\/it\\\/\"},{\"@type\":\"ListItem\",\"position\":2,\"name\":\"PRIVACY POLICY\"}]},{\"@type\":\"WebSite\",\"@id\":\"https:\\\/\\\/planasa.com\\\/it\\\/#website\",\"url\":\"https:\\\/\\\/planasa.com\\\/it\\\/\",\"name\":\"Planasa\",\"description\":\"Innovation in plant varieties\",\"potentialAction\":[{\"@type\":\"SearchAction\",\"target\":{\"@type\":\"EntryPoint\",\"urlTemplate\":\"https:\\\/\\\/planasa.com\\\/it\\\/?s={search_term_string}\"},\"query-input\":{\"@type\":\"PropertyValueSpecification\",\"valueRequired\":true,\"valueName\":\"search_term_string\"}}],\"inLanguage\":\"it-IT\"}]}<\/script>\n<!-- \/ Yoast SEO plugin. -->","yoast_head_json":{"title":"PRIVACY POLICY - Planasa","robots":{"index":"noindex","follow":"nofollow"},"og_locale":"it_IT","og_type":"article","og_title":"PRIVACY POLICY - Planasa","og_description":"[vc_row type=&#8221;in_container&#8221; full_screen_row_position=&#8221;middle&#8221; column_margin=&#8221;default&#8221; column_direction=&#8221;default&#8221; column_direction_tablet=&#8221;default&#8221; column_direction_phone=&#8221;default&#8221; scene_position=&#8221;center&#8221; text_color=&#8221;dark&#8221; text_align=&#8221;left&#8221; row_border_radius=&#8221;none&#8221; row_border_radius_applies=&#8221;bg&#8221; overflow=&#8221;visible&#8221; class=&#8221;legal-pages&#8221; id=&#8221;legal&#8221; advanced_gradient_angle=&#8221;0&#8243; overlay_strength=&#8221;0.3&#8243; gradient_direction=&#8221;left_to_right&#8221; shape_divider_position=&#8221;bottom&#8221; bg_image_animation=&#8221;none&#8221; gradient_type=&#8221;default&#8221; shape_type=&#8221;&#8221;][vc_column column_padding=&#8221;no-extra-padding&#8221; column_padding_tablet=&#8221;inherit&#8221; column_padding_phone=&#8221;inherit&#8221; column_padding_position=&#8221;all&#8221; column_element_spacing=&#8221;default&#8221; background_color_opacity=&#8221;1&#8243; background_hover_color_opacity=&#8221;1&#8243; column_shadow=&#8221;none&#8221;...","og_url":"https:\/\/planasa.com\/it\/privacy-policy\/","og_site_name":"Planasa","article_modified_time":"2024-03-12T15:33:17+00:00","twitter_card":"summary_large_image","twitter_misc":{"Tempo di lettura stimato":"5 minuti"},"schema":{"@context":"https:\/\/schema.org","@graph":[{"@type":"WebPage","@id":"https:\/\/planasa.com\/it\/privacy-policy\/","url":"https:\/\/planasa.com\/it\/privacy-policy\/","name":"PRIVACY POLICY - Planasa","isPartOf":{"@id":"https:\/\/planasa.com\/it\/#website"},"datePublished":"2022-02-08T18:50:55+00:00","dateModified":"2024-03-12T15:33:17+00:00","breadcrumb":{"@id":"https:\/\/planasa.com\/it\/privacy-policy\/#breadcrumb"},"inLanguage":"it-IT","potentialAction":[{"@type":"ReadAction","target":["https:\/\/planasa.com\/it\/privacy-policy\/"]}]},{"@type":"BreadcrumbList","@id":"https:\/\/planasa.com\/it\/privacy-policy\/#breadcrumb","itemListElement":[{"@type":"ListItem","position":1,"name":"Portada","item":"https:\/\/planasa.com\/it\/"},{"@type":"ListItem","position":2,"name":"PRIVACY POLICY"}]},{"@type":"WebSite","@id":"https:\/\/planasa.com\/it\/#website","url":"https:\/\/planasa.com\/it\/","name":"Planasa","description":"Innovation in plant varieties","potentialAction":[{"@type":"SearchAction","target":{"@type":"EntryPoint","urlTemplate":"https:\/\/planasa.com\/it\/?s={search_term_string}"},"query-input":{"@type":"PropertyValueSpecification","valueRequired":true,"valueName":"search_term_string"}}],"inLanguage":"it-IT"}]}},"_links":{"self":[{"href":"https:\/\/planasa.com\/it\/wp-json\/wp\/v2\/pages\/3501","targetHints":{"allow":["GET"]}}],"collection":[{"href":"https:\/\/planasa.com\/it\/wp-json\/wp\/v2\/pages"}],"about":[{"href":"https:\/\/planasa.com\/it\/wp-json\/wp\/v2\/types\/page"}],"author":[{"embeddable":true,"href":"https:\/\/planasa.com\/it\/wp-json\/wp\/v2\/users\/1"}],"replies":[{"embeddable":true,"href":"https:\/\/planasa.com\/it\/wp-json\/wp\/v2\/comments?post=3501"}],"version-history":[{"count":0,"href":"https:\/\/planasa.com\/it\/wp-json\/wp\/v2\/pages\/3501\/revisions"}],"wp:attachment":[{"href":"https:\/\/planasa.com\/it\/wp-json\/wp\/v2\/media?parent=3501"}],"curies":[{"name":"wp","href":"https:\/\/api.w.org\/{rel}","templated":true}]}}