
{"id":3551,"date":"2022-02-08T18:50:18","date_gmt":"2022-02-08T18:50:18","guid":{"rendered":"http:\/\/localhost\/planasa.com\/legal-notice\/"},"modified":"2024-03-01T09:51:10","modified_gmt":"2024-03-01T09:51:10","slug":"legal-notice","status":"publish","type":"page","link":"https:\/\/planasa.com\/it\/legal-notice\/","title":{"rendered":"LEGAL NOTICE"},"content":{"rendered":"[vc_row type=&#8221;in_container&#8221; full_screen_row_position=&#8221;middle&#8221; column_margin=&#8221;default&#8221; column_direction=&#8221;default&#8221; column_direction_tablet=&#8221;default&#8221; column_direction_phone=&#8221;default&#8221; scene_position=&#8221;center&#8221; text_color=&#8221;dark&#8221; text_align=&#8221;left&#8221; row_border_radius=&#8221;none&#8221; row_border_radius_applies=&#8221;bg&#8221; overflow=&#8221;visible&#8221; class=&#8221;legal-pages&#8221; id=&#8221;legal&#8221; advanced_gradient_angle=&#8221;0&#8243; overlay_strength=&#8221;0.3&#8243; gradient_direction=&#8221;left_to_right&#8221; shape_divider_position=&#8221;bottom&#8221; bg_image_animation=&#8221;none&#8221; gradient_type=&#8221;default&#8221; shape_type=&#8221;&#8221;][vc_column column_padding=&#8221;no-extra-padding&#8221; column_padding_tablet=&#8221;inherit&#8221; column_padding_phone=&#8221;inherit&#8221; column_padding_position=&#8221;all&#8221; column_element_spacing=&#8221;default&#8221; background_color_opacity=&#8221;1&#8243; background_hover_color_opacity=&#8221;1&#8243; column_shadow=&#8221;none&#8221; column_border_radius=&#8221;none&#8221; column_link_target=&#8221;_self&#8221; column_position=&#8221;default&#8221; gradient_direction=&#8221;left_to_right&#8221; overlay_strength=&#8221;0.3&#8243; width=&#8221;1\/1&#8243; tablet_width_inherit=&#8221;default&#8221; tablet_text_alignment=&#8221;default&#8221; phone_text_alignment=&#8221;default&#8221; animation_type=&#8221;default&#8221; bg_image_animation=&#8221;none&#8221; border_type=&#8221;simple&#8221; column_border_width=&#8221;none&#8221; column_border_style=&#8221;solid&#8221;][vc_column_text]\n<h1>AVVISO LEGALE<br \/>\nE POLIZIA SULLA PRIVACY<\/h1>\n<h2>1.-Identificazione e dati di contatto del titolare del sito web<\/h2>\n<p>L&#8217;Utente \u00e8 informato che il proprietario di questo sito web (www.planasa.com o il Sito Web) \u00e8 Plantas de Navarra, S.A., di seguito PLANASA, una societ\u00e0 spagnola, con NIF A31039795, con sede a Valtierra (Navarra, Spagna), carretera San Adri\u00e1n km. 1, e iscritto nel Registro Mercantile di Navarra, nel volume 1237, foglio 32, sezione 8, pagina NA-6186<\/p>\n<p>Il nostro servizio clienti \u00e8 attivo dal luned\u00ec al venerd\u00ec dalle 9:00 alle 17:00. visita la sezione Contatti del nostro sito web per informazioni di contatto diretto o scrivici a planasa@planasa.com.<\/p>\n<h2>2.- Informazione legale<\/h2>\n<p>Le seguenti clausole regolano l&#8217;utilizzo del servizio web che PLANASA mette a disposizione degli Utenti di Internet, in particolare in relazione al trattamento dei loro dati durante la navigazione nel sito o quando ci contattano attraverso i canali indicati.<\/p>\n<p>PLANASA pu\u00f2 modificare, sviluppare o aggiornare il materiale contenuto nel sito web senza preavviso. L&#8217;accesso al materiale contenuto nel sito web non costituisce n\u00e9 implica alcun rapporto tra PLANASA e l&#8217;Utente del sito web oltre a quello indicato nel presente documento.<\/p>\n<h2>3.- Condizioni d&#8217;uso del sito web<\/h2>\n<p>L&#8217;Utente si impegna a fare un uso corretto del Sito Web, in conformit\u00e0 con la normativa applicabile e le disposizioni del presente Avviso Legale. L&#8217;utente sar\u00e0 responsabile nei confronti di PLANASA o di terzi per eventuali danni che potrebbe causare a causa dell&#8217;uso non corretto del sito web.<\/p>\n<p>Gli Utenti si impegnano ad utilizzare il materiale contenuto nel Sito nel rispetto delle normative vigenti. A titolo esemplificativo, gli Utenti devono astenersi da: riprodurre, copiare, modificare, distribuire, pubblicare o comunicare pubblicamente il materiale contenuto nel Sito, salvo nei casi consentiti dalla legge o espressamente autorizzati per iscritto da PLANASA, o da chi ne detiene i diritti. di sfruttamento.<\/p>\n<p>Le informazioni che appaiono su questo Sito sono meramente informative e descrittive dei prodotti che offriamo, senza necessariamente essere esaustive, e pertanto non possono costituire parte di un&#8217;offerta commerciale n\u00e9 dar luogo ad alcuna rivendicazione ai sensi di questi concetti.<\/p>\n<h2>4.- Limitazione di responsabilit\u00e0<\/h2>\n<p>L&#8217;Utente che utilizza il sito web lo fa a proprio rischio. PLANASA non \u00e8 responsabile per eventuali errori o omissioni nel contenuto del sito Web o di altri siti Web e applicazioni a cui \u00e8 possibile accedere tramite lo stesso.<\/p>\n<p>In nessun caso PLANASA potr\u00e0 essere ritenuta responsabile per eventuali danni derivanti dall&#8217;uso del Sito Web, n\u00e9 per qualsiasi azione intrapresa o meno sulla base delle informazioni e del materiale contenuto nel Sito Web, in conformit\u00e0 con le disposizioni del presente Avviso Legale.<\/p>\n<p>PLANASA non garantisce l\u2019assenza di virus che potrebbero causare danni al sistema informatico e\/o ai file dell\u2019Utente e pertanto PLANASA non \u00e8 responsabile per eventuali danni che tali elementi potrebbero causare all\u2019Utente o a terzi.<\/p>\n<p>I collegamenti contenuti nel sito Web possono condurre gli Utenti ad altri siti Web e applicazioni gestiti da terzi, di cui PLANASA non \u00e8 responsabile e pertanto PLANASA non \u00e8 responsabile del contenuto o dello stato di tali siti Web e applicazioni.<\/p>\n<h2>5.- Protezione dati<\/h2>\n<p>I dati personali ottenuti attraverso questo sito web, sia durante la navigazione o altrimenti forniti da te tramite posta, e-mail o in diverse parti del sito web, saranno trattati in conformit\u00e0 con quanto previsto dalla nostra Privacy Policy.<\/p>\n<h2>6.- Propriet\u00e0 intellettuale e industriale<\/h2>\n<p>PLANASA \u00e8 proprietaria esclusiva di tutti i contenuti del presente sito web, compreso il design, la struttura, i database, la programmazione, i testi, le immagini e altri elementi incorporati. PLANASA si riserva tutti i diritti di propriet\u00e0 intellettuale e industriale derivanti da questo sito Web e per qualsiasi esercizio o utilizzo di tali diritti \u00e8 richiesta un&#8217;espressa autorizzazione scritta da parte di PLANASA.<\/p>\n<p>Le denominazioni \u201cPlanasa\u201d, \u201cPlanasa Plantas de Navarra\u201d, \u201cPlawhite\u201d, \u201cPlagold\u201d, \u201cPlanasa Taste The Innovation\u201d e i relativi loghi sono protetti come marchi e nomi commerciali in diverse classi e a livello nazionale e dell\u2019Unione Europea. \u00c8 vietato utilizzarli in modo contrario alle disposizioni di legge, senza l&#8217;espressa autorizzazione scritta del licenziatario, diritto o autorizzazione per il loro uso o sfruttamento commerciale.<\/p>\n<p>Inoltre, marchi, nomi o loghi di terzi non appartenenti a PLANASA potranno apparire sul Sito a scopo informativo, senza che ci\u00f2 implichi riconoscimento o associazione di alcun tipo.<\/p>\n<h2>7.- Modifiche. Legge applicabile e giurisdizione<\/h2>\n<p>PLANASA pu\u00f2, in qualsiasi momento e senza preavviso, apportare modifiche e aggiornamenti alle informazioni contenute nel proprio sito Web, o alla sua configurazione o presentazione. PLANASA fa ogni sforzo per garantire che le informazioni fornite attraverso questo sito web siano chiare, comprensibili e appropriate, e per evitare errori, per quanto possibile, e, se del caso, per ripararle o aggiornarle. Tuttavia, PLANASA non pu\u00f2 garantire l&#8217;assenza di errori o che il contenuto delle informazioni sia costantemente aggiornato.<\/p>\n<p>Per tutto quanto non espressamente previsto nel presente Avviso Legale, si applicher\u00e0 la normativa spagnola vigente. Per qualsiasi controversia relativa alle condizioni del presente documento o all&#8217;utilizzo del Sito, le parti si sottomettono alla giurisdizione e alla competenza dei tribunali di Tudela (Navarra, Spagna), rinunciando alla propria giurisdizione tranne nei casi in cui la legge non lo consente.[\/vc_column_text][\/vc_column][\/vc_row][vc_row type=&#8221;full_width_background&#8221; full_screen_row_position=&#8221;middle&#8221; column_margin=&#8221;none&#8221; column_direction=&#8221;default&#8221; column_direction_tablet=&#8221;default&#8221; column_direction_phone=&#8221;default&#8221; bg_image=&#8221;848&#8243; bg_image_tablet=&#8221;980&#8243; bg_image_phone=&#8221;980&#8243; bg_position=&#8221;center center&#8221; background_image_loading=&#8221;default&#8221; bg_repeat=&#8221;no-repeat&#8221; scene_position=&#8221;center&#8221; top_padding=&#8221;250&#8243; bottom_padding=&#8221;40&#8243; top_margin=&#8221;-50&#8243; text_color=&#8221;dark&#8221; text_align=&#8221;left&#8221; row_border_radius=&#8221;none&#8221; row_border_radius_applies=&#8221;bg&#8221; overflow=&#8221;visible&#8221; id=&#8221;Row_form&#8221; advanced_gradient_angle=&#8221;0&#8243; overlay_strength=&#8221;0.3&#8243; gradient_direction=&#8221;left_to_right&#8221; shape_divider_position=&#8221;bottom&#8221; bg_image_animation=&#8221;none&#8221; gradient_type=&#8221;default&#8221; shape_type=&#8221;&#8221;][vc_column column_padding=&#8221;no-extra-padding&#8221; column_padding_tablet=&#8221;inherit&#8221; column_padding_phone=&#8221;inherit&#8221; column_padding_position=&#8221;all&#8221; column_element_spacing=&#8221;default&#8221; background_color_opacity=&#8221;1&#8243; background_hover_color_opacity=&#8221;1&#8243; column_shadow=&#8221;none&#8221; column_border_radius=&#8221;none&#8221; column_link_target=&#8221;_self&#8221; column_position=&#8221;default&#8221; gradient_direction=&#8221;left_to_right&#8221; overlay_strength=&#8221;0.3&#8243; width=&#8221;1\/1&#8243; tablet_width_inherit=&#8221;default&#8221; tablet_text_alignment=&#8221;default&#8221; phone_text_alignment=&#8221;default&#8221; animation_type=&#8221;default&#8221; bg_image_animation=&#8221;none&#8221; border_type=&#8221;simple&#8221; column_border_width=&#8221;none&#8221; column_border_style=&#8221;solid&#8221;][vc_column_text]\n<p style=\"text-align: center;\"><link rel='stylesheet' id='formidable-css' href='https:\/\/planasa.com\/wp-content\/plugins\/formidable\/css\/formidableforms.css?ver=4201321' type='text\/css' media='all' \/>\n<div class=\"frm_forms  with_frm_style frm_style_estilos-formidable\" id=\"frm_form_28_container\" data-token=\"323c2e6fe94691f36dc261f3512762f8\">\n<form enctype=\"multipart\/form-data\" method=\"post\" class=\"frm-show-form  frm_ajax_submit  frm_pro_form \" id=\"form_contactuslegal875df9ab91\" data-token=\"323c2e6fe94691f36dc261f3512762f8\">\n<div class=\"frm_form_fields \">\n<fieldset>\n<legend class=\"frm_screen_reader\">Contact Us Legal IT<\/legend>\r\n\r\n<div class=\"frm_fields_container\">\n<input type=\"hidden\" name=\"frm_action\" value=\"create\" \/>\n<input type=\"hidden\" name=\"form_id\" value=\"28\" \/>\n<input type=\"hidden\" name=\"frm_hide_fields_28\" id=\"frm_hide_fields_28\" value=\"\" \/>\n<input type=\"hidden\" name=\"form_key\" value=\"contactuslegal875df9ab91\" \/>\n<input type=\"hidden\" name=\"item_meta[0]\" value=\"\" \/>\n<input type=\"hidden\" id=\"frm_submit_entry_28\" name=\"frm_submit_entry_28\" value=\"909bbc292f\" \/><input type=\"hidden\" name=\"_wp_http_referer\" value=\"\/it\/wp-json\/wp\/v2\/pages\/3551\" \/><div id=\"frm_field_202_container\" class=\"frm_form_field  frm_html_container form-field\">\n<p id=\"H3_Size_rp\">CONTACT US<\/p>\n<\/div>\n<div id=\"frm_field_203_container\" class=\"frm_form_field form-field  frm_required_field frm_none_container frm4 frm_first\">\r\n    <label for=\"field_22givf018e358d3\" id=\"field_22givf018e358d3_label\" class=\"frm_primary_label\">Nome\r\n        <span class=\"frm_required\">*<\/span>\r\n    <\/label>\r\n    <input  type=\"text\" id=\"field_22givf018e358d3\" name=\"item_meta[203]\" value=\"\"  maxlength=\"90\" placeholder=\"Nome*\" data-reqmsg=\"Si prega di fornire un nome\" aria-required=\"true\" data-invmsg=\"Text is invalid\" aria-invalid=\"false\"   \/>\r\n    \r\n    \r\n<\/div>\n<div id=\"frm_field_204_container\" class=\"frm_form_field form-field  frm_required_field frm_none_container frm4\">\r\n    <label for=\"field_29yf4d68dec4f4f3\" id=\"field_29yf4d68dec4f4f3_label\" class=\"frm_primary_label\">Email\r\n        <span class=\"frm_required\">*<\/span>\r\n    <\/label>\r\n    <input type=\"email\" id=\"field_29yf4d68dec4f4f3\" name=\"item_meta[204]\" value=\"\"  maxlength=\"90\" placeholder=\"Email*\" data-reqmsg=\"Inserisci una email valida\" aria-required=\"true\" data-invmsg=\"Si prega di fornire un indirizzo e-mail corretto\" aria-invalid=\"false\"  \/>\r\n    \r\n    \r\n<\/div>\n<div id=\"frm_field_205_container\" class=\"frm_form_field form-field  frm_none_container frm4\">\r\n    <label for=\"field_zks6743a034dfdd\" id=\"field_zks6743a034dfdd_label\" class=\"frm_primary_label\">Messaggio \r\n        <span class=\"frm_required\"><\/span>\r\n    <\/label>\r\n    <input type=\"tel\" id=\"field_zks6743a034dfdd\" name=\"item_meta[205]\" value=\"\"  maxlength=\"90\" placeholder=\"Messaggio*\" data-invmsg=\"Questo campo non pu\u00f2 essere vuoto\" aria-invalid=\"false\" pattern=\"((\\+\\d{1,3}(-|.| )?\\(?\\d\\)?(-| |.)?\\d{1,5})|(\\(?\\d{2,6}\\)?))(-|.| )?(\\d{3,4})(-|.| )?(\\d{4})(( x| ext)\\d{1,5}){0,1}$\"  \/>\r\n    \r\n    \r\n<\/div>\n<div id=\"frm_field_206_container\" class=\"frm_form_field form-field  frm_required_field frm_none_container frm12 frm_first vertical_radio\">\r\n    <div  id=\"field_ucyn4a40c0aba7_label\" class=\"frm_primary_label\">Checkboxes\r\n        <span class=\"frm_required\">*<\/span>\r\n    <\/div>\r\n    <div class=\"frm_opt_container\" aria-labelledby=\"field_ucyn4a40c0aba7_label\" role=\"group\">\t\t<div class=\"frm_checkbox\" id=\"frm_checkbox_206-0\">\t\t\t<label  for=\"field_ucyn4a40c0aba7-0\">\n\t\t\t<input type=\"checkbox\" name=\"item_meta[206][]\" id=\"field_ucyn4a40c0aba7-0\" value=\"I have read and agree to the &lt;a href=&quot;\/it\/legal-notice\/&quot;&gt;Terms of Use&lt;\/a&gt; and &lt;a href=&quot;\/it\/privacy-policy\/&quot;&gt;Privacy Policy&lt;\/a&gt;.\"  data-reqmsg=\"Please read and agree to the Terms of Use and Privacy Policy\" data-invmsg=\"Checkboxes non \u00e8 valido\"   aria-required=\"true\"  \/> I have read and agree to the <a href=\"\/it\/legal-notice\/\">Terms of Use<\/a> and <a href=\"\/it\/privacy-policy\/\">Privacy Policy<\/a>.<\/label><\/div>\n<\/div>\r\n    \r\n    \r\n<\/div>\n<div id=\"frm_field_207_container\" class=\"frm_form_field form-field  frm_required_field frm_none_container frm12 frm_first vertical_radio\">\r\n    <div  id=\"field_gm5f9e864ff5e86_label\" class=\"frm_primary_label\">Checkboxes\r\n        <span class=\"frm_required\">*<\/span>\r\n    <\/div>\r\n    <div class=\"frm_opt_container\" aria-labelledby=\"field_gm5f9e864ff5e86_label\" role=\"group\">\t\t<div class=\"frm_checkbox\" id=\"frm_checkbox_207-0\">\t\t\t<label  for=\"field_gm5f9e864ff5e86-0\">\n\t\t\t<input type=\"checkbox\" name=\"item_meta[207][]\" id=\"field_gm5f9e864ff5e86-0\" value=\"I have read and accept the following information on data protection: Plantas de Navarra SA (Planasa), as data controller, informs you that your data is collected for the purpose of managing the company&#039;s internal or external communications, as well as for respond to queries or requests obtained through the forms on the website. The legal basis for the treatment of your data is the consent of the interested party when contacting our organization. Your data will not be transferred to third parties except legal obligation. Any person has the right to request access, rectification, deletion, treatment limitation, opposition or the right to portability of their personal data, by writing to our physical address indicated on the web, or by sending an email to planasa@planasa.com, indicating the right you wish to exercise. You can obtain additional information in our legal notice.\"  data-reqmsg=\"Please read and agree to the Terms of Use and Privacy Policy\" data-invmsg=\"Checkboxes non \u00e8 valido\"   aria-required=\"true\"  \/> I have read and accept the following information on data protection: Plantas de Navarra SA (Planasa), as data controller, informs you that your data is collected for the purpose of managing the company's internal or external communications, as well as for respond to queries or requests obtained through the forms on the website. The legal basis for the treatment of your data is the consent of the interested party when contacting our organization. Your data will not be transferred to third parties except legal obligation. Any person has the right to request access, rectification, deletion, treatment limitation, opposition or the right to portability of their personal data, by writing to our physical address indicated on the web, or by sending an email to planasa@planasa.com, indicating the right you wish to exercise. You can obtain additional information in our legal notice.<\/label><\/div>\n<\/div>\r\n    \r\n    \r\n<\/div>\n<div id=\"frm_field_288_container\" class=\"frm_form_field form-field  frm_none_container\">\r\n    <label for=\"g-recaptcha-response\" id=\"field_xwwxw_label\" class=\"frm_primary_label\">\r\n        <span class=\"frm_required\" aria-hidden=\"true\"><\/span>\r\n    <\/label>\r\n    <div  id=\"field_xwwxw\" class=\"frm-g-recaptcha\" data-sitekey=\"6LcmE6wfAAAAABxULXLHqoQVCRdvZtwnOuYGZkS0\" data-size=\"invisible\" data-theme=\"light\"><\/div>\r\n    \r\n    \r\n<\/div>\n\t<input type=\"hidden\" name=\"item_key\" value=\"\" \/>\n\t\t\t<div id=\"frm_field_390_container\">\n\t\t\t<label for=\"field_ihw49\" >\n\t\t\t\tSe sei un essere umano, lascia questo campo vuoto.\t\t\t<\/label>\n\t\t\t<input  id=\"field_ihw49\" type=\"text\" class=\"frm_form_field form-field frm_verify\" name=\"item_meta[390]\" value=\"\"  \/>\n\t\t<\/div>\n\t\t<input name=\"frm_state\" type=\"hidden\" value=\"dQWw6f3rmiszXAgKyUWpYlkBlJoODlYfdzUatsFyUlGxFK8xFhkffmZA0jWwq8dw\" \/><div id=\"form_contactuslegal\" class=\"frm_submit\">\r\n\r\n<button class=\"frm_button_submit frm_final_submit\" type=\"submit\"   formnovalidate=\"formnovalidate\">Inviare<\/button>\r\n\r\n<\/div><\/div>\n<\/fieldset>\n<\/div>\n<script type=\"text\/javascript\">var input = document.createElement('input');\n    input.setAttribute('type', 'hidden');\n    input.setAttribute('name', 'ct_checkjs_frm');\n    input.setAttribute('value', 'b5ee4f95aa1e8f3693b9fb925cade2adb24602add1808fb6d8798f0fa2ffbbbd');\n    for (i = 0; i < document.forms.length; i++) {\n        if (typeof document.forms[i].id == 'string'){\n\t\t\tif(document.forms[i].id.search('form_contactuslegal875df9ab91') != -1) {\n            document.forms[i].appendChild(input);\n\t\t\t}\n        }\n    }<\/script>\n\n<\/form>\n<\/div>\n\n[\/vc_column_text][\/vc_column][\/vc_row]\n","protected":false},"excerpt":{"rendered":"<p>[vc_row type=&#8221;in_container&#8221; full_screen_row_position=&#8221;middle&#8221; column_margin=&#8221;default&#8221; column_direction=&#8221;default&#8221; column_direction_tablet=&#8221;default&#8221; column_direction_phone=&#8221;default&#8221; scene_position=&#8221;center&#8221; text_color=&#8221;dark&#8221; text_align=&#8221;left&#8221; row_border_radius=&#8221;none&#8221; row_border_radius_applies=&#8221;bg&#8221; overflow=&#8221;visible&#8221; class=&#8221;legal-pages&#8221; id=&#8221;legal&#8221; advanced_gradient_angle=&#8221;0&#8243; overlay_strength=&#8221;0.3&#8243; gradient_direction=&#8221;left_to_right&#8221; shape_divider_position=&#8221;bottom&#8221; bg_image_animation=&#8221;none&#8221; gradient_type=&#8221;default&#8221; shape_type=&#8221;&#8221;][vc_column column_padding=&#8221;no-extra-padding&#8221; column_padding_tablet=&#8221;inherit&#8221; column_padding_phone=&#8221;inherit&#8221; column_padding_position=&#8221;all&#8221; column_element_spacing=&#8221;default&#8221; background_color_opacity=&#8221;1&#8243; background_hover_color_opacity=&#8221;1&#8243; column_shadow=&#8221;none&#8221;&#8230;<\/p>\n","protected":false},"author":1,"featured_media":0,"parent":0,"menu_order":0,"comment_status":"closed","ping_status":"closed","template":"","meta":{"footnotes":""},"class_list":["post-3551","page","type-page","status-publish"],"yoast_head":"<!-- This site is optimized with the Yoast SEO plugin v27.4 - https:\/\/yoast.com\/product\/yoast-seo-wordpress\/ -->\n<title>LEGAL NOTICE - Planasa<\/title>\n<meta name=\"robots\" content=\"noindex, nofollow\" \/>\n<meta property=\"og:locale\" content=\"it_IT\" \/>\n<meta property=\"og:type\" content=\"article\" \/>\n<meta property=\"og:title\" content=\"LEGAL NOTICE - Planasa\" \/>\n<meta property=\"og:description\" content=\"[vc_row type=&#8221;in_container&#8221; full_screen_row_position=&#8221;middle&#8221; column_margin=&#8221;default&#8221; column_direction=&#8221;default&#8221; column_direction_tablet=&#8221;default&#8221; column_direction_phone=&#8221;default&#8221; scene_position=&#8221;center&#8221; text_color=&#8221;dark&#8221; text_align=&#8221;left&#8221; row_border_radius=&#8221;none&#8221; row_border_radius_applies=&#8221;bg&#8221; overflow=&#8221;visible&#8221; class=&#8221;legal-pages&#8221; id=&#8221;legal&#8221; advanced_gradient_angle=&#8221;0&#8243; overlay_strength=&#8221;0.3&#8243; gradient_direction=&#8221;left_to_right&#8221; shape_divider_position=&#8221;bottom&#8221; bg_image_animation=&#8221;none&#8221; gradient_type=&#8221;default&#8221; shape_type=&#8221;&#8221;][vc_column column_padding=&#8221;no-extra-padding&#8221; column_padding_tablet=&#8221;inherit&#8221; column_padding_phone=&#8221;inherit&#8221; column_padding_position=&#8221;all&#8221; column_element_spacing=&#8221;default&#8221; background_color_opacity=&#8221;1&#8243; background_hover_color_opacity=&#8221;1&#8243; column_shadow=&#8221;none&#8221;...\" \/>\n<meta property=\"og:url\" content=\"https:\/\/planasa.com\/it\/legal-notice\/\" \/>\n<meta property=\"og:site_name\" content=\"Planasa\" \/>\n<meta property=\"article:modified_time\" content=\"2024-03-01T09:51:10+00:00\" \/>\n<meta name=\"twitter:card\" content=\"summary_large_image\" \/>\n<meta name=\"twitter:label1\" content=\"Tempo di lettura stimato\" \/>\n\t<meta name=\"twitter:data1\" content=\"5 minuti\" \/>\n<script type=\"application\/ld+json\" class=\"yoast-schema-graph\">{\"@context\":\"https:\\\/\\\/schema.org\",\"@graph\":[{\"@type\":\"WebPage\",\"@id\":\"https:\\\/\\\/planasa.com\\\/it\\\/legal-notice\\\/\",\"url\":\"https:\\\/\\\/planasa.com\\\/it\\\/legal-notice\\\/\",\"name\":\"LEGAL NOTICE - Planasa\",\"isPartOf\":{\"@id\":\"https:\\\/\\\/planasa.com\\\/it\\\/#website\"},\"datePublished\":\"2022-02-08T18:50:18+00:00\",\"dateModified\":\"2024-03-01T09:51:10+00:00\",\"breadcrumb\":{\"@id\":\"https:\\\/\\\/planasa.com\\\/it\\\/legal-notice\\\/#breadcrumb\"},\"inLanguage\":\"it-IT\",\"potentialAction\":[{\"@type\":\"ReadAction\",\"target\":[\"https:\\\/\\\/planasa.com\\\/it\\\/legal-notice\\\/\"]}]},{\"@type\":\"BreadcrumbList\",\"@id\":\"https:\\\/\\\/planasa.com\\\/it\\\/legal-notice\\\/#breadcrumb\",\"itemListElement\":[{\"@type\":\"ListItem\",\"position\":1,\"name\":\"Portada\",\"item\":\"https:\\\/\\\/planasa.com\\\/it\\\/\"},{\"@type\":\"ListItem\",\"position\":2,\"name\":\"LEGAL NOTICE\"}]},{\"@type\":\"WebSite\",\"@id\":\"https:\\\/\\\/planasa.com\\\/it\\\/#website\",\"url\":\"https:\\\/\\\/planasa.com\\\/it\\\/\",\"name\":\"Planasa\",\"description\":\"Innovation in plant varieties\",\"potentialAction\":[{\"@type\":\"SearchAction\",\"target\":{\"@type\":\"EntryPoint\",\"urlTemplate\":\"https:\\\/\\\/planasa.com\\\/it\\\/?s={search_term_string}\"},\"query-input\":{\"@type\":\"PropertyValueSpecification\",\"valueRequired\":true,\"valueName\":\"search_term_string\"}}],\"inLanguage\":\"it-IT\"}]}<\/script>\n<!-- \/ Yoast SEO plugin. -->","yoast_head_json":{"title":"LEGAL NOTICE - Planasa","robots":{"index":"noindex","follow":"nofollow"},"og_locale":"it_IT","og_type":"article","og_title":"LEGAL NOTICE - Planasa","og_description":"[vc_row type=&#8221;in_container&#8221; full_screen_row_position=&#8221;middle&#8221; column_margin=&#8221;default&#8221; column_direction=&#8221;default&#8221; column_direction_tablet=&#8221;default&#8221; column_direction_phone=&#8221;default&#8221; scene_position=&#8221;center&#8221; text_color=&#8221;dark&#8221; text_align=&#8221;left&#8221; row_border_radius=&#8221;none&#8221; row_border_radius_applies=&#8221;bg&#8221; overflow=&#8221;visible&#8221; class=&#8221;legal-pages&#8221; id=&#8221;legal&#8221; advanced_gradient_angle=&#8221;0&#8243; overlay_strength=&#8221;0.3&#8243; gradient_direction=&#8221;left_to_right&#8221; shape_divider_position=&#8221;bottom&#8221; bg_image_animation=&#8221;none&#8221; gradient_type=&#8221;default&#8221; shape_type=&#8221;&#8221;][vc_column column_padding=&#8221;no-extra-padding&#8221; column_padding_tablet=&#8221;inherit&#8221; column_padding_phone=&#8221;inherit&#8221; column_padding_position=&#8221;all&#8221; column_element_spacing=&#8221;default&#8221; background_color_opacity=&#8221;1&#8243; background_hover_color_opacity=&#8221;1&#8243; column_shadow=&#8221;none&#8221;...","og_url":"https:\/\/planasa.com\/it\/legal-notice\/","og_site_name":"Planasa","article_modified_time":"2024-03-01T09:51:10+00:00","twitter_card":"summary_large_image","twitter_misc":{"Tempo di lettura stimato":"5 minuti"},"schema":{"@context":"https:\/\/schema.org","@graph":[{"@type":"WebPage","@id":"https:\/\/planasa.com\/it\/legal-notice\/","url":"https:\/\/planasa.com\/it\/legal-notice\/","name":"LEGAL NOTICE - Planasa","isPartOf":{"@id":"https:\/\/planasa.com\/it\/#website"},"datePublished":"2022-02-08T18:50:18+00:00","dateModified":"2024-03-01T09:51:10+00:00","breadcrumb":{"@id":"https:\/\/planasa.com\/it\/legal-notice\/#breadcrumb"},"inLanguage":"it-IT","potentialAction":[{"@type":"ReadAction","target":["https:\/\/planasa.com\/it\/legal-notice\/"]}]},{"@type":"BreadcrumbList","@id":"https:\/\/planasa.com\/it\/legal-notice\/#breadcrumb","itemListElement":[{"@type":"ListItem","position":1,"name":"Portada","item":"https:\/\/planasa.com\/it\/"},{"@type":"ListItem","position":2,"name":"LEGAL NOTICE"}]},{"@type":"WebSite","@id":"https:\/\/planasa.com\/it\/#website","url":"https:\/\/planasa.com\/it\/","name":"Planasa","description":"Innovation in plant varieties","potentialAction":[{"@type":"SearchAction","target":{"@type":"EntryPoint","urlTemplate":"https:\/\/planasa.com\/it\/?s={search_term_string}"},"query-input":{"@type":"PropertyValueSpecification","valueRequired":true,"valueName":"search_term_string"}}],"inLanguage":"it-IT"}]}},"_links":{"self":[{"href":"https:\/\/planasa.com\/it\/wp-json\/wp\/v2\/pages\/3551","targetHints":{"allow":["GET"]}}],"collection":[{"href":"https:\/\/planasa.com\/it\/wp-json\/wp\/v2\/pages"}],"about":[{"href":"https:\/\/planasa.com\/it\/wp-json\/wp\/v2\/types\/page"}],"author":[{"embeddable":true,"href":"https:\/\/planasa.com\/it\/wp-json\/wp\/v2\/users\/1"}],"replies":[{"embeddable":true,"href":"https:\/\/planasa.com\/it\/wp-json\/wp\/v2\/comments?post=3551"}],"version-history":[{"count":0,"href":"https:\/\/planasa.com\/it\/wp-json\/wp\/v2\/pages\/3551\/revisions"}],"wp:attachment":[{"href":"https:\/\/planasa.com\/it\/wp-json\/wp\/v2\/media?parent=3551"}],"curies":[{"name":"wp","href":"https:\/\/api.w.org\/{rel}","templated":true}]}}