
{"id":18162,"date":"2023-10-02T06:26:19","date_gmt":"2023-10-02T06:26:19","guid":{"rendered":"http:\/\/localhost\/planasa.com\/variety\/pink-hudson\/"},"modified":"2024-12-17T08:45:05","modified_gmt":"2023-10-02T16:09:26","slug":"pink-hudson","status":"publish","type":"product","link":"https:\/\/planasa.com\/it\/varieta\/pink-hudson\/","title":{"rendered":"Pink Hudson"},"content":{"rendered":"","protected":false},"excerpt":{"rendered":"","protected":false},"featured_media":29511,"comment_status":"closed","ping_status":"closed","template":"","meta":[],"product_brand":[],"product_cat":[],"product_tag":[],"class_list":{"0":"post-18162","1":"product","2":"type-product","3":"status-publish","4":"has-post-thumbnail","6":"first","7":"instock","8":"shipping-taxable","9":"product-type-simple"},"yoast_head":"<!-- This site is optimized with the Yoast SEO plugin v27.4 - https:\/\/yoast.com\/product\/yoast-seo-wordpress\/ -->\n<title>Planasa - lampone - pink hudson<\/title>\n<meta name=\"description\" content=\"Pink Hudson\u00ae \u00e8 una variet\u00e0 di lampone con una buona resa di frutti di altissima qualit\u00e0. Consente una produzione in due raccolti.\" \/>\n<meta name=\"robots\" content=\"index, follow, max-snippet:-1, max-image-preview:large, max-video-preview:-1\" \/>\n<link rel=\"canonical\" href=\"https:\/\/planasa.com\/it\/varieta\/pink-hudson\/\" \/>\n<meta property=\"og:locale\" content=\"it_IT\" \/>\n<meta property=\"og:type\" content=\"article\" \/>\n<meta property=\"og:title\" content=\"Planasa - lampone - pink hudson\" \/>\n<meta property=\"og:description\" content=\"Pink Hudson\u00ae \u00e8 una variet\u00e0 di lampone con una buona resa di frutti di altissima qualit\u00e0. Consente una produzione in due raccolti.\" \/>\n<meta property=\"og:url\" content=\"https:\/\/planasa.com\/it\/varieta\/pink-hudson\/\" \/>\n<meta property=\"og:site_name\" content=\"Planasa\" \/>\n<meta property=\"article:modified_time\" content=\"2023-10-02T16:09:26+00:00\" \/>\n<meta property=\"og:image\" content=\"https:\/\/planasa.com\/wp-content\/uploads\/\/2024\/08\/FRAMBUESA_14103_002.jpg\" \/>\n\t<meta property=\"og:image:width\" content=\"1920\" \/>\n\t<meta property=\"og:image:height\" content=\"1280\" \/>\n\t<meta property=\"og:image:type\" content=\"image\/jpeg\" \/>\n<meta name=\"twitter:card\" content=\"summary_large_image\" \/>\n<script type=\"application\/ld+json\" class=\"yoast-schema-graph\">{\"@context\":\"https:\\\/\\\/schema.org\",\"@graph\":[{\"@type\":\"WebPage\",\"@id\":\"https:\\\/\\\/planasa.com\\\/it\\\/varieta\\\/pink-hudson\\\/\",\"url\":\"https:\\\/\\\/planasa.com\\\/it\\\/varieta\\\/pink-hudson\\\/\",\"name\":\"Planasa - lampone - pink hudson\",\"isPartOf\":{\"@id\":\"https:\\\/\\\/planasa.com\\\/it\\\/#website\"},\"primaryImageOfPage\":{\"@id\":\"https:\\\/\\\/planasa.com\\\/it\\\/varieta\\\/pink-hudson\\\/#primaryimage\"},\"image\":{\"@id\":\"https:\\\/\\\/planasa.com\\\/it\\\/varieta\\\/pink-hudson\\\/#primaryimage\"},\"thumbnailUrl\":\"https:\\\/\\\/planasa.com\\\/wp-content\\\/uploads\\\/\\\/2024\\\/08\\\/FRAMBUESA_14103_002.jpg\",\"datePublished\":\"2023-10-02T06:26:19+00:00\",\"dateModified\":\"2023-10-02T16:09:26+00:00\",\"description\":\"Pink Hudson\u00ae \u00e8 una variet\u00e0 di lampone con una buona resa di frutti di altissima qualit\u00e0. Consente una produzione in due raccolti.\",\"breadcrumb\":{\"@id\":\"https:\\\/\\\/planasa.com\\\/it\\\/varieta\\\/pink-hudson\\\/#breadcrumb\"},\"inLanguage\":\"it-IT\",\"potentialAction\":[{\"@type\":\"ReadAction\",\"target\":[\"https:\\\/\\\/planasa.com\\\/it\\\/varieta\\\/pink-hudson\\\/\"]}]},{\"@type\":\"ImageObject\",\"inLanguage\":\"it-IT\",\"@id\":\"https:\\\/\\\/planasa.com\\\/it\\\/varieta\\\/pink-hudson\\\/#primaryimage\",\"url\":\"https:\\\/\\\/planasa.com\\\/wp-content\\\/uploads\\\/\\\/2024\\\/08\\\/FRAMBUESA_14103_002.jpg\",\"contentUrl\":\"https:\\\/\\\/planasa.com\\\/wp-content\\\/uploads\\\/\\\/2024\\\/08\\\/FRAMBUESA_14103_002.jpg\",\"width\":1920,\"height\":1280},{\"@type\":\"BreadcrumbList\",\"@id\":\"https:\\\/\\\/planasa.com\\\/it\\\/varieta\\\/pink-hudson\\\/#breadcrumb\",\"itemListElement\":[{\"@type\":\"ListItem\",\"position\":1,\"name\":\"Portada\",\"item\":\"https:\\\/\\\/planasa.com\\\/it\\\/\"},{\"@type\":\"ListItem\",\"position\":2,\"name\":\"Negozio\",\"item\":\"https:\\\/\\\/planasa.com\\\/tienda\\\/\"},{\"@type\":\"ListItem\",\"position\":3,\"name\":\"Pink Hudson\"}]},{\"@type\":\"WebSite\",\"@id\":\"https:\\\/\\\/planasa.com\\\/it\\\/#website\",\"url\":\"https:\\\/\\\/planasa.com\\\/it\\\/\",\"name\":\"Planasa\",\"description\":\"Innovation in plant varieties\",\"potentialAction\":[{\"@type\":\"SearchAction\",\"target\":{\"@type\":\"EntryPoint\",\"urlTemplate\":\"https:\\\/\\\/planasa.com\\\/it\\\/?s={search_term_string}\"},\"query-input\":{\"@type\":\"PropertyValueSpecification\",\"valueRequired\":true,\"valueName\":\"search_term_string\"}}],\"inLanguage\":\"it-IT\"}]}<\/script>\n<!-- \/ Yoast SEO plugin. -->","yoast_head_json":{"title":"Planasa - lampone - pink hudson","description":"Pink Hudson\u00ae \u00e8 una variet\u00e0 di lampone con una buona resa di frutti di altissima qualit\u00e0. Consente una produzione in due raccolti.","robots":{"index":"index","follow":"follow","max-snippet":"max-snippet:-1","max-image-preview":"max-image-preview:large","max-video-preview":"max-video-preview:-1"},"canonical":"https:\/\/planasa.com\/it\/varieta\/pink-hudson\/","og_locale":"it_IT","og_type":"article","og_title":"Planasa - lampone - pink hudson","og_description":"Pink Hudson\u00ae \u00e8 una variet\u00e0 di lampone con una buona resa di frutti di altissima qualit\u00e0. Consente una produzione in due raccolti.","og_url":"https:\/\/planasa.com\/it\/varieta\/pink-hudson\/","og_site_name":"Planasa","article_modified_time":"2023-10-02T16:09:26+00:00","og_image":[{"width":1920,"height":1280,"url":"https:\/\/planasa.com\/wp-content\/uploads\/\/2024\/08\/FRAMBUESA_14103_002.jpg","type":"image\/jpeg"}],"twitter_card":"summary_large_image","schema":{"@context":"https:\/\/schema.org","@graph":[{"@type":"WebPage","@id":"https:\/\/planasa.com\/it\/varieta\/pink-hudson\/","url":"https:\/\/planasa.com\/it\/varieta\/pink-hudson\/","name":"Planasa - lampone - pink hudson","isPartOf":{"@id":"https:\/\/planasa.com\/it\/#website"},"primaryImageOfPage":{"@id":"https:\/\/planasa.com\/it\/varieta\/pink-hudson\/#primaryimage"},"image":{"@id":"https:\/\/planasa.com\/it\/varieta\/pink-hudson\/#primaryimage"},"thumbnailUrl":"https:\/\/planasa.com\/wp-content\/uploads\/\/2024\/08\/FRAMBUESA_14103_002.jpg","datePublished":"2023-10-02T06:26:19+00:00","dateModified":"2023-10-02T16:09:26+00:00","description":"Pink Hudson\u00ae \u00e8 una variet\u00e0 di lampone con una buona resa di frutti di altissima qualit\u00e0. Consente una produzione in due raccolti.","breadcrumb":{"@id":"https:\/\/planasa.com\/it\/varieta\/pink-hudson\/#breadcrumb"},"inLanguage":"it-IT","potentialAction":[{"@type":"ReadAction","target":["https:\/\/planasa.com\/it\/varieta\/pink-hudson\/"]}]},{"@type":"ImageObject","inLanguage":"it-IT","@id":"https:\/\/planasa.com\/it\/varieta\/pink-hudson\/#primaryimage","url":"https:\/\/planasa.com\/wp-content\/uploads\/\/2024\/08\/FRAMBUESA_14103_002.jpg","contentUrl":"https:\/\/planasa.com\/wp-content\/uploads\/\/2024\/08\/FRAMBUESA_14103_002.jpg","width":1920,"height":1280},{"@type":"BreadcrumbList","@id":"https:\/\/planasa.com\/it\/varieta\/pink-hudson\/#breadcrumb","itemListElement":[{"@type":"ListItem","position":1,"name":"Portada","item":"https:\/\/planasa.com\/it\/"},{"@type":"ListItem","position":2,"name":"Negozio","item":"https:\/\/planasa.com\/tienda\/"},{"@type":"ListItem","position":3,"name":"Pink Hudson"}]},{"@type":"WebSite","@id":"https:\/\/planasa.com\/it\/#website","url":"https:\/\/planasa.com\/it\/","name":"Planasa","description":"Innovation in plant varieties","potentialAction":[{"@type":"SearchAction","target":{"@type":"EntryPoint","urlTemplate":"https:\/\/planasa.com\/it\/?s={search_term_string}"},"query-input":{"@type":"PropertyValueSpecification","valueRequired":true,"valueName":"search_term_string"}}],"inLanguage":"it-IT"}]}},"_links":{"self":[{"href":"https:\/\/planasa.com\/it\/wp-json\/wp\/v2\/product\/18162","targetHints":{"allow":["GET"]}}],"collection":[{"href":"https:\/\/planasa.com\/it\/wp-json\/wp\/v2\/product"}],"about":[{"href":"https:\/\/planasa.com\/it\/wp-json\/wp\/v2\/types\/product"}],"replies":[{"embeddable":true,"href":"https:\/\/planasa.com\/it\/wp-json\/wp\/v2\/comments?post=18162"}],"wp:featuredmedia":[{"embeddable":true,"href":"https:\/\/planasa.com\/it\/wp-json\/wp\/v2\/media\/29511"}],"wp:attachment":[{"href":"https:\/\/planasa.com\/it\/wp-json\/wp\/v2\/media?parent=18162"}],"wp:term":[{"taxonomy":"product_brand","embeddable":true,"href":"https:\/\/planasa.com\/it\/wp-json\/wp\/v2\/product_brand?post=18162"},{"taxonomy":"product_cat","embeddable":true,"href":"https:\/\/planasa.com\/it\/wp-json\/wp\/v2\/product_cat?post=18162"},{"taxonomy":"product_tag","embeddable":true,"href":"https:\/\/planasa.com\/it\/wp-json\/wp\/v2\/product_tag?post=18162"}],"curies":[{"name":"wp","href":"https:\/\/api.w.org\/{rel}","templated":true}]}}