
{"id":16449,"date":"2022-02-08T18:50:55","date_gmt":"2022-02-08T18:50:55","guid":{"rendered":"http:\/\/localhost\/planasa.com\/privacy-policy\/"},"modified":"2023-07-21T12:10:29","modified_gmt":"2023-07-21T12:10:29","slug":"privacy-policy","status":"publish","type":"page","link":"https:\/\/planasa.com\/pe\/privacy-policy\/","title":{"rendered":"POL\u00cdTICA DE PRIVACIDAD"},"content":{"rendered":"[vc_row type=\u00bbin_container\u00bb full_screen_row_position=\u00bbmiddle\u00bb column_margin=\u00bbdefault\u00bb column_direction=\u00bbdefault\u00bb column_direction_tablet=\u00bbdefault\u00bb column_direction_phone=\u00bbdefault\u00bb scene_position=\u00bbcenter\u00bb text_color=\u00bbdark\u00bb text_align=\u00bbleft\u00bb row_border_radius=\u00bbnone\u00bb row_border_radius_applies=\u00bbbg\u00bb overflow=\u00bbvisible\u00bb class=\u00bblegal-pages\u00bb id=\u00bblegal\u00bb advanced_gradient_angle=\u00bb0&#8243; overlay_strength=\u00bb0.3&#8243; gradient_direction=\u00bbleft_to_right\u00bb shape_divider_position=\u00bbbottom\u00bb bg_image_animation=\u00bbnone\u00bb gradient_type=\u00bbdefault\u00bb shape_type=\u00bb\u00bb][vc_column column_padding=\u00bbno-extra-padding\u00bb column_padding_tablet=\u00bbinherit\u00bb column_padding_phone=\u00bbinherit\u00bb column_padding_position=\u00bball\u00bb column_element_spacing=\u00bbdefault\u00bb background_color_opacity=\u00bb1&#8243; background_hover_color_opacity=\u00bb1&#8243; column_shadow=\u00bbnone\u00bb column_border_radius=\u00bbnone\u00bb column_link_target=\u00bb_self\u00bb column_position=\u00bbdefault\u00bb gradient_direction=\u00bbleft_to_right\u00bb overlay_strength=\u00bb0.3&#8243; width=\u00bb1\/1&#8243; tablet_width_inherit=\u00bbdefault\u00bb tablet_text_alignment=\u00bbdefault\u00bb phone_text_alignment=\u00bbdefault\u00bb animation_type=\u00bbdefault\u00bb bg_image_animation=\u00bbnone\u00bb border_type=\u00bbsimple\u00bb column_border_width=\u00bbnone\u00bb column_border_style=\u00bbsolid\u00bb][vc_column_text]\n<h1>POL\u00cdTICA DE PRIVACIDAD<\/h1>\n<p>Ciertos datos de navegaci\u00f3n referentes a la direcci\u00f3n IP de cada usuario se almacenan diariamente en los archivos de log de nuestros servidores. En concreto, la propia direcci\u00f3n IP, el navegador utilizado, la definici\u00f3n de pantalla, idioma, el sistema operativo y la p\u00e1gina referente (incluyendo cualesquiera criterios que hayan sido introducidos en una herramienta de b\u00fasqueda), que permiten analizar tendencias, administrar v\u00ednculos y contenidos en el sitio y recoger informaci\u00f3n estad\u00edstica acerca de la audiencia. El usuario permanece an\u00f3nimo durante el proceso y no se hace esfuerzo alguno por asociar la direcci\u00f3n IP con los datos personales del usuario.<\/p>\n<p>En este sentido, la simple navegaci\u00f3n por la Web (salvo para usuarios registrados) es an\u00f3nima, sin que se haga ning\u00fan esfuerzo en identificar a los visitantes que acceden a la misma. En todo caso, si facilita cualquier dato personal a trav\u00e9s de la misma, por tel\u00e9fono o por correo electr\u00f3nico, le informamos que trataremos los mismos de acuerdo con la normativa espa\u00f1ola vigente en materia de protecci\u00f3n de datos de car\u00e1cter personal, y en particular con arreglo al Reglamento (UE) 2016\/679, del Parlamento Europeo y del Consejo, de 27 de abril de 2016, relativo a la protecci\u00f3n de las personas f\u00edsicas en lo que respecta al tratamiento de datos personales y a la libre circulaci\u00f3n de estos datos y por el que se deroga la Directiva 95\/46\/CE (Reglamento general de protecci\u00f3n de datos).<\/p>\n<h2>Informaci\u00f3n acerca de la recogida, tratamiento y conservaci\u00f3n de sus datos<\/h2>\n<p>Los datos que proporcione a Plantas de Navarra, S.A. (PLANASA) ser\u00e1n incorporados a nuestras bases de datos, y sobre los mismos se aplicar\u00e1n medidas de seguridad adecuadas y suficientes para garantizar su confidencialidad y secreto, evitar su alteraci\u00f3n o p\u00e9rdida, as\u00ed como el acceso por parte de personas no autorizadas.<\/p>\n<p>Todos los datos proporcionados a trav\u00e9s del sitio Web se utilizar\u00e1n para el an\u00e1lisis de las visitas, tr\u00e1fico y navegaci\u00f3n por la Web, y gestionar los contactos, solicitudes e informaci\u00f3n a trav\u00e9s de nuestro Equipo Comercial. Sus datos no ser\u00e1n comunicados ni cedidos a terceros, salvo en los casos legalmente previstos.<\/p>\n<p>Adicionalmente, en caso de que est\u00e9 interesado en trabajar con nosotros y nos remita su curriculum vitae o se inscriba en nuestra base de datos de empleo a trav\u00e9s de nuestra secci\u00f3n de Empleo, le informamos que sus datos se incorporar\u00e1n a nuestros ficheros y se utilizar\u00e1n para procesos de selecci\u00f3n actuales o futuros. Dichos datos podr\u00e1n ser cedidos a empresas del grupo (consulte Qui\u00e9nes somos para m\u00e1s informaci\u00f3n) siempre con su consentimiento previo, y para los mismos fines.<\/p>\n<p>Mediante el env\u00edo de la informaci\u00f3n anterior, el usuario autoriza expresamente a PLANASA al tratamiento de los datos para los fines indicados, siendo \u00e9sta la base jur\u00eddica del tratamiento.<\/p>\n<p>Los datos anteriores ser\u00e1n conservados hasta que las gestiones correspondientes hayan sido finalizadas o, en todo caso, en el plazo m\u00e1ximo de tres meses, salvo los datos referidos a cookies que se conservar\u00e1n seg\u00fan se indica en la Pol\u00edtica de Cookies. En caso de datos recibidos a trav\u00e9s del apartado de Empleo, se mantendr\u00e1n hasta que el proceso de selecci\u00f3n al que se ha inscrito espec\u00edficamente haya finalizado, o bien indefinidamente si no ha manifestado un inter\u00e9s en un puesto concreto. Todo ello sin perjuicio del ejercicio de los derechos que le asisten en materia de protecci\u00f3n de datos seg\u00fan se indica seguidamente.<\/p>\n<h2>Derechos de los afectados<\/h2>\n<p>Los usuarios podr\u00e1n solicitar a PLANASA, a las direcciones indicadas en este Aviso Legal y por escrito, el acceso a los datos personales relativos al interesado, su rectificaci\u00f3n o supresi\u00f3n, as\u00ed como ejercer los derechos de limitaci\u00f3n de su tratamiento, oposici\u00f3n y portabilidad de los datos con arreglo a la normativa correspondiente. En caso de que hubiera alguna duda respecto a su identidad, deber\u00e1 proporcionarnos documentaci\u00f3n suficiente que acredite la misma.<\/p>\n<p>Igualmente, le informamos de la posibilidad de presentar una reclamaci\u00f3n ante la Agencia Espa\u00f1ola de Protecci\u00f3n de Datos en caso de que considere que el tratamiento de sus datos no sea el adecuado.[\/vc_column_text][\/vc_column][\/vc_row][vc_row type=\u00bbfull_width_background\u00bb full_screen_row_position=\u00bbmiddle\u00bb column_margin=\u00bbnone\u00bb column_direction=\u00bbdefault\u00bb column_direction_tablet=\u00bbdefault\u00bb column_direction_phone=\u00bbdefault\u00bb bg_image=\u00bb848&#8243; bg_image_tablet=\u00bb980&#8243; bg_image_phone=\u00bb980&#8243; bg_position=\u00bbcenter center\u00bb background_image_loading=\u00bbdefault\u00bb bg_repeat=\u00bbno-repeat\u00bb scene_position=\u00bbcenter\u00bb top_padding=\u00bb250&#8243; bottom_padding=\u00bb40&#8243; top_margin=\u00bb-50&#8243; text_color=\u00bbdark\u00bb text_align=\u00bbleft\u00bb row_border_radius=\u00bbnone\u00bb row_border_radius_applies=\u00bbbg\u00bb overflow=\u00bbvisible\u00bb id=\u00bbRow_form\u00bb advanced_gradient_angle=\u00bb0&#8243; overlay_strength=\u00bb0.3&#8243; gradient_direction=\u00bbleft_to_right\u00bb shape_divider_position=\u00bbbottom\u00bb bg_image_animation=\u00bbnone\u00bb gradient_type=\u00bbdefault\u00bb shape_type=\u00bb\u00bb][vc_column column_padding=\u00bbno-extra-padding\u00bb column_padding_tablet=\u00bbinherit\u00bb column_padding_phone=\u00bbinherit\u00bb column_padding_position=\u00bball\u00bb column_element_spacing=\u00bbdefault\u00bb background_color_opacity=\u00bb1&#8243; background_hover_color_opacity=\u00bb1&#8243; column_shadow=\u00bbnone\u00bb column_border_radius=\u00bbnone\u00bb column_link_target=\u00bb_self\u00bb column_position=\u00bbdefault\u00bb gradient_direction=\u00bbleft_to_right\u00bb overlay_strength=\u00bb0.3&#8243; width=\u00bb1\/1&#8243; tablet_width_inherit=\u00bbdefault\u00bb tablet_text_alignment=\u00bbdefault\u00bb phone_text_alignment=\u00bbdefault\u00bb animation_type=\u00bbdefault\u00bb bg_image_animation=\u00bbnone\u00bb border_type=\u00bbsimple\u00bb column_border_width=\u00bbnone\u00bb column_border_style=\u00bbsolid\u00bb][vc_column_text]\n<p style=\"text-align: center;\"><link rel='stylesheet' id='formidable-css' href='https:\/\/planasa.com\/wp-content\/plugins\/formidable\/css\/formidableforms.css?ver=4201321' type='text\/css' media='all' \/>\n<div class=\"frm_forms  with_frm_style frm_style_estilos-formidable\" id=\"frm_form_49_container\" data-token=\"98427fc8d7cd568946bcc0e3f7b3f75b\">\n<form enctype=\"multipart\/form-data\" method=\"post\" class=\"frm-show-form  frm_ajax_submit  frm_pro_form \" id=\"form_contactuslegalpe\" data-token=\"98427fc8d7cd568946bcc0e3f7b3f75b\">\n<div class=\"frm_form_fields \">\n<fieldset>\n<legend class=\"frm_screen_reader\">Contact Us Legal PE<\/legend>\r\n\r\n<div class=\"frm_fields_container\">\n<input type=\"hidden\" name=\"frm_action\" value=\"create\" \/>\n<input type=\"hidden\" name=\"form_id\" value=\"49\" \/>\n<input type=\"hidden\" name=\"frm_hide_fields_49\" id=\"frm_hide_fields_49\" value=\"\" \/>\n<input type=\"hidden\" name=\"form_key\" value=\"contactuslegalpe\" \/>\n<input type=\"hidden\" name=\"item_meta[0]\" value=\"\" \/>\n<input type=\"hidden\" id=\"frm_submit_entry_49\" name=\"frm_submit_entry_49\" value=\"db4b8d477a\" \/><input type=\"hidden\" name=\"_wp_http_referer\" value=\"\/pe\/wp-json\/wp\/v2\/pages\/16449\" \/><div id=\"frm_field_355_container\" class=\"frm_form_field  frm_html_container form-field\">\n<p id=\"H3_Size_rp\">CONTACT US<\/p>\n<\/div>\n<div id=\"frm_field_356_container\" class=\"frm_form_field form-field  frm_required_field frm_none_container frm4 frm_first\">\r\n    <label for=\"field_22givc23ddfc183\" id=\"field_22givc23ddfc183_label\" class=\"frm_primary_label\">Nombre\r\n        <span class=\"frm_required\">*<\/span>\r\n    <\/label>\r\n    <input  type=\"text\" id=\"field_22givc23ddfc183\" name=\"item_meta[356]\" value=\"\"  maxlength=\"80\" placeholder=\"Nombre*\" data-reqmsg=\"Por favor introduzca un nombre v\u00e1lido\" aria-required=\"true\" data-invmsg=\"Text is invalid\" aria-invalid=\"false\"   \/>\r\n    \r\n    \r\n<\/div>\n<div id=\"frm_field_357_container\" class=\"frm_form_field form-field  frm_required_field frm_none_container frm4\">\r\n    <label for=\"field_29yf4db41cbd1b047a175fa94e2\" id=\"field_29yf4db41cbd1b047a175fa94e2_label\" class=\"frm_primary_label\">Correo electr\u00f3nico \r\n        <span class=\"frm_required\">*<\/span>\r\n    <\/label>\r\n    <input type=\"email\" id=\"field_29yf4db41cbd1b047a175fa94e2\" name=\"item_meta[357]\" value=\"\"  maxlength=\"90\" placeholder=\"Correo electr\u00f3nico*\" data-reqmsg=\"Por favor rellene este campo\" aria-required=\"true\" data-invmsg=\"Por favor introduzca un correo electr\u00f3nico v\u00e1lido\" aria-invalid=\"false\"  \/>\r\n    \r\n    \r\n<\/div>\n<div id=\"frm_field_358_container\" class=\"frm_form_field form-field  frm_none_container frm4\">\r\n    <label for=\"field_zks671f4f901f0d63093544592\" id=\"field_zks671f4f901f0d63093544592_label\" class=\"frm_primary_label\">Mensaje\r\n        <span class=\"frm_required\"><\/span>\r\n    <\/label>\r\n    <input type=\"tel\" id=\"field_zks671f4f901f0d63093544592\" name=\"item_meta[358]\" value=\"\"  maxlength=\"80\" placeholder=\"Mensaje*\" data-invmsg=\"Por favor rellene este campo\" aria-invalid=\"false\" pattern=\"((\\+\\d{1,3}(-|.| )?\\(?\\d\\)?(-| |.)?\\d{1,5})|(\\(?\\d{2,6}\\)?))(-|.| )?(\\d{3,4})(-|.| )?(\\d{4})(( x| ext)\\d{1,5}){0,1}$\"  \/>\r\n    \r\n    \r\n<\/div>\n<div id=\"frm_field_359_container\" class=\"frm_form_field form-field  frm_required_field frm_none_container frm12 frm_first vertical_radio\">\r\n    <div  id=\"field_ucyn520cc685e3fac5edaf5e2_label\" class=\"frm_primary_label\">Casillas de verificaci\u00f3n\r\n        <span class=\"frm_required\">*<\/span>\r\n    <\/div>\r\n    <div class=\"frm_opt_container\" aria-labelledby=\"field_ucyn520cc685e3fac5edaf5e2_label\" role=\"group\">\t\t<div class=\"frm_checkbox\" id=\"frm_checkbox_359-0\">\t\t\t<label  for=\"field_ucyn520cc685e3fac5edaf5e2-0\">\n\t\t\t<input type=\"checkbox\" name=\"item_meta[359][]\" id=\"field_ucyn520cc685e3fac5edaf5e2-0\" value=\"He le\u00eddo y acepto los &lt;a href=&quot;\/pe\/legal-notice\/&quot;&gt;T\u00e9rminos de Uso&lt;\/a&gt; y la &lt;a href=&quot;\/pe\/privacy-policy\/&quot;&gt;Pol\u00edtica de Privacidad&lt;\/a&gt;.\"  data-reqmsg=\"Por favor lea y acepte los T\u00e9rminos de uso y la Pol\u00edtica de privacidad\" data-invmsg=\"Casillas de verificaci\u00f3n is invalid\"   aria-required=\"true\"  \/> He le\u00eddo y acepto los <a href=\"\/pe\/legal-notice\/\">T\u00e9rminos de Uso<\/a> y la <a href=\"\/pe\/privacy-policy\/\">Pol\u00edtica de Privacidad<\/a>.<\/label><\/div>\n<\/div>\r\n    \r\n    \r\n<\/div>\n<div id=\"frm_field_360_container\" class=\"frm_form_field form-field  frm_required_field frm_none_container frm12 frm_first vertical_radio\">\r\n    <div  id=\"field_gm5f9d0421ea199cdfa842a372_label\" class=\"frm_primary_label\">Casillas de verificaci\u00f3n\r\n        <span class=\"frm_required\">*<\/span>\r\n    <\/div>\r\n    <div class=\"frm_opt_container\" aria-labelledby=\"field_gm5f9d0421ea199cdfa842a372_label\" role=\"group\">\t\t<div class=\"frm_checkbox\" id=\"frm_checkbox_360-0\">\t\t\t<label  for=\"field_gm5f9d0421ea199cdfa842a372-0\">\n\t\t\t<input type=\"checkbox\" name=\"item_meta[360][]\" id=\"field_gm5f9d0421ea199cdfa842a372-0\" value=\"He le\u00eddo y acepto la siguiente informaci\u00f3n sobre protecci\u00f3n de datos: Plantas de Navarra SA (Planasa), como responsable del tratamiento, le informa que sus datos son recabados con la finalidad de gestionar las comunicaciones internas o externas de la empresa, as\u00ed como como para dar respuesta a consultas o solicitudes obtenidas a trav\u00e9s de los formularios de la p\u00e1gina web. La base legal para el tratamiento de sus datos es el consentimiento del interesado al contactar con nuestra organizaci\u00f3n. Sus datos no ser\u00e1n cedidos a terceros salvo obligaci\u00f3n legal. Cualquier persona tiene derecho a solicitar el acceso, la rectificaci\u00f3n, la supresi\u00f3n, la limitaci\u00f3n del tratamiento, la oposici\u00f3n o el derecho a la portabilidad de sus datos personales, dirigi\u00e9ndose por escrito a nuestra direcci\u00f3n f\u00edsica indicada en la web, o enviando un correo electr\u00f3nico a planasa@planasa.com, indicando el derecho que desea ejercer. Puede obtener informaci\u00f3n adicional en nuestro aviso legal.\"  data-reqmsg=\"Por favor lea y acepte los T\u00e9rminos de uso y la Pol\u00edtica de privacidad\" data-invmsg=\"Casillas de verificaci\u00f3n is invalid\"   aria-required=\"true\"  \/> He le\u00eddo y acepto la siguiente informaci\u00f3n sobre protecci\u00f3n de datos: Plantas de Navarra SA (Planasa), como responsable del tratamiento, le informa que sus datos son recabados con la finalidad de gestionar las comunicaciones internas o externas de la empresa, as\u00ed como como para dar respuesta a consultas o solicitudes obtenidas a trav\u00e9s de los formularios de la p\u00e1gina web. La base legal para el tratamiento de sus datos es el consentimiento del interesado al contactar con nuestra organizaci\u00f3n. Sus datos no ser\u00e1n cedidos a terceros salvo obligaci\u00f3n legal. Cualquier persona tiene derecho a solicitar el acceso, la rectificaci\u00f3n, la supresi\u00f3n, la limitaci\u00f3n del tratamiento, la oposici\u00f3n o el derecho a la portabilidad de sus datos personales, dirigi\u00e9ndose por escrito a nuestra direcci\u00f3n f\u00edsica indicada en la web, o enviando un correo electr\u00f3nico a planasa@planasa.com, indicando el derecho que desea ejercer. Puede obtener informaci\u00f3n adicional en nuestro aviso legal.<\/label><\/div>\n<\/div>\r\n    \r\n    \r\n<\/div>\n<div id=\"frm_field_361_container\" class=\"frm_form_field form-field  frm_none_container\">\r\n    <label for=\"g-recaptcha-response\" id=\"field_3p63b2_label\" class=\"frm_primary_label\">\r\n        <span class=\"frm_required\" aria-hidden=\"true\"><\/span>\r\n    <\/label>\r\n    <div  id=\"field_3p63b2\" class=\"frm-g-recaptcha\" data-sitekey=\"6LcmE6wfAAAAABxULXLHqoQVCRdvZtwnOuYGZkS0\" data-size=\"invisible\" data-theme=\"light\"><\/div>\r\n    \r\n    \r\n<\/div>\n\t<input type=\"hidden\" name=\"item_key\" value=\"\" \/>\n\t\t\t<div id=\"frm_field_390_container\">\n\t\t\t<label for=\"field_5sumd\" >\n\t\t\t\tIf you are human, leave this field blank.\t\t\t<\/label>\n\t\t\t<input  id=\"field_5sumd\" type=\"text\" class=\"frm_form_field form-field frm_verify\" name=\"item_meta[390]\" value=\"\"  \/>\n\t\t<\/div>\n\t\t<input name=\"frm_state\" type=\"hidden\" value=\"dQWw6f3rmiszXAgKyUWpYjeNVXewhc5GurofoKNqVrn8LxAQ0Cl134y2OgiKcIol\" \/><div id=\"form_contactuslegal\" class=\"frm_submit\">\r\n\r\n<button class=\"frm_button_submit frm_final_submit\" type=\"submit\"   formnovalidate=\"formnovalidate\">Enviar<\/button>\r\n\r\n<\/div><\/div>\n<\/fieldset>\n<\/div>\n<script type=\"text\/javascript\">var input = document.createElement('input');\n    input.setAttribute('type', 'hidden');\n    input.setAttribute('name', 'ct_checkjs_frm');\n    input.setAttribute('value', 'b5ee4f95aa1e8f3693b9fb925cade2adb24602add1808fb6d8798f0fa2ffbbbd');\n    for (i = 0; i < document.forms.length; i++) {\n        if (typeof document.forms[i].id == 'string'){\n\t\t\tif(document.forms[i].id.search('form_contactuslegalpe') != -1) {\n            document.forms[i].appendChild(input);\n\t\t\t}\n        }\n    }<\/script>\n\n<\/form>\n<\/div>\n\n[\/vc_column_text][\/vc_column][\/vc_row]\n","protected":false},"excerpt":{"rendered":"<p>[vc_row type=\u00bbin_container\u00bb full_screen_row_position=\u00bbmiddle\u00bb column_margin=\u00bbdefault\u00bb column_direction=\u00bbdefault\u00bb column_direction_tablet=\u00bbdefault\u00bb column_direction_phone=\u00bbdefault\u00bb scene_position=\u00bbcenter\u00bb text_color=\u00bbdark\u00bb text_align=\u00bbleft\u00bb row_border_radius=\u00bbnone\u00bb row_border_radius_applies=\u00bbbg\u00bb overflow=\u00bbvisible\u00bb class=\u00bblegal-pages\u00bb id=\u00bblegal\u00bb advanced_gradient_angle=\u00bb0&#8243; overlay_strength=\u00bb0.3&#8243; gradient_direction=\u00bbleft_to_right\u00bb shape_divider_position=\u00bbbottom\u00bb bg_image_animation=\u00bbnone\u00bb gradient_type=\u00bbdefault\u00bb shape_type=\u00bb\u00bb][vc_column column_padding=\u00bbno-extra-padding\u00bb column_padding_tablet=\u00bbinherit\u00bb column_padding_phone=\u00bbinherit\u00bb column_padding_position=\u00bball\u00bb column_element_spacing=\u00bbdefault\u00bb background_color_opacity=\u00bb1&#8243; background_hover_color_opacity=\u00bb1&#8243; column_shadow=\u00bbnone\u00bb&#8230;<\/p>\n","protected":false},"author":1,"featured_media":0,"parent":0,"menu_order":0,"comment_status":"closed","ping_status":"closed","template":"","meta":{"footnotes":""},"class_list":["post-16449","page","type-page","status-publish"],"yoast_head":"<!-- This site is optimized with the Yoast SEO plugin v27.4 - https:\/\/yoast.com\/product\/yoast-seo-wordpress\/ -->\n<title>POL\u00cdTICA DE PRIVACIDAD - Planasa<\/title>\n<meta name=\"robots\" content=\"noindex, nofollow\" \/>\n<meta property=\"og:locale\" content=\"es_ES\" \/>\n<meta property=\"og:type\" content=\"article\" \/>\n<meta property=\"og:title\" content=\"POL\u00cdTICA DE PRIVACIDAD - Planasa\" \/>\n<meta property=\"og:description\" content=\"[vc_row type=\u00bbin_container\u00bb full_screen_row_position=\u00bbmiddle\u00bb column_margin=\u00bbdefault\u00bb column_direction=\u00bbdefault\u00bb column_direction_tablet=\u00bbdefault\u00bb column_direction_phone=\u00bbdefault\u00bb scene_position=\u00bbcenter\u00bb text_color=\u00bbdark\u00bb text_align=\u00bbleft\u00bb row_border_radius=\u00bbnone\u00bb row_border_radius_applies=\u00bbbg\u00bb overflow=\u00bbvisible\u00bb class=\u00bblegal-pages\u00bb id=\u00bblegal\u00bb advanced_gradient_angle=\u00bb0&#8243; overlay_strength=\u00bb0.3&#8243; gradient_direction=\u00bbleft_to_right\u00bb shape_divider_position=\u00bbbottom\u00bb bg_image_animation=\u00bbnone\u00bb gradient_type=\u00bbdefault\u00bb shape_type=\u00bb\u00bb][vc_column column_padding=\u00bbno-extra-padding\u00bb column_padding_tablet=\u00bbinherit\u00bb column_padding_phone=\u00bbinherit\u00bb column_padding_position=\u00bball\u00bb column_element_spacing=\u00bbdefault\u00bb background_color_opacity=\u00bb1&#8243; background_hover_color_opacity=\u00bb1&#8243; column_shadow=\u00bbnone\u00bb...\" \/>\n<meta property=\"og:url\" content=\"https:\/\/planasa.com\/pe\/privacy-policy\/\" \/>\n<meta property=\"og:site_name\" content=\"Planasa\" \/>\n<meta property=\"article:modified_time\" content=\"2023-07-21T12:10:29+00:00\" \/>\n<meta name=\"twitter:card\" content=\"summary_large_image\" \/>\n<meta name=\"twitter:label1\" content=\"Est. reading time\" \/>\n\t<meta name=\"twitter:data1\" content=\"4 minutos\" \/>\n<script type=\"application\/ld+json\" class=\"yoast-schema-graph\">{\"@context\":\"https:\\\/\\\/schema.org\",\"@graph\":[{\"@type\":\"WebPage\",\"@id\":\"https:\\\/\\\/planasa.com\\\/pe\\\/privacy-policy\\\/\",\"url\":\"https:\\\/\\\/planasa.com\\\/pe\\\/privacy-policy\\\/\",\"name\":\"POL\u00cdTICA DE PRIVACIDAD - Planasa\",\"isPartOf\":{\"@id\":\"https:\\\/\\\/planasa.com\\\/pe\\\/#website\"},\"datePublished\":\"2022-02-08T18:50:55+00:00\",\"dateModified\":\"2023-07-21T12:10:29+00:00\",\"breadcrumb\":{\"@id\":\"https:\\\/\\\/planasa.com\\\/pe\\\/privacy-policy\\\/#breadcrumb\"},\"inLanguage\":\"es-PE\",\"potentialAction\":[{\"@type\":\"ReadAction\",\"target\":[\"https:\\\/\\\/planasa.com\\\/pe\\\/privacy-policy\\\/\"]}]},{\"@type\":\"BreadcrumbList\",\"@id\":\"https:\\\/\\\/planasa.com\\\/pe\\\/privacy-policy\\\/#breadcrumb\",\"itemListElement\":[{\"@type\":\"ListItem\",\"position\":1,\"name\":\"Portada\",\"item\":\"https:\\\/\\\/planasa.com\\\/pe\\\/\"},{\"@type\":\"ListItem\",\"position\":2,\"name\":\"POL\u00cdTICA DE PRIVACIDAD\"}]},{\"@type\":\"WebSite\",\"@id\":\"https:\\\/\\\/planasa.com\\\/pe\\\/#website\",\"url\":\"https:\\\/\\\/planasa.com\\\/pe\\\/\",\"name\":\"Planasa\",\"description\":\"Innovation in plant varieties\",\"potentialAction\":[{\"@type\":\"SearchAction\",\"target\":{\"@type\":\"EntryPoint\",\"urlTemplate\":\"https:\\\/\\\/planasa.com\\\/pe\\\/?s={search_term_string}\"},\"query-input\":{\"@type\":\"PropertyValueSpecification\",\"valueRequired\":true,\"valueName\":\"search_term_string\"}}],\"inLanguage\":\"es-PE\"}]}<\/script>\n<!-- \/ Yoast SEO plugin. -->","yoast_head_json":{"title":"POL\u00cdTICA DE PRIVACIDAD - Planasa","robots":{"index":"noindex","follow":"nofollow"},"og_locale":"es_ES","og_type":"article","og_title":"POL\u00cdTICA DE PRIVACIDAD - Planasa","og_description":"[vc_row type=\u00bbin_container\u00bb full_screen_row_position=\u00bbmiddle\u00bb column_margin=\u00bbdefault\u00bb column_direction=\u00bbdefault\u00bb column_direction_tablet=\u00bbdefault\u00bb column_direction_phone=\u00bbdefault\u00bb scene_position=\u00bbcenter\u00bb text_color=\u00bbdark\u00bb text_align=\u00bbleft\u00bb row_border_radius=\u00bbnone\u00bb row_border_radius_applies=\u00bbbg\u00bb overflow=\u00bbvisible\u00bb class=\u00bblegal-pages\u00bb id=\u00bblegal\u00bb advanced_gradient_angle=\u00bb0&#8243; overlay_strength=\u00bb0.3&#8243; gradient_direction=\u00bbleft_to_right\u00bb shape_divider_position=\u00bbbottom\u00bb bg_image_animation=\u00bbnone\u00bb gradient_type=\u00bbdefault\u00bb shape_type=\u00bb\u00bb][vc_column column_padding=\u00bbno-extra-padding\u00bb column_padding_tablet=\u00bbinherit\u00bb column_padding_phone=\u00bbinherit\u00bb column_padding_position=\u00bball\u00bb column_element_spacing=\u00bbdefault\u00bb background_color_opacity=\u00bb1&#8243; background_hover_color_opacity=\u00bb1&#8243; column_shadow=\u00bbnone\u00bb...","og_url":"https:\/\/planasa.com\/pe\/privacy-policy\/","og_site_name":"Planasa","article_modified_time":"2023-07-21T12:10:29+00:00","twitter_card":"summary_large_image","twitter_misc":{"Est. reading time":"4 minutos"},"schema":{"@context":"https:\/\/schema.org","@graph":[{"@type":"WebPage","@id":"https:\/\/planasa.com\/pe\/privacy-policy\/","url":"https:\/\/planasa.com\/pe\/privacy-policy\/","name":"POL\u00cdTICA DE PRIVACIDAD - Planasa","isPartOf":{"@id":"https:\/\/planasa.com\/pe\/#website"},"datePublished":"2022-02-08T18:50:55+00:00","dateModified":"2023-07-21T12:10:29+00:00","breadcrumb":{"@id":"https:\/\/planasa.com\/pe\/privacy-policy\/#breadcrumb"},"inLanguage":"es-PE","potentialAction":[{"@type":"ReadAction","target":["https:\/\/planasa.com\/pe\/privacy-policy\/"]}]},{"@type":"BreadcrumbList","@id":"https:\/\/planasa.com\/pe\/privacy-policy\/#breadcrumb","itemListElement":[{"@type":"ListItem","position":1,"name":"Portada","item":"https:\/\/planasa.com\/pe\/"},{"@type":"ListItem","position":2,"name":"POL\u00cdTICA DE PRIVACIDAD"}]},{"@type":"WebSite","@id":"https:\/\/planasa.com\/pe\/#website","url":"https:\/\/planasa.com\/pe\/","name":"Planasa","description":"Innovation in plant varieties","potentialAction":[{"@type":"SearchAction","target":{"@type":"EntryPoint","urlTemplate":"https:\/\/planasa.com\/pe\/?s={search_term_string}"},"query-input":{"@type":"PropertyValueSpecification","valueRequired":true,"valueName":"search_term_string"}}],"inLanguage":"es-PE"}]}},"_links":{"self":[{"href":"https:\/\/planasa.com\/pe\/wp-json\/wp\/v2\/pages\/16449","targetHints":{"allow":["GET"]}}],"collection":[{"href":"https:\/\/planasa.com\/pe\/wp-json\/wp\/v2\/pages"}],"about":[{"href":"https:\/\/planasa.com\/pe\/wp-json\/wp\/v2\/types\/page"}],"author":[{"embeddable":true,"href":"https:\/\/planasa.com\/pe\/wp-json\/wp\/v2\/users\/1"}],"replies":[{"embeddable":true,"href":"https:\/\/planasa.com\/pe\/wp-json\/wp\/v2\/comments?post=16449"}],"version-history":[{"count":0,"href":"https:\/\/planasa.com\/pe\/wp-json\/wp\/v2\/pages\/16449\/revisions"}],"wp:attachment":[{"href":"https:\/\/planasa.com\/pe\/wp-json\/wp\/v2\/media?parent=16449"}],"curies":[{"name":"wp","href":"https:\/\/api.w.org\/{rel}","templated":true}]}}